{"id":2914,"date":"2014-10-14T09:29:24","date_gmt":"2014-10-14T09:29:24","guid":{"rendered":"https:\/\/themes.themegoods2.com\/altair\/?page_id=2914"},"modified":"2026-01-26T10:07:09","modified_gmt":"2026-01-26T09:07:09","slug":"kontakt","status":"publish","type":"page","link":"https:\/\/www.tanalahorizon.com\/de\/kontakt\/","title":{"rendered":"Kontakt"},"content":{"rendered":"<p><\/p>\n<h4>Frag uns!<\/h4>\n<div style=\"text-align: justify;\">\n<p>Du m\u00f6chtest N\u00e4heres \u00fcber unsere Abenteuerreisen und Erlebnistouren erfahren? Eine Rundreise w\u00fcrde Dir gut gefallen? Oder w\u00fcnschst Du ein individuelles, genau auf Dich zugeschnittenes Angebot f\u00fcr Deine n\u00e4chste Reise? Wir stehen Dir jederzeit f\u00fcr alle Ihre Fragen zu Madagaskar zur Verf\u00fcgung. Nimm einfach Kontakt mit uns auf.<\/p>\n<p>Solltest Du uns \u00fcber das Kontaktformular anschreiben und nicht innerhalb von 24 Stunden Antwort erhalten, schreib uns bitte direkt eine Mail: <a href=\"mailto:info@tanalahorizon.com\">info@tanalahorizon.com<\/a> . Wir als Dein Reiseveranstalter f\u00fcr Reisen nach Madagaskar helfen Dir gerne weiter!<\/p>\n<\/div>\n<p><\/p>","protected":false},"excerpt":{"rendered":"<p>Frag uns! Du m\u00f6chtest N\u00e4heres \u00fcber unsere Abenteuerreisen und Erlebnistouren erfahren? Eine Rundreise w\u00fcrde Dir gut gefallen? Oder w\u00fcnschst Du ein individuelles, genau auf Dich zugeschnittenes Angebot f\u00fcr Deine n\u00e4chste Reise? Wir stehen Dir jederzeit f\u00fcr alle Ihre Fragen zu Madagaskar zur Verf\u00fcgung. Nimm einfach Kontakt [&hellip;]<\/p>\n","protected":false},"author":1,"featured_media":6708,"parent":0,"menu_order":0,"comment_status":"open","ping_status":"open","template":"contact.php","meta":{"_monsterinsights_skip_tracking":false,"_monsterinsights_sitenote_active":false,"_monsterinsights_sitenote_note":"","_monsterinsights_sitenote_category":0,"footnotes":""},"categories":[],"tags":[344,345,262,261,333,343,342,188,190,191,258],"class_list":["post-2914","page","type-page","status-publish","has-post-thumbnail","hentry","tag-buchung","tag-buchung-madagaskarreise","tag-flugbuchung","tag-flugbuchungen","tag-kontakt","tag-reise-buchen","tag-reiseanmeldung","tag-tanala","tag-tanala-horizon","tag-tanalahorizon","tag-tanalahorizon-team"],"yoast_head":"<!-- This site is optimized with the Yoast SEO plugin v26.8 - https:\/\/yoast.com\/product\/yoast-seo-wordpress\/ -->\n<title>Contact - Tanalahorizon - Madagascar travel since 1995<\/title>\n<meta name=\"description\" content=\"We&#039;re always available for all your questions concerning Madagascar and traveling the red island. Just get in touch with us!\" \/>\n<meta name=\"robots\" content=\"index, follow, max-snippet:-1, max-image-preview:large, max-video-preview:-1\" \/>\n<link rel=\"canonical\" href=\"https:\/\/www.tanalahorizon.com\/de\/kontakt\/\" \/>\n<meta property=\"og:locale\" content=\"de_DE\" \/>\n<meta property=\"og:type\" content=\"article\" \/>\n<meta property=\"og:title\" content=\"Contact - Tanalahorizon - Madagascar travel since 1995\" \/>\n<meta property=\"og:description\" content=\"We&#039;re always available for all your questions concerning Madagascar and traveling the red island. Just get in touch with us!\" \/>\n<meta property=\"og:url\" content=\"https:\/\/www.tanalahorizon.com\/de\/kontakt\/\" \/>\n<meta property=\"og:site_name\" content=\"TANALAHORIZON - Madagaskar-Reisen und Fotoreisen seit 1995\" \/>\n<meta property=\"article:publisher\" content=\"https:\/\/www.facebook.com\/TANALAHORIZON\" \/>\n<meta property=\"article:modified_time\" content=\"2026-01-26T09:07:09+00:00\" \/>\n<meta property=\"og:image\" content=\"https:\/\/www.tanalahorizon.com\/wp-content\/uploads\/2018\/05\/TH_Isalo1.jpg\" \/>\n\t<meta property=\"og:image:width\" content=\"2000\" \/>\n\t<meta property=\"og:image:height\" content=\"727\" \/>\n\t<meta property=\"og:image:type\" content=\"image\/jpeg\" \/>\n<meta name=\"twitter:card\" content=\"summary_large_image\" \/>\n<meta name=\"twitter:site\" content=\"@tanalahorizon\" \/>\n<meta name=\"twitter:label1\" content=\"Gesch\u00e4tzte Lesezeit\" \/>\n\t<meta name=\"twitter:data1\" content=\"1\u00a0Minute\" \/>\n<script type=\"application\/ld+json\" class=\"yoast-schema-graph\">{\"@context\":\"https:\/\/schema.org\",\"@graph\":[{\"@type\":\"WebPage\",\"@id\":\"https:\/\/www.tanalahorizon.com\/de\/kontakt\/\",\"url\":\"https:\/\/www.tanalahorizon.com\/de\/kontakt\/\",\"name\":\"Contact - Tanalahorizon - Madagascar travel since 1995\",\"isPartOf\":{\"@id\":\"https:\/\/www.tanalahorizon.com\/de\/#website\"},\"primaryImageOfPage\":{\"@id\":\"https:\/\/www.tanalahorizon.com\/de\/kontakt\/#primaryimage\"},\"image\":{\"@id\":\"https:\/\/www.tanalahorizon.com\/kontakt\/#primaryimage\"},\"thumbnailUrl\":\"https:\/\/www.tanalahorizon.com\/wp-content\/uploads\/2018\/05\/TH_Isalo1.jpg\",\"datePublished\":\"2014-10-14T09:29:24+00:00\",\"dateModified\":\"2026-01-26T09:07:09+00:00\",\"description\":\"We're always available for all your questions concerning Madagascar and traveling the red island. Just get in touch with us!\",\"breadcrumb\":{\"@id\":\"https:\/\/www.tanalahorizon.com\/de\/kontakt\/#breadcrumb\"},\"inLanguage\":\"de\",\"potentialAction\":[{\"@type\":\"ReadAction\",\"target\":[\"https:\/\/www.tanalahorizon.com\/de\/wp-json\/wp\/v2\/pages\/2914\"]}]},{\"@type\":\"ImageObject\",\"inLanguage\":\"de\",\"@id\":\"https:\/\/www.tanalahorizon.com\/de\/kontakt\/#primaryimage\",\"url\":\"https:\/\/www.tanalahorizon.com\/wp-content\/uploads\/2018\/05\/TH_Isalo1.jpg\",\"contentUrl\":\"https:\/\/www.tanalahorizon.com\/wp-content\/uploads\/2018\/05\/TH_Isalo1.jpg\",\"width\":2000,\"height\":727,\"caption\":\"Piscine Naturelle de Isalo\"},{\"@type\":\"BreadcrumbList\",\"@id\":\"https:\/\/www.tanalahorizon.com\/de\/kontakt\/#breadcrumb\",\"itemListElement\":[{\"@type\":\"ListItem\",\"position\":1,\"name\":\"Home\",\"item\":\"https:\/\/www.tanalahorizon.com\/de\/\"},{\"@type\":\"ListItem\",\"position\":2,\"name\":\"Kontakt\"}]},{\"@type\":\"WebSite\",\"@id\":\"https:\/\/www.tanalahorizon.com\/de\/#website\",\"url\":\"https:\/\/www.tanalahorizon.com\/de\/\",\"name\":\"TANALAHORIZON - Madagaskar-Reisen und Fotoreisen seit 1995\",\"description\":\"Ihr Reiseveranstalter f\u00fcr Madagaskar\",\"publisher\":{\"@id\":\"https:\/\/www.tanalahorizon.com\/de\/#organization\"},\"potentialAction\":[{\"@type\":\"SearchAction\",\"target\":{\"@type\":\"EntryPoint\",\"urlTemplate\":\"https:\/\/www.tanalahorizon.com\/de\/?s={search_term_string}\"},\"query-input\":{\"@type\":\"PropertyValueSpecification\",\"valueRequired\":true,\"valueName\":\"search_term_string\"}}],\"inLanguage\":\"de\"},{\"@type\":\"Organization\",\"@id\":\"https:\/\/www.tanalahorizon.com\/de\/#organization\",\"name\":\"TANALAHORIZON - Madagaskar-Reisen seit 1995\",\"url\":\"https:\/\/www.tanalahorizon.com\/de\/\",\"logo\":{\"@type\":\"ImageObject\",\"inLanguage\":\"de\",\"@id\":\"https:\/\/www.tanalahorizon.com\/de\/#\/schema\/logo\/image\/\",\"url\":\"https:\/\/www.tanalahorizon.com\/wp-content\/uploads\/2015\/09\/logo2_300px.png\",\"contentUrl\":\"https:\/\/www.tanalahorizon.com\/wp-content\/uploads\/2015\/09\/logo2_300px.png\",\"width\":300,\"height\":149,\"caption\":\"TANALAHORIZON - Madagaskar-Reisen seit 1995\"},\"image\":{\"@id\":\"https:\/\/www.tanalahorizon.com\/de\/#\/schema\/logo\/image\/\"},\"sameAs\":[\"https:\/\/www.facebook.com\/TANALAHORIZON\",\"https:\/\/x.com\/tanalahorizon\",\"https:\/\/www.youtube.com\/user\/TANALAHORIZON\"]}]}<\/script>\n<!-- \/ Yoast SEO plugin. -->","yoast_head_json":{"title":"Contact - Tanalahorizon - Madagascar travel since 1995","description":"We're always available for all your questions concerning Madagascar and traveling the red island. Just get in touch with us!","robots":{"index":"index","follow":"follow","max-snippet":"max-snippet:-1","max-image-preview":"max-image-preview:large","max-video-preview":"max-video-preview:-1"},"canonical":"https:\/\/www.tanalahorizon.com\/de\/kontakt\/","og_locale":"de_DE","og_type":"article","og_title":"Contact - Tanalahorizon - Madagascar travel since 1995","og_description":"We're always available for all your questions concerning Madagascar and traveling the red island. Just get in touch with us!","og_url":"https:\/\/www.tanalahorizon.com\/de\/kontakt\/","og_site_name":"TANALAHORIZON - Madagaskar-Reisen und Fotoreisen seit 1995","article_publisher":"https:\/\/www.facebook.com\/TANALAHORIZON","article_modified_time":"2026-01-26T09:07:09+00:00","og_image":[{"width":2000,"height":727,"url":"https:\/\/www.tanalahorizon.com\/wp-content\/uploads\/2018\/05\/TH_Isalo1.jpg","type":"image\/jpeg"}],"twitter_card":"summary_large_image","twitter_site":"@tanalahorizon","twitter_misc":{"Gesch\u00e4tzte Lesezeit":"1\u00a0Minute"},"schema":{"@context":"https:\/\/schema.org","@graph":[{"@type":"WebPage","@id":"https:\/\/www.tanalahorizon.com\/de\/kontakt\/","url":"https:\/\/www.tanalahorizon.com\/de\/kontakt\/","name":"Contact - Tanalahorizon - Madagascar travel since 1995","isPartOf":{"@id":"https:\/\/www.tanalahorizon.com\/de\/#website"},"primaryImageOfPage":{"@id":"https:\/\/www.tanalahorizon.com\/de\/kontakt\/#primaryimage"},"image":{"@id":"https:\/\/www.tanalahorizon.com\/kontakt\/#primaryimage"},"thumbnailUrl":"https:\/\/www.tanalahorizon.com\/wp-content\/uploads\/2018\/05\/TH_Isalo1.jpg","datePublished":"2014-10-14T09:29:24+00:00","dateModified":"2026-01-26T09:07:09+00:00","description":"We're always available for all your questions concerning Madagascar and traveling the red island. Just get in touch with us!","breadcrumb":{"@id":"https:\/\/www.tanalahorizon.com\/de\/kontakt\/#breadcrumb"},"inLanguage":"de","potentialAction":[{"@type":"ReadAction","target":["https:\/\/www.tanalahorizon.com\/de\/wp-json\/wp\/v2\/pages\/2914"]}]},{"@type":"ImageObject","inLanguage":"de","@id":"https:\/\/www.tanalahorizon.com\/de\/kontakt\/#primaryimage","url":"https:\/\/www.tanalahorizon.com\/wp-content\/uploads\/2018\/05\/TH_Isalo1.jpg","contentUrl":"https:\/\/www.tanalahorizon.com\/wp-content\/uploads\/2018\/05\/TH_Isalo1.jpg","width":2000,"height":727,"caption":"Piscine Naturelle de Isalo"},{"@type":"BreadcrumbList","@id":"https:\/\/www.tanalahorizon.com\/de\/kontakt\/#breadcrumb","itemListElement":[{"@type":"ListItem","position":1,"name":"Home","item":"https:\/\/www.tanalahorizon.com\/de\/"},{"@type":"ListItem","position":2,"name":"Kontakt"}]},{"@type":"WebSite","@id":"https:\/\/www.tanalahorizon.com\/de\/#website","url":"https:\/\/www.tanalahorizon.com\/de\/","name":"TANALAHORIZON - Madagaskar-Reisen und Fotoreisen seit 1995","description":"Ihr Reiseveranstalter f\u00fcr Madagaskar","publisher":{"@id":"https:\/\/www.tanalahorizon.com\/de\/#organization"},"potentialAction":[{"@type":"SearchAction","target":{"@type":"EntryPoint","urlTemplate":"https:\/\/www.tanalahorizon.com\/de\/?s={search_term_string}"},"query-input":{"@type":"PropertyValueSpecification","valueRequired":true,"valueName":"search_term_string"}}],"inLanguage":"de"},{"@type":"Organization","@id":"https:\/\/www.tanalahorizon.com\/de\/#organization","name":"TANALAHORIZON - Madagaskar-Reisen seit 1995","url":"https:\/\/www.tanalahorizon.com\/de\/","logo":{"@type":"ImageObject","inLanguage":"de","@id":"https:\/\/www.tanalahorizon.com\/de\/#\/schema\/logo\/image\/","url":"https:\/\/www.tanalahorizon.com\/wp-content\/uploads\/2015\/09\/logo2_300px.png","contentUrl":"https:\/\/www.tanalahorizon.com\/wp-content\/uploads\/2015\/09\/logo2_300px.png","width":300,"height":149,"caption":"TANALAHORIZON - Madagaskar-Reisen seit 1995"},"image":{"@id":"https:\/\/www.tanalahorizon.com\/de\/#\/schema\/logo\/image\/"},"sameAs":["https:\/\/www.facebook.com\/TANALAHORIZON","https:\/\/x.com\/tanalahorizon","https:\/\/www.youtube.com\/user\/TANALAHORIZON"]}]}},"_links":{"self":[{"href":"https:\/\/www.tanalahorizon.com\/de\/wp-json\/wp\/v2\/pages\/2914","targetHints":{"allow":["GET"]}}],"collection":[{"href":"https:\/\/www.tanalahorizon.com\/de\/wp-json\/wp\/v2\/pages"}],"about":[{"href":"https:\/\/www.tanalahorizon.com\/de\/wp-json\/wp\/v2\/types\/page"}],"author":[{"embeddable":true,"href":"https:\/\/www.tanalahorizon.com\/de\/wp-json\/wp\/v2\/users\/1"}],"replies":[{"embeddable":true,"href":"https:\/\/www.tanalahorizon.com\/de\/wp-json\/wp\/v2\/comments?post=2914"}],"version-history":[{"count":43,"href":"https:\/\/www.tanalahorizon.com\/de\/wp-json\/wp\/v2\/pages\/2914\/revisions"}],"predecessor-version":[{"id":10336,"href":"https:\/\/www.tanalahorizon.com\/de\/wp-json\/wp\/v2\/pages\/2914\/revisions\/10336"}],"wp:featuredmedia":[{"embeddable":true,"href":"https:\/\/www.tanalahorizon.com\/de\/wp-json\/wp\/v2\/media\/6708"}],"wp:attachment":[{"href":"https:\/\/www.tanalahorizon.com\/de\/wp-json\/wp\/v2\/media?parent=2914"}],"wp:term":[{"taxonomy":"category","embeddable":true,"href":"https:\/\/www.tanalahorizon.com\/de\/wp-json\/wp\/v2\/categories?post=2914"},{"taxonomy":"post_tag","embeddable":true,"href":"https:\/\/www.tanalahorizon.com\/de\/wp-json\/wp\/v2\/tags?post=2914"}],"curies":[{"name":"wp","href":"https:\/\/api.w.org\/{rel}","templated":true}]}}