{"id":4060,"date":"2015-07-26T18:03:19","date_gmt":"2015-07-26T16:03:19","guid":{"rendered":"https:\/\/neu.tanalahorizon.com\/?page_id=4060"},"modified":"2020-05-30T21:33:14","modified_gmt":"2020-05-30T19:33:14","slug":"travel-with-friends","status":"publish","type":"page","link":"https:\/\/www.tanalahorizon.com\/de\/travel-with-friends\/","title":{"rendered":"Gruppentarife &#038; TWF"},"content":{"rendered":"<div class=\"pf-content\">\n<div class=\"one withsmallpadding \" style=\"text-align: justify;\" >\n<div class=\"page_content_wrapper\">\n<div class=\"pf-content\">\n<h1>Gruppentarife<\/h1>\n<p><center><h7>G\u00fcnstiger reisen mit gleichen Interessen<\/h7><\/center><br \/>\nF\u00fcr unsere G\u00e4ste gibt es spezielle Gruppentarife. Die Gruppenreisepreise sind dabei gestaffelt: Je gr\u00f6\u00dfer die <a href=\"https:\/\/www.tanalahorizon.com\/de\/tourenkalender\/\">Gruppe<\/a>, desto g\u00fcnstiger wird das Reisen f\u00fcr die Teilnehmer. Bei Exkursionen in die Regenw\u00e4lder, Dornw\u00e4lder oder Savannen wird die Reisegruppe in Kleinstgruppen von maximal f\u00fcnf Leuten aufgeteilt. Damit vermeiden wir, dass das aktive Naturerlebnis unter dem Trubel vieler Teilnehmer leidet. Jeder Reisende bekommt so die M\u00f6glichkeit, alle Tiere gut zu beobachten. Du kannst so die g\u00fcnstigeren Gruppentarife f\u00fcr Deine <a href=\"https:\/\/www.tanalahorizon.com\/de\/madagaskar-reisen\/\">Madagaskar-Reise<\/a> nutzen, musst aber beim Beobachten von Tieren trotzdem keine Nachteile in Kauf nehmen. <\/br><br \/>\nWir versuchen au\u00dferdem stets, Menschen mit \u00e4hnlichen Interessen zusammen zu bringen: Manche Reisende m\u00f6chten lieber Landschaft fotografieren, andere legen Wert auf m\u00f6glichst viele Reptilien, wieder andere w\u00fcrden gerne l\u00e4nger bei den Lemuren verweilen. Unser Team gibt sich alle M\u00fche, jedem Wunsch gerecht zu werden und die Gruppen passend zu den Vorlieben der Mitreisenden zu arrangieren.\n<\/p>\n<\/div>\n<\/div>\n<\/div>\n<\/div>\n<div class=\"pf-content\">\n<div class=\"one withsmallpadding withbg \" style=\"background-image:url(https:\/\/www.tanalahorizon.com\/wp-content\/uploads\/2020\/05\/20190320_093844-e1590866912708.jpg);background-size:cover;height:1200px;\" >\n<div class=\"page_content_wrapper\">\n<div class=\"pf-content\">\n<div style=\"margin:80px 0 0 0;text-align:center;\">\n<h1 style=\"font-size:26px;font-style:italic;font-weight:normal;\">Gemeinsam mit guten Freunden<br \/>die Wunder Madagaskars entdecken<\/h1>\n<\/div>\n<\/div>\n<\/div>\n<\/div>\n<\/div>\n<div class=\"pf-content\">\n<div class=\"one withsmallpadding \" style=\"text-align: justify;\" >\n<div class=\"page_content_wrapper\">\n<div class=\"pf-content\">\n<p><center><\/p>\n<h1>Travel with friends<\/h1>\n<p><h7>Mit guten Freunden unterwegs<\/h7><\/center><br \/>\nDu m\u00f6chtest Dich mit f\u00fcnf Freunden oder Bekannten einer unserer Reisegruppen anschlie\u00dfen? Dann profitierst Du ab sofort von unserem Travel with friends-Tarif! Jetzt k\u00f6nnen unsere G\u00e4ste auch innerhalb einer Reisegruppe eine separate Kleingruppe (mind. f\u00fcnf Personen) zubuchen. Du wirst dann auf den Exkursionen gemeinsam mit Deinen Freunden die W\u00e4lder Madagaskars erforschen k\u00f6nnen, auch wenn ihr in einer gr\u00f6\u00dferen Gruppe reist. Der Travel with friends-Tarif eignet sich besonders gut f\u00fcr Foren, Interessensgemeinschaften, Vereine und Clubs. Frag einfach bei uns nach!<\/p>\n<\/p>\n<\/div>\n<\/div>\n<\/div>\n<\/div>\n","protected":false},"excerpt":{"rendered":"<p>Gruppentarife G\u00fcnstiger reisen mit gleichen Interessen F\u00fcr unsere G\u00e4ste gibt es spezielle Gruppentarife. Die Gruppenreisepreise sind dabei gestaffelt: Je gr\u00f6\u00dfer die Gruppe, desto g\u00fcnstiger wird das Reisen f\u00fcr die Teilnehmer. Bei Exkursionen in die Regenw\u00e4lder, Dornw\u00e4lder oder Savannen wird die Reisegruppe in Kleinstgruppen von maximal f\u00fcnf [&hellip;]<\/p>\n","protected":false},"author":1,"featured_media":4100,"parent":0,"menu_order":0,"comment_status":"open","ping_status":"open","template":"page-destination.php","meta":{"_monsterinsights_skip_tracking":false,"_monsterinsights_sitenote_active":false,"_monsterinsights_sitenote_note":"","_monsterinsights_sitenote_category":0,"footnotes":""},"categories":[],"tags":[48,49,85,86,87,286,287,88,89,97,98,103,121,122,127],"class_list":["post-4060","page","type-page","status-publish","has-post-thumbnail","hentry","tag-angebote","tag-angebote-madagaskar","tag-gruppenreise","tag-gruppenreisen","tag-gruppenreisen-madagaskar","tag-gruppentarif","tag-gruppentarife","tag-gruppenurlaub","tag-gruppenurlaub-madagaskar","tag-kleingruppenreisen","tag-kleingruppenreisen-madagaskar","tag-madagaskar-angebote","tag-madagaskar-gruppenreisen","tag-madagaskar-gruppenurlaub","tag-madagaskar-kleingruppenreisen"],"yoast_head":"<!-- This site is optimized with the Yoast SEO plugin v26.8 - https:\/\/yoast.com\/product\/yoast-seo-wordpress\/ -->\n<title>Gruppentarife &amp; Travel with friends | Tanalahorizon<\/title>\n<meta name=\"description\" content=\"Gestaffelte Gruppentarife und unser Spezialtarif Travel with friends machen das Reisen mit Freunden und in Gruppen g\u00fcnstiger. Nutzen Deinen Vorteil!\" \/>\n<meta name=\"robots\" content=\"index, follow, max-snippet:-1, max-image-preview:large, max-video-preview:-1\" \/>\n<link rel=\"canonical\" href=\"https:\/\/www.tanalahorizon.com\/de\/travel-with-friends\/\" \/>\n<meta property=\"og:locale\" content=\"de_DE\" \/>\n<meta property=\"og:type\" content=\"article\" \/>\n<meta property=\"og:title\" content=\"Gruppentarife &amp; Travel with friends | Tanalahorizon\" \/>\n<meta property=\"og:description\" content=\"Gestaffelte Gruppentarife und unser Spezialtarif Travel with friends machen das Reisen mit Freunden und in Gruppen g\u00fcnstiger. Nutzen Deinen Vorteil!\" \/>\n<meta property=\"og:url\" content=\"https:\/\/www.tanalahorizon.com\/de\/travel-with-friends\/\" \/>\n<meta property=\"og:site_name\" content=\"TANALAHORIZON - Madagaskar-Reisen und Fotoreisen seit 1995\" \/>\n<meta property=\"article:publisher\" content=\"https:\/\/www.facebook.com\/TANALAHORIZON\" \/>\n<meta property=\"article:modified_time\" content=\"2020-05-30T19:33:14+00:00\" \/>\n<meta property=\"og:image\" content=\"https:\/\/www.tanalahorizon.com\/wp-content\/uploads\/2015\/07\/Travel-with-friends.jpg\" \/>\n\t<meta property=\"og:image:width\" content=\"2000\" \/>\n\t<meta property=\"og:image:height\" content=\"910\" \/>\n\t<meta property=\"og:image:type\" content=\"image\/jpeg\" \/>\n<meta name=\"twitter:card\" content=\"summary_large_image\" \/>\n<meta name=\"twitter:site\" content=\"@tanalahorizon\" \/>\n<meta name=\"twitter:label1\" content=\"Gesch\u00e4tzte Lesezeit\" \/>\n\t<meta name=\"twitter:data1\" content=\"1\u00a0Minute\" \/>\n<script type=\"application\/ld+json\" class=\"yoast-schema-graph\">{\"@context\":\"https:\/\/schema.org\",\"@graph\":[{\"@type\":\"WebPage\",\"@id\":\"https:\/\/www.tanalahorizon.com\/de\/travel-with-friends\/\",\"url\":\"https:\/\/www.tanalahorizon.com\/de\/travel-with-friends\/\",\"name\":\"Gruppentarife & Travel with friends | Tanalahorizon\",\"isPartOf\":{\"@id\":\"https:\/\/www.tanalahorizon.com\/de\/#website\"},\"primaryImageOfPage\":{\"@id\":\"https:\/\/www.tanalahorizon.com\/de\/travel-with-friends\/#primaryimage\"},\"image\":{\"@id\":\"https:\/\/www.tanalahorizon.com\/de\/travel-with-friends\/#primaryimage\"},\"thumbnailUrl\":\"https:\/\/www.tanalahorizon.com\/wp-content\/uploads\/2015\/07\/Travel-with-friends.jpg\",\"datePublished\":\"2015-07-26T16:03:19+00:00\",\"dateModified\":\"2020-05-30T19:33:14+00:00\",\"description\":\"Gestaffelte Gruppentarife und unser Spezialtarif Travel with friends machen das Reisen mit Freunden und in Gruppen g\u00fcnstiger. Nutzen Deinen Vorteil!\",\"breadcrumb\":{\"@id\":\"https:\/\/www.tanalahorizon.com\/de\/travel-with-friends\/#breadcrumb\"},\"inLanguage\":\"de\",\"potentialAction\":[{\"@type\":\"ReadAction\",\"target\":[\"https:\/\/www.tanalahorizon.com\/de\/wp-json\/wp\/v2\/pages\/4060\"]}]},{\"@type\":\"ImageObject\",\"inLanguage\":\"de\",\"@id\":\"https:\/\/www.tanalahorizon.com\/de\/travel-with-friends\/#primaryimage\",\"url\":\"https:\/\/www.tanalahorizon.com\/wp-content\/uploads\/2015\/07\/Travel-with-friends.jpg\",\"contentUrl\":\"https:\/\/www.tanalahorizon.com\/wp-content\/uploads\/2015\/07\/Travel-with-friends.jpg\",\"width\":2000,\"height\":910},{\"@type\":\"BreadcrumbList\",\"@id\":\"https:\/\/www.tanalahorizon.com\/de\/travel-with-friends\/#breadcrumb\",\"itemListElement\":[{\"@type\":\"ListItem\",\"position\":1,\"name\":\"Home\",\"item\":\"https:\/\/www.tanalahorizon.com\/de\/\"},{\"@type\":\"ListItem\",\"position\":2,\"name\":\"Gruppentarife &#038; TWF\"}]},{\"@type\":\"WebSite\",\"@id\":\"https:\/\/www.tanalahorizon.com\/de\/#website\",\"url\":\"https:\/\/www.tanalahorizon.com\/de\/\",\"name\":\"TANALAHORIZON - Madagaskar-Reisen und Fotoreisen seit 1995\",\"description\":\"Ihr Reiseveranstalter f\u00fcr Madagaskar\",\"publisher\":{\"@id\":\"https:\/\/www.tanalahorizon.com\/de\/#organization\"},\"potentialAction\":[{\"@type\":\"SearchAction\",\"target\":{\"@type\":\"EntryPoint\",\"urlTemplate\":\"https:\/\/www.tanalahorizon.com\/de\/?s={search_term_string}\"},\"query-input\":{\"@type\":\"PropertyValueSpecification\",\"valueRequired\":true,\"valueName\":\"search_term_string\"}}],\"inLanguage\":\"de\"},{\"@type\":\"Organization\",\"@id\":\"https:\/\/www.tanalahorizon.com\/de\/#organization\",\"name\":\"TANALAHORIZON - Madagaskar-Reisen seit 1995\",\"url\":\"https:\/\/www.tanalahorizon.com\/de\/\",\"logo\":{\"@type\":\"ImageObject\",\"inLanguage\":\"de\",\"@id\":\"https:\/\/www.tanalahorizon.com\/de\/#\/schema\/logo\/image\/\",\"url\":\"https:\/\/www.tanalahorizon.com\/wp-content\/uploads\/2015\/09\/logo2_300px.png\",\"contentUrl\":\"https:\/\/www.tanalahorizon.com\/wp-content\/uploads\/2015\/09\/logo2_300px.png\",\"width\":300,\"height\":149,\"caption\":\"TANALAHORIZON - Madagaskar-Reisen seit 1995\"},\"image\":{\"@id\":\"https:\/\/www.tanalahorizon.com\/de\/#\/schema\/logo\/image\/\"},\"sameAs\":[\"https:\/\/www.facebook.com\/TANALAHORIZON\",\"https:\/\/x.com\/tanalahorizon\",\"https:\/\/www.youtube.com\/user\/TANALAHORIZON\"]}]}<\/script>\n<!-- \/ Yoast SEO plugin. -->","yoast_head_json":{"title":"Gruppentarife & Travel with friends | Tanalahorizon","description":"Gestaffelte Gruppentarife und unser Spezialtarif Travel with friends machen das Reisen mit Freunden und in Gruppen g\u00fcnstiger. Nutzen Deinen Vorteil!","robots":{"index":"index","follow":"follow","max-snippet":"max-snippet:-1","max-image-preview":"max-image-preview:large","max-video-preview":"max-video-preview:-1"},"canonical":"https:\/\/www.tanalahorizon.com\/de\/travel-with-friends\/","og_locale":"de_DE","og_type":"article","og_title":"Gruppentarife & Travel with friends | Tanalahorizon","og_description":"Gestaffelte Gruppentarife und unser Spezialtarif Travel with friends machen das Reisen mit Freunden und in Gruppen g\u00fcnstiger. Nutzen Deinen Vorteil!","og_url":"https:\/\/www.tanalahorizon.com\/de\/travel-with-friends\/","og_site_name":"TANALAHORIZON - Madagaskar-Reisen und Fotoreisen seit 1995","article_publisher":"https:\/\/www.facebook.com\/TANALAHORIZON","article_modified_time":"2020-05-30T19:33:14+00:00","og_image":[{"width":2000,"height":910,"url":"https:\/\/www.tanalahorizon.com\/wp-content\/uploads\/2015\/07\/Travel-with-friends.jpg","type":"image\/jpeg"}],"twitter_card":"summary_large_image","twitter_site":"@tanalahorizon","twitter_misc":{"Gesch\u00e4tzte Lesezeit":"1\u00a0Minute"},"schema":{"@context":"https:\/\/schema.org","@graph":[{"@type":"WebPage","@id":"https:\/\/www.tanalahorizon.com\/de\/travel-with-friends\/","url":"https:\/\/www.tanalahorizon.com\/de\/travel-with-friends\/","name":"Gruppentarife & Travel with friends | Tanalahorizon","isPartOf":{"@id":"https:\/\/www.tanalahorizon.com\/de\/#website"},"primaryImageOfPage":{"@id":"https:\/\/www.tanalahorizon.com\/de\/travel-with-friends\/#primaryimage"},"image":{"@id":"https:\/\/www.tanalahorizon.com\/de\/travel-with-friends\/#primaryimage"},"thumbnailUrl":"https:\/\/www.tanalahorizon.com\/wp-content\/uploads\/2015\/07\/Travel-with-friends.jpg","datePublished":"2015-07-26T16:03:19+00:00","dateModified":"2020-05-30T19:33:14+00:00","description":"Gestaffelte Gruppentarife und unser Spezialtarif Travel with friends machen das Reisen mit Freunden und in Gruppen g\u00fcnstiger. Nutzen Deinen Vorteil!","breadcrumb":{"@id":"https:\/\/www.tanalahorizon.com\/de\/travel-with-friends\/#breadcrumb"},"inLanguage":"de","potentialAction":[{"@type":"ReadAction","target":["https:\/\/www.tanalahorizon.com\/de\/wp-json\/wp\/v2\/pages\/4060"]}]},{"@type":"ImageObject","inLanguage":"de","@id":"https:\/\/www.tanalahorizon.com\/de\/travel-with-friends\/#primaryimage","url":"https:\/\/www.tanalahorizon.com\/wp-content\/uploads\/2015\/07\/Travel-with-friends.jpg","contentUrl":"https:\/\/www.tanalahorizon.com\/wp-content\/uploads\/2015\/07\/Travel-with-friends.jpg","width":2000,"height":910},{"@type":"BreadcrumbList","@id":"https:\/\/www.tanalahorizon.com\/de\/travel-with-friends\/#breadcrumb","itemListElement":[{"@type":"ListItem","position":1,"name":"Home","item":"https:\/\/www.tanalahorizon.com\/de\/"},{"@type":"ListItem","position":2,"name":"Gruppentarife &#038; TWF"}]},{"@type":"WebSite","@id":"https:\/\/www.tanalahorizon.com\/de\/#website","url":"https:\/\/www.tanalahorizon.com\/de\/","name":"TANALAHORIZON - Madagaskar-Reisen und Fotoreisen seit 1995","description":"Ihr Reiseveranstalter f\u00fcr Madagaskar","publisher":{"@id":"https:\/\/www.tanalahorizon.com\/de\/#organization"},"potentialAction":[{"@type":"SearchAction","target":{"@type":"EntryPoint","urlTemplate":"https:\/\/www.tanalahorizon.com\/de\/?s={search_term_string}"},"query-input":{"@type":"PropertyValueSpecification","valueRequired":true,"valueName":"search_term_string"}}],"inLanguage":"de"},{"@type":"Organization","@id":"https:\/\/www.tanalahorizon.com\/de\/#organization","name":"TANALAHORIZON - Madagaskar-Reisen seit 1995","url":"https:\/\/www.tanalahorizon.com\/de\/","logo":{"@type":"ImageObject","inLanguage":"de","@id":"https:\/\/www.tanalahorizon.com\/de\/#\/schema\/logo\/image\/","url":"https:\/\/www.tanalahorizon.com\/wp-content\/uploads\/2015\/09\/logo2_300px.png","contentUrl":"https:\/\/www.tanalahorizon.com\/wp-content\/uploads\/2015\/09\/logo2_300px.png","width":300,"height":149,"caption":"TANALAHORIZON - Madagaskar-Reisen seit 1995"},"image":{"@id":"https:\/\/www.tanalahorizon.com\/de\/#\/schema\/logo\/image\/"},"sameAs":["https:\/\/www.facebook.com\/TANALAHORIZON","https:\/\/x.com\/tanalahorizon","https:\/\/www.youtube.com\/user\/TANALAHORIZON"]}]}},"_links":{"self":[{"href":"https:\/\/www.tanalahorizon.com\/de\/wp-json\/wp\/v2\/pages\/4060","targetHints":{"allow":["GET"]}}],"collection":[{"href":"https:\/\/www.tanalahorizon.com\/de\/wp-json\/wp\/v2\/pages"}],"about":[{"href":"https:\/\/www.tanalahorizon.com\/de\/wp-json\/wp\/v2\/types\/page"}],"author":[{"embeddable":true,"href":"https:\/\/www.tanalahorizon.com\/de\/wp-json\/wp\/v2\/users\/1"}],"replies":[{"embeddable":true,"href":"https:\/\/www.tanalahorizon.com\/de\/wp-json\/wp\/v2\/comments?post=4060"}],"version-history":[{"count":30,"href":"https:\/\/www.tanalahorizon.com\/de\/wp-json\/wp\/v2\/pages\/4060\/revisions"}],"predecessor-version":[{"id":7844,"href":"https:\/\/www.tanalahorizon.com\/de\/wp-json\/wp\/v2\/pages\/4060\/revisions\/7844"}],"wp:featuredmedia":[{"embeddable":true,"href":"https:\/\/www.tanalahorizon.com\/de\/wp-json\/wp\/v2\/media\/4100"}],"wp:attachment":[{"href":"https:\/\/www.tanalahorizon.com\/de\/wp-json\/wp\/v2\/media?parent=4060"}],"wp:term":[{"taxonomy":"category","embeddable":true,"href":"https:\/\/www.tanalahorizon.com\/de\/wp-json\/wp\/v2\/categories?post=4060"},{"taxonomy":"post_tag","embeddable":true,"href":"https:\/\/www.tanalahorizon.com\/de\/wp-json\/wp\/v2\/tags?post=4060"}],"curies":[{"name":"wp","href":"https:\/\/api.w.org\/{rel}","templated":true}]}}