{"id":4473,"date":"2015-08-14T12:35:43","date_gmt":"2015-08-14T10:35:43","guid":{"rendered":"https:\/\/neu.tanalahorizon.com\/?page_id=4473"},"modified":"2026-03-04T13:43:12","modified_gmt":"2026-03-04T12:43:12","slug":"impressum","status":"publish","type":"page","link":"https:\/\/www.tanalahorizon.com\/de\/impressum\/","title":{"rendered":"Impressum"},"content":{"rendered":"<div class=\"one withsmallpadding \" style=\"text-align: justify;\" >\n<div class=\"page_content_wrapper\">\n<div style=\"text-align:center\">\n<h2 class=\"ppb_title\">Impressum<\/h2>\n<div class=\"page_caption_desc\"><\/div>\n<\/div>\n<div class=\"one_half \"><center><br \/>\nThorsten Negro<br \/>\nGutenbergstr. 13<br \/>\n65375 Oestrich-Winkel<\/p>\n<p>Tel.: +49 (0)6723 8049404<br \/>\nMobil: +49 (0)171 &#8211; 5486317<br \/>\n<\/br><br \/>\nGesch\u00e4ftsf\u00fchrer: Thorsten Negro<br \/>\nSteuernummer: 08\/120\/51373<br \/>\nUSt-IdNr.: DE241673688<br \/>\n<\/center>\n<\/div>\n<div class=\"one_half last \">\n<center><strong>Fotos und Inhalte<\/strong><br \/>\n<\/br><br \/>\nFotos und Inhalte \u00a9 by TANALAHORIZON. <br \/>\nAlle Bilder und Inhalte unterliegen dem Urheberrecht.<\/br><br \/>\nBei Fragen bitte Nachricht an:<br \/>\nE-Mail: info@tanalahorizon.com<br \/>\nwww.tanalahorizon.com<\/center><\/br>\n<\/div>\n<p><\/br><br \/>\nEine Weiterverwendung der Bilder ist nur mit ausdr\u00fccklicher Genehmigung des jeweiligen Urhebers statthaft.<br \/>\n<\/br><\/br><br \/>\n F\u00fcr alle Verweise (Links) zu fremden Websites, die auf diesen Seiten angebracht sind, gilt: Wir m\u00f6chten ausdr\u00fccklich betonen, dass wir keinerlei Einfluss auf die Gestaltung und Inhalte der verlinkten Webseiten haben. Diese Erkl\u00e4rung gilt f\u00fcr alle auf unserer Homepage ausgebrachten Links und f\u00fcr alle Inhalte der Seiten, zu denen Links, Banner oder sonstige Verkn\u00fcpfungen f\u00fchren.<\/p>\n<p><a href=\"https:\/\/www.tanalahorizon.com\/de\/privacy-policy\/\">Unsere Datenschutzerkl\u00e4rung finden Sie hier. <\/a><\/p>\n<\/p>\n<\/div>\n<\/div>\n","protected":false},"excerpt":{"rendered":"<p>Impressum Thorsten Negro Gutenbergstr. 13 65375 Oestrich-Winkel Tel.: +49 (0)6723 8049404 Mobil: +49 (0)171 &#8211; 5486317 Gesch\u00e4ftsf\u00fchrer: Thorsten Negro Steuernummer: 08\/120\/51373 USt-IdNr.: DE241673688 Fotos und Inhalte Fotos und Inhalte \u00a9 by TANALAHORIZON. Alle Bilder und Inhalte unterliegen dem Urheberrecht. Bei Fragen bitte Nachricht an: E-Mail: info@tanalahorizon.com [&hellip;]<\/p>\n","protected":false},"author":1,"featured_media":4474,"parent":0,"menu_order":0,"comment_status":"open","ping_status":"open","template":"page_f.php","meta":{"_monsterinsights_skip_tracking":false,"_monsterinsights_sitenote_active":false,"_monsterinsights_sitenote_note":"","_monsterinsights_sitenote_category":0,"footnotes":""},"categories":[],"tags":[336,332,333,337,338,334,188,190,191,335],"class_list":["post-4473","page","type-page","status-publish","has-post-thumbnail","hentry","tag-fotos-nutzung","tag-impressum","tag-kontakt","tag-madagaskarfotos","tag-rechtliche-hinweise","tag-rechtliches","tag-tanala","tag-tanala-horizon","tag-tanalahorizon","tag-urheberrecht"],"yoast_head":"<!-- This site is optimized with the Yoast SEO plugin v26.8 - https:\/\/yoast.com\/product\/yoast-seo-wordpress\/ -->\n<title>Impressum - Tanalahorizon - Madagaskar-Reisen seit 1995<\/title>\n<meta name=\"description\" content=\"Zu jeder Website geh\u00f6rt ein Impressum. Hier finden Sie unsere Kontaktdaten und alle wichtigen Hinweise zu Tanalahorizon.\" \/>\n<meta name=\"robots\" content=\"index, follow, max-snippet:-1, max-image-preview:large, max-video-preview:-1\" \/>\n<link rel=\"canonical\" href=\"https:\/\/www.tanalahorizon.com\/de\/impressum\/\" \/>\n<meta property=\"og:locale\" content=\"de_DE\" \/>\n<meta property=\"og:type\" content=\"article\" \/>\n<meta property=\"og:title\" content=\"Impressum - Tanalahorizon - Madagaskar-Reisen seit 1995\" \/>\n<meta property=\"og:description\" content=\"Zu jeder Website geh\u00f6rt ein Impressum. Hier finden Sie unsere Kontaktdaten und alle wichtigen Hinweise zu Tanalahorizon.\" \/>\n<meta property=\"og:url\" content=\"https:\/\/www.tanalahorizon.com\/de\/impressum\/\" \/>\n<meta property=\"og:site_name\" content=\"TANALAHORIZON - Madagaskar-Reisen und Fotoreisen seit 1995\" \/>\n<meta property=\"article:publisher\" content=\"https:\/\/www.facebook.com\/TANALAHORIZON\" \/>\n<meta property=\"article:modified_time\" content=\"2026-03-04T12:43:12+00:00\" \/>\n<meta property=\"og:image\" content=\"https:\/\/www.tanalahorizon.com\/wp-content\/uploads\/2015\/08\/Garage-unter-Wasser-schmal.jpg\" \/>\n\t<meta property=\"og:image:width\" content=\"1500\" \/>\n\t<meta property=\"og:image:height\" content=\"680\" \/>\n\t<meta property=\"og:image:type\" content=\"image\/jpeg\" \/>\n<meta name=\"twitter:card\" content=\"summary_large_image\" \/>\n<meta name=\"twitter:site\" content=\"@tanalahorizon\" \/>\n<meta name=\"twitter:label1\" content=\"Gesch\u00e4tzte Lesezeit\" \/>\n\t<meta name=\"twitter:data1\" content=\"1\u00a0Minute\" \/>\n<script type=\"application\/ld+json\" class=\"yoast-schema-graph\">{\"@context\":\"https:\/\/schema.org\",\"@graph\":[{\"@type\":\"WebPage\",\"@id\":\"https:\/\/www.tanalahorizon.com\/de\/impressum\/\",\"url\":\"https:\/\/www.tanalahorizon.com\/de\/impressum\/\",\"name\":\"Impressum - Tanalahorizon - Madagaskar-Reisen seit 1995\",\"isPartOf\":{\"@id\":\"https:\/\/www.tanalahorizon.com\/de\/#website\"},\"primaryImageOfPage\":{\"@id\":\"https:\/\/www.tanalahorizon.com\/de\/impressum\/#primaryimage\"},\"image\":{\"@id\":\"https:\/\/www.tanalahorizon.com\/impressum\/#primaryimage\"},\"thumbnailUrl\":\"https:\/\/www.tanalahorizon.com\/wp-content\/uploads\/2015\/08\/Garage-unter-Wasser-schmal.jpg\",\"datePublished\":\"2015-08-14T10:35:43+00:00\",\"dateModified\":\"2026-03-04T12:43:12+00:00\",\"description\":\"Zu jeder Website geh\u00f6rt ein Impressum. Hier finden Sie unsere Kontaktdaten und alle wichtigen Hinweise zu Tanalahorizon.\",\"breadcrumb\":{\"@id\":\"https:\/\/www.tanalahorizon.com\/de\/impressum\/#breadcrumb\"},\"inLanguage\":\"de\",\"potentialAction\":[{\"@type\":\"ReadAction\",\"target\":[\"https:\/\/www.tanalahorizon.com\/de\/wp-json\/wp\/v2\/pages\/4473\"]}]},{\"@type\":\"ImageObject\",\"inLanguage\":\"de\",\"@id\":\"https:\/\/www.tanalahorizon.com\/de\/impressum\/#primaryimage\",\"url\":\"https:\/\/www.tanalahorizon.com\/wp-content\/uploads\/2015\/08\/Garage-unter-Wasser-schmal.jpg\",\"contentUrl\":\"https:\/\/www.tanalahorizon.com\/wp-content\/uploads\/2015\/08\/Garage-unter-Wasser-schmal.jpg\",\"width\":1500,\"height\":680,\"caption\":\"Bei uns sind Sie auf der Suche nach Madagaskarreisen genau richtig\"},{\"@type\":\"BreadcrumbList\",\"@id\":\"https:\/\/www.tanalahorizon.com\/de\/impressum\/#breadcrumb\",\"itemListElement\":[{\"@type\":\"ListItem\",\"position\":1,\"name\":\"Home\",\"item\":\"https:\/\/www.tanalahorizon.com\/de\/\"},{\"@type\":\"ListItem\",\"position\":2,\"name\":\"Impressum\"}]},{\"@type\":\"WebSite\",\"@id\":\"https:\/\/www.tanalahorizon.com\/de\/#website\",\"url\":\"https:\/\/www.tanalahorizon.com\/de\/\",\"name\":\"TANALAHORIZON - Madagaskar-Reisen und Fotoreisen seit 1995\",\"description\":\"Ihr Reiseveranstalter f\u00fcr Madagaskar\",\"publisher\":{\"@id\":\"https:\/\/www.tanalahorizon.com\/de\/#organization\"},\"potentialAction\":[{\"@type\":\"SearchAction\",\"target\":{\"@type\":\"EntryPoint\",\"urlTemplate\":\"https:\/\/www.tanalahorizon.com\/de\/?s={search_term_string}\"},\"query-input\":{\"@type\":\"PropertyValueSpecification\",\"valueRequired\":true,\"valueName\":\"search_term_string\"}}],\"inLanguage\":\"de\"},{\"@type\":\"Organization\",\"@id\":\"https:\/\/www.tanalahorizon.com\/de\/#organization\",\"name\":\"TANALAHORIZON - Madagaskar-Reisen seit 1995\",\"url\":\"https:\/\/www.tanalahorizon.com\/de\/\",\"logo\":{\"@type\":\"ImageObject\",\"inLanguage\":\"de\",\"@id\":\"https:\/\/www.tanalahorizon.com\/de\/#\/schema\/logo\/image\/\",\"url\":\"https:\/\/www.tanalahorizon.com\/wp-content\/uploads\/2015\/09\/logo2_300px.png\",\"contentUrl\":\"https:\/\/www.tanalahorizon.com\/wp-content\/uploads\/2015\/09\/logo2_300px.png\",\"width\":300,\"height\":149,\"caption\":\"TANALAHORIZON - Madagaskar-Reisen seit 1995\"},\"image\":{\"@id\":\"https:\/\/www.tanalahorizon.com\/de\/#\/schema\/logo\/image\/\"},\"sameAs\":[\"https:\/\/www.facebook.com\/TANALAHORIZON\",\"https:\/\/x.com\/tanalahorizon\",\"https:\/\/www.youtube.com\/user\/TANALAHORIZON\"]}]}<\/script>\n<!-- \/ Yoast SEO plugin. -->","yoast_head_json":{"title":"Impressum - Tanalahorizon - Madagaskar-Reisen seit 1995","description":"Zu jeder Website geh\u00f6rt ein Impressum. Hier finden Sie unsere Kontaktdaten und alle wichtigen Hinweise zu Tanalahorizon.","robots":{"index":"index","follow":"follow","max-snippet":"max-snippet:-1","max-image-preview":"max-image-preview:large","max-video-preview":"max-video-preview:-1"},"canonical":"https:\/\/www.tanalahorizon.com\/de\/impressum\/","og_locale":"de_DE","og_type":"article","og_title":"Impressum - Tanalahorizon - Madagaskar-Reisen seit 1995","og_description":"Zu jeder Website geh\u00f6rt ein Impressum. Hier finden Sie unsere Kontaktdaten und alle wichtigen Hinweise zu Tanalahorizon.","og_url":"https:\/\/www.tanalahorizon.com\/de\/impressum\/","og_site_name":"TANALAHORIZON - Madagaskar-Reisen und Fotoreisen seit 1995","article_publisher":"https:\/\/www.facebook.com\/TANALAHORIZON","article_modified_time":"2026-03-04T12:43:12+00:00","og_image":[{"width":1500,"height":680,"url":"https:\/\/www.tanalahorizon.com\/wp-content\/uploads\/2015\/08\/Garage-unter-Wasser-schmal.jpg","type":"image\/jpeg"}],"twitter_card":"summary_large_image","twitter_site":"@tanalahorizon","twitter_misc":{"Gesch\u00e4tzte Lesezeit":"1\u00a0Minute"},"schema":{"@context":"https:\/\/schema.org","@graph":[{"@type":"WebPage","@id":"https:\/\/www.tanalahorizon.com\/de\/impressum\/","url":"https:\/\/www.tanalahorizon.com\/de\/impressum\/","name":"Impressum - Tanalahorizon - Madagaskar-Reisen seit 1995","isPartOf":{"@id":"https:\/\/www.tanalahorizon.com\/de\/#website"},"primaryImageOfPage":{"@id":"https:\/\/www.tanalahorizon.com\/de\/impressum\/#primaryimage"},"image":{"@id":"https:\/\/www.tanalahorizon.com\/impressum\/#primaryimage"},"thumbnailUrl":"https:\/\/www.tanalahorizon.com\/wp-content\/uploads\/2015\/08\/Garage-unter-Wasser-schmal.jpg","datePublished":"2015-08-14T10:35:43+00:00","dateModified":"2026-03-04T12:43:12+00:00","description":"Zu jeder Website geh\u00f6rt ein Impressum. Hier finden Sie unsere Kontaktdaten und alle wichtigen Hinweise zu Tanalahorizon.","breadcrumb":{"@id":"https:\/\/www.tanalahorizon.com\/de\/impressum\/#breadcrumb"},"inLanguage":"de","potentialAction":[{"@type":"ReadAction","target":["https:\/\/www.tanalahorizon.com\/de\/wp-json\/wp\/v2\/pages\/4473"]}]},{"@type":"ImageObject","inLanguage":"de","@id":"https:\/\/www.tanalahorizon.com\/de\/impressum\/#primaryimage","url":"https:\/\/www.tanalahorizon.com\/wp-content\/uploads\/2015\/08\/Garage-unter-Wasser-schmal.jpg","contentUrl":"https:\/\/www.tanalahorizon.com\/wp-content\/uploads\/2015\/08\/Garage-unter-Wasser-schmal.jpg","width":1500,"height":680,"caption":"Bei uns sind Sie auf der Suche nach Madagaskarreisen genau richtig"},{"@type":"BreadcrumbList","@id":"https:\/\/www.tanalahorizon.com\/de\/impressum\/#breadcrumb","itemListElement":[{"@type":"ListItem","position":1,"name":"Home","item":"https:\/\/www.tanalahorizon.com\/de\/"},{"@type":"ListItem","position":2,"name":"Impressum"}]},{"@type":"WebSite","@id":"https:\/\/www.tanalahorizon.com\/de\/#website","url":"https:\/\/www.tanalahorizon.com\/de\/","name":"TANALAHORIZON - Madagaskar-Reisen und Fotoreisen seit 1995","description":"Ihr Reiseveranstalter f\u00fcr Madagaskar","publisher":{"@id":"https:\/\/www.tanalahorizon.com\/de\/#organization"},"potentialAction":[{"@type":"SearchAction","target":{"@type":"EntryPoint","urlTemplate":"https:\/\/www.tanalahorizon.com\/de\/?s={search_term_string}"},"query-input":{"@type":"PropertyValueSpecification","valueRequired":true,"valueName":"search_term_string"}}],"inLanguage":"de"},{"@type":"Organization","@id":"https:\/\/www.tanalahorizon.com\/de\/#organization","name":"TANALAHORIZON - Madagaskar-Reisen seit 1995","url":"https:\/\/www.tanalahorizon.com\/de\/","logo":{"@type":"ImageObject","inLanguage":"de","@id":"https:\/\/www.tanalahorizon.com\/de\/#\/schema\/logo\/image\/","url":"https:\/\/www.tanalahorizon.com\/wp-content\/uploads\/2015\/09\/logo2_300px.png","contentUrl":"https:\/\/www.tanalahorizon.com\/wp-content\/uploads\/2015\/09\/logo2_300px.png","width":300,"height":149,"caption":"TANALAHORIZON - Madagaskar-Reisen seit 1995"},"image":{"@id":"https:\/\/www.tanalahorizon.com\/de\/#\/schema\/logo\/image\/"},"sameAs":["https:\/\/www.facebook.com\/TANALAHORIZON","https:\/\/x.com\/tanalahorizon","https:\/\/www.youtube.com\/user\/TANALAHORIZON"]}]}},"_links":{"self":[{"href":"https:\/\/www.tanalahorizon.com\/de\/wp-json\/wp\/v2\/pages\/4473","targetHints":{"allow":["GET"]}}],"collection":[{"href":"https:\/\/www.tanalahorizon.com\/de\/wp-json\/wp\/v2\/pages"}],"about":[{"href":"https:\/\/www.tanalahorizon.com\/de\/wp-json\/wp\/v2\/types\/page"}],"author":[{"embeddable":true,"href":"https:\/\/www.tanalahorizon.com\/de\/wp-json\/wp\/v2\/users\/1"}],"replies":[{"embeddable":true,"href":"https:\/\/www.tanalahorizon.com\/de\/wp-json\/wp\/v2\/comments?post=4473"}],"version-history":[{"count":19,"href":"https:\/\/www.tanalahorizon.com\/de\/wp-json\/wp\/v2\/pages\/4473\/revisions"}],"predecessor-version":[{"id":10349,"href":"https:\/\/www.tanalahorizon.com\/de\/wp-json\/wp\/v2\/pages\/4473\/revisions\/10349"}],"wp:featuredmedia":[{"embeddable":true,"href":"https:\/\/www.tanalahorizon.com\/de\/wp-json\/wp\/v2\/media\/4474"}],"wp:attachment":[{"href":"https:\/\/www.tanalahorizon.com\/de\/wp-json\/wp\/v2\/media?parent=4473"}],"wp:term":[{"taxonomy":"category","embeddable":true,"href":"https:\/\/www.tanalahorizon.com\/de\/wp-json\/wp\/v2\/categories?post=4473"},{"taxonomy":"post_tag","embeddable":true,"href":"https:\/\/www.tanalahorizon.com\/de\/wp-json\/wp\/v2\/tags?post=4473"}],"curies":[{"name":"wp","href":"https:\/\/api.w.org\/{rel}","templated":true}]}}