{"id":7497,"date":"2020-05-29T15:14:04","date_gmt":"2020-05-29T13:14:04","guid":{"rendered":"https:\/\/www.tanalahorizon.com\/?page_id=7497"},"modified":"2021-05-15T10:59:56","modified_gmt":"2021-05-15T08:59:56","slug":"foto-tipps","status":"publish","type":"page","link":"https:\/\/www.tanalahorizon.com\/de\/foto-tipps\/","title":{"rendered":"Foto-Tipps"},"content":{"rendered":"<div class=\"one withsmallpadding \" style=\"text-align: justify; margin-top: 800px;\" >\n<div class=\"page_content_wrapper\">\n<h1>Foto-Tipps<\/h1>\n<p><center><h7>direkt vom Fotografenmeister<\/h7><\/center><\/br><\/p>\n<div style=\"bodytext\"><img decoding=\"async\" src=\"https:\/\/www.tanalahorizon.com\/wp-content\/uploads\/2019\/06\/Grafik-Frauen.jpg\" style=\"float:right; margin-top:20px; margin-left: 30px;\"> Hier haben wir einige Foto-Tipps und Tricks zu verschiedenen Themen der Fotografie auf <a href=\"https:\/\/www.tanalahorizon.com\/de\/ueber-madagaskar-2\/\">Madagaskar<\/a> untergebracht. Bei unseren Reisen liegt ein gro\u00dfer Schwerpunkt auf der Fotografie. Tiere, Landschaften, Menschen &#8211; wir m\u00f6chten Dir helfen, alles genau ins richtige Licht zu setzen. Unsere Tanalahorizon Foto-Tipps gibt es deshalb jetzt auch online. Dabei wird ein Themenbereich an Hand eines Fotos samt der verwendeten Einstellung erkl\u00e4rt oder ein bestimmtes Thema speziell rund um die Fotografie auf Madagaskar besprochen. Es gibt regelm\u00e4\u00dfig neue Artikel f\u00fcr Dich! Wenn Du Fragen hast oder eine Idee, welches Thema Dir besonders wichtig w\u00e4re, schreib uns einfach eine Mail!<\/br><br \/>\nDu hast Deine Madagaskarreise schon gebucht? Wir bieten auf bestimmten <a href=\"https:\/\/www.tanalahorizon.com\/de\/fotoreisen-und-safaris\/\">Reisen<\/a> zus\u00e4tzlich <a href=\"https:\/\/www.tanalahorizon.com\/de\/foto-workshops-neu\/\">Foto-Workshops<\/a> an, mit denen Du deine F\u00e4higkeiten verbessern kannst. Dabei steht der Spa\u00df an der Fotografie an erster Stelle. Wir langweilen nicht mit Theorie. Bei uns wird praktisch direkt am Motiv gelernt. Schau doch mal bei den <a href=\"https:\/\/www.tanalahorizon.com\/de\/foto-workshops-neu\/\">Foto-Workshops<\/a> vorbei!\n<\/div>\n<\/p>\n<\/div>\n<\/div>\n<div class=\"one withsmallpadding \" style=\"align: center;\" >\n<div class=\"page_content_wrapper fullwidth\" style=\"text-align:center\">\n<div id=\"blog_grid_wrapper\" class=\"sidebar_content full_width ppb_blog_posts\" style=\"text-align:left\">\n<div id=\"post-8217\" class=\"post type-post hentry status-publish\">\n<div class=\"post_wrapper grid_layout\" style=\"background-image:url('https:\/\/www.tanalahorizon.com\/wp-content\/uploads\/2020\/12\/dez20_baobabs2_klein.jpg');\">\n<div class=\"parallax_overlay_header\"><\/div>\n<div class=\"grid_wrapper\">\n<div class=\"post_header grid\"><a href=\"https:\/\/www.tanalahorizon.com\/gestaltungsprinzipien-goldener-schnitt\/\" title=\"Gestaltungsprinzip: Goldener Schnitt\"><\/p>\n<h6>Gestaltungsprinzip: Goldener Schnitt<\/h6>\n<p><\/a><\/p>\n<div class=\"post_detail\">\n\t\t\t        On&nbsp;26. Dezember 2020\n\t\t\t    <\/div>\n<\/p><\/div>\n<\/p><\/div>\n<\/p><\/div>\n<\/div>\n<div id=\"post-8167\" class=\"post type-post hentry status-publish\">\n<div class=\"post_wrapper grid_layout\" style=\"background-image:url('https:\/\/www.tanalahorizon.com\/wp-content\/uploads\/2020\/08\/Foto-Tipps-Framing-1-1024x748.jpg');\">\n<div class=\"parallax_overlay_header\"><\/div>\n<div class=\"grid_wrapper\">\n<div class=\"post_header grid\"><a href=\"https:\/\/www.tanalahorizon.com\/gestaltungsprinzipien-framing\/\" title=\"Gestaltungsprinzip: Framing\"><\/p>\n<h6>Gestaltungsprinzip: Framing<\/h6>\n<p><\/a><\/p>\n<div class=\"post_detail\">\n\t\t\t        On&nbsp;23. August 2020\n\t\t\t    <\/div>\n<\/p><\/div>\n<\/p><\/div>\n<\/p><\/div>\n<\/div>\n<div id=\"post-7535\" class=\"post type-post hentry status-publish\">\n<div class=\"post_wrapper grid_layout\" style=\"background-image:url('https:\/\/www.tanalahorizon.com\/wp-content\/uploads\/2020\/05\/April20-Brookesia-stumpffi-1024x683.jpg');\">\n<div class=\"parallax_overlay_header\"><\/div>\n<div class=\"grid_wrapper\">\n<div class=\"post_header grid\"><a href=\"https:\/\/www.tanalahorizon.com\/blitzaufbau-bei-makros\/\" title=\"Blitzaufbau bei Makros\"><\/p>\n<h6>Blitzaufbau bei Makros<\/h6>\n<p><\/a><\/p>\n<div class=\"post_detail\">\n\t\t\t        On&nbsp;20. April 2020\n\t\t\t    <\/div>\n<\/p><\/div>\n<\/p><\/div>\n<\/p><\/div>\n<\/div>\n<div id=\"post-7529\" class=\"post type-post hentry status-publish\">\n<div class=\"post_wrapper grid_layout\" style=\"background-image:url('https:\/\/www.tanalahorizon.com\/wp-content\/uploads\/2020\/05\/Ausr\u00fcstung-Okt-2019-e1590760309520-1024x525.jpg');\">\n<div class=\"parallax_overlay_header\"><\/div>\n<div class=\"grid_wrapper\">\n<div class=\"post_header grid\"><a href=\"https:\/\/www.tanalahorizon.com\/fotografie-ausruestung\/\" title=\"Fotografie-Ausr\u00fcstung\"><\/p>\n<h6>Fotografie-Ausr\u00fcstung<\/h6>\n<p><\/a><\/p>\n<div class=\"post_detail\">\n\t\t\t        On&nbsp;25. Oktober 2019\n\t\t\t    <\/div>\n<\/p><\/div>\n<\/p><\/div>\n<\/p><\/div>\n<\/div>\n<div id=\"post-7523\" class=\"post type-post hentry status-publish\">\n<div class=\"post_wrapper grid_layout\" style=\"background-image:url('https:\/\/www.tanalahorizon.com\/wp-content\/uploads\/2019\/08\/Boophis_luteus_01-1024x683.jpg');\">\n<div class=\"parallax_overlay_header\"><\/div>\n<div class=\"grid_wrapper\">\n<div class=\"post_header grid\"><a href=\"https:\/\/www.tanalahorizon.com\/softbox-als-lichtformer\/\" title=\"Softbox als Lichtformer\"><\/p>\n<h6>Softbox als Lichtformer<\/h6>\n<p><\/a><\/p>\n<div class=\"post_detail\">\n\t\t\t        On&nbsp;7. August 2019\n\t\t\t    <\/div>\n<\/p><\/div>\n<\/p><\/div>\n<\/p><\/div>\n<\/div>\n<div id=\"post-7516\" class=\"post type-post hentry status-publish\">\n<div class=\"post_wrapper grid_layout\" style=\"background-image:url('https:\/\/www.tanalahorizon.com\/wp-content\/uploads\/2020\/05\/juni19_fotoworkshop-1024x724.jpg');\">\n<div class=\"parallax_overlay_header\"><\/div>\n<div class=\"grid_wrapper\">\n<div class=\"post_header grid\"><a href=\"https:\/\/www.tanalahorizon.com\/fish-eye-objektive\/\" title=\"Fish Eye Objektive\"><\/p>\n<h6>Fish Eye Objektive<\/h6>\n<p><\/a><\/p>\n<div class=\"post_detail\">\n\t\t\t        On&nbsp;2. Juni 2019\n\t\t\t    <\/div>\n<\/p><\/div>\n<\/p><\/div>\n<\/p><\/div>\n<\/div>\n<div id=\"post-7520\" class=\"post type-post hentry status-publish\">\n<div class=\"post_wrapper grid_layout\" style=\"background-image:url('https:\/\/www.tanalahorizon.com\/wp-content\/uploads\/2019\/04\/IB_Paro_oviceps01-1024x691.jpg');\">\n<div class=\"parallax_overlay_header\"><\/div>\n<div class=\"grid_wrapper\">\n<div class=\"post_header grid\"><a href=\"https:\/\/www.tanalahorizon.com\/tierfotografie-bei-nacht\/\" title=\"Tierfotografie bei Nacht\"><\/p>\n<h6>Tierfotografie bei Nacht<\/h6>\n<p><\/a><\/p>\n<div class=\"post_detail\">\n\t\t\t        On&nbsp;15. April 2019\n\t\t\t    <\/div>\n<\/p><\/div>\n<\/p><\/div>\n<\/p><\/div>\n<\/div>\n<div id=\"post-7477\" class=\"post type-post hentry status-publish\">\n<div class=\"post_wrapper grid_layout\" style=\"background-image:url('https:\/\/www.tanalahorizon.com\/wp-content\/uploads\/2020\/05\/IB_EUL_Rubriventer1-1024x700.jpg');\">\n<div class=\"parallax_overlay_header\"><\/div>\n<div class=\"grid_wrapper\">\n<div class=\"post_header grid\"><a href=\"https:\/\/www.tanalahorizon.com\/available-light\/\" title=\"Available light Fotografie\"><\/p>\n<h6>Available light Fotografie<\/h6>\n<p><\/a><\/p>\n<div class=\"post_detail\">\n\t\t\t        On&nbsp;28. Februar 2019\n\t\t\t    <\/div>\n<\/p><\/div>\n<\/p><\/div>\n<\/p><\/div>\n<\/div>\n<\/div>\n<p><br class=\"clear\"\/><\/div>\n<\/div>\n<div class=\"one withsmallpadding withbg fullwidth \" style=\"background-image:url(https:\/\/www.tanalahorizon.com\/wp-content\/uploads\/2015\/07\/Mada2008_m_15202.jpg);background-size:cover;height:1000px;\" >\n<div class=\"page_content_wrapper\">\n<div style=\"margin:120px 0 0 0;text-align:center;\">\n<h1 style=\"font-size:26px;font-style:italic;font-weight:normal;\">Fotografiere mit uns die Wildnis Madagaskars<br \/>und halte Deine Erinnerungen in fantastischen Bildern fest!<\/h1>\n<\/div>\n<\/div>\n<\/div>\n","protected":false},"excerpt":{"rendered":"<p>Foto-Tipps direkt vom Fotografenmeister Hier haben wir einige Foto-Tipps und Tricks zu verschiedenen Themen der Fotografie auf Madagaskar untergebracht. Bei unseren Reisen liegt ein gro\u00dfer Schwerpunkt auf der Fotografie. Tiere, Landschaften, Menschen &#8211; wir m\u00f6chten Dir helfen, alles genau ins richtige Licht zu setzen. Unsere Tanalahorizon [&hellip;]<\/p>\n","protected":false},"author":7,"featured_media":0,"parent":0,"menu_order":0,"comment_status":"open","ping_status":"open","template":"page-destination.php","meta":{"_monsterinsights_skip_tracking":false,"_monsterinsights_sitenote_active":false,"_monsterinsights_sitenote_note":"","_monsterinsights_sitenote_category":0,"footnotes":""},"categories":[],"tags":[],"class_list":["post-7497","page","type-page","status-publish","hentry"],"yoast_head":"<!-- This site is optimized with the Yoast SEO plugin v26.8 - https:\/\/yoast.com\/product\/yoast-seo-wordpress\/ -->\n<title>Tanalahorizon Foto-Tipps | Tricks vom Fotografenmeister<\/title>\n<meta name=\"description\" content=\"Fotografieren auf Madagaskar ist eine besondere Herausforderung. Unsere Foto-Tipps zeigen, wie man es macht und wie Deine Fotos gut gelingen.\" \/>\n<meta name=\"robots\" content=\"index, follow, max-snippet:-1, max-image-preview:large, max-video-preview:-1\" \/>\n<link rel=\"canonical\" href=\"https:\/\/www.tanalahorizon.com\/de\/foto-tipps\/\" \/>\n<meta property=\"og:locale\" content=\"de_DE\" \/>\n<meta property=\"og:type\" content=\"article\" \/>\n<meta property=\"og:title\" content=\"Tanalahorizon Foto-Tipps | Tricks vom Fotografenmeister\" \/>\n<meta property=\"og:description\" content=\"Fotografieren auf Madagaskar ist eine besondere Herausforderung. Unsere Foto-Tipps zeigen, wie man es macht und wie Deine Fotos gut gelingen.\" \/>\n<meta property=\"og:url\" content=\"https:\/\/www.tanalahorizon.com\/de\/foto-tipps\/\" \/>\n<meta property=\"og:site_name\" content=\"TANALAHORIZON - Madagaskar-Reisen und Fotoreisen seit 1995\" \/>\n<meta property=\"article:publisher\" content=\"https:\/\/www.facebook.com\/TANALAHORIZON\" \/>\n<meta property=\"article:modified_time\" content=\"2021-05-15T08:59:56+00:00\" \/>\n<meta property=\"og:image\" content=\"https:\/\/www.tanalahorizon.com\/wp-content\/uploads\/2019\/06\/Grafik-Frauen.jpg\" \/>\n<meta name=\"twitter:card\" content=\"summary_large_image\" \/>\n<meta name=\"twitter:site\" content=\"@tanalahorizon\" \/>\n<meta name=\"twitter:label1\" content=\"Gesch\u00e4tzte Lesezeit\" \/>\n\t<meta name=\"twitter:data1\" content=\"1\u00a0Minute\" \/>\n<script type=\"application\/ld+json\" class=\"yoast-schema-graph\">{\"@context\":\"https:\/\/schema.org\",\"@graph\":[{\"@type\":\"WebPage\",\"@id\":\"https:\/\/www.tanalahorizon.com\/de\/foto-tipps\/\",\"url\":\"https:\/\/www.tanalahorizon.com\/de\/foto-tipps\/\",\"name\":\"Tanalahorizon Foto-Tipps | Tricks vom Fotografenmeister\",\"isPartOf\":{\"@id\":\"https:\/\/www.tanalahorizon.com\/de\/#website\"},\"primaryImageOfPage\":{\"@id\":\"https:\/\/www.tanalahorizon.com\/de\/foto-tipps\/#primaryimage\"},\"image\":{\"@id\":\"https:\/\/www.tanalahorizon.com\/de\/foto-tipps\/#primaryimage\"},\"thumbnailUrl\":\"https:\/\/www.tanalahorizon.com\/wp-content\/uploads\/2019\/06\/Grafik-Frauen.jpg\",\"datePublished\":\"2020-05-29T13:14:04+00:00\",\"dateModified\":\"2021-05-15T08:59:56+00:00\",\"description\":\"Fotografieren auf Madagaskar ist eine besondere Herausforderung. Unsere Foto-Tipps zeigen, wie man es macht und wie Deine Fotos gut gelingen.\",\"breadcrumb\":{\"@id\":\"https:\/\/www.tanalahorizon.com\/de\/foto-tipps\/#breadcrumb\"},\"inLanguage\":\"de\",\"potentialAction\":[{\"@type\":\"ReadAction\",\"target\":[\"https:\/\/www.tanalahorizon.com\/de\/wp-json\/wp\/v2\/pages\/7497\"]}]},{\"@type\":\"ImageObject\",\"inLanguage\":\"de\",\"@id\":\"https:\/\/www.tanalahorizon.com\/de\/foto-tipps\/#primaryimage\",\"url\":\"https:\/\/www.tanalahorizon.com\/wp-content\/uploads\/2019\/06\/Grafik-Frauen.jpg\",\"contentUrl\":\"https:\/\/www.tanalahorizon.com\/wp-content\/uploads\/2019\/06\/Grafik-Frauen.jpg\"},{\"@type\":\"BreadcrumbList\",\"@id\":\"https:\/\/www.tanalahorizon.com\/de\/foto-tipps\/#breadcrumb\",\"itemListElement\":[{\"@type\":\"ListItem\",\"position\":1,\"name\":\"Home\",\"item\":\"https:\/\/www.tanalahorizon.com\/de\/\"},{\"@type\":\"ListItem\",\"position\":2,\"name\":\"Foto-Tipps\"}]},{\"@type\":\"WebSite\",\"@id\":\"https:\/\/www.tanalahorizon.com\/de\/#website\",\"url\":\"https:\/\/www.tanalahorizon.com\/de\/\",\"name\":\"TANALAHORIZON - Madagaskar-Reisen und Fotoreisen seit 1995\",\"description\":\"Ihr Reiseveranstalter f\u00fcr Madagaskar\",\"publisher\":{\"@id\":\"https:\/\/www.tanalahorizon.com\/de\/#organization\"},\"potentialAction\":[{\"@type\":\"SearchAction\",\"target\":{\"@type\":\"EntryPoint\",\"urlTemplate\":\"https:\/\/www.tanalahorizon.com\/de\/?s={search_term_string}\"},\"query-input\":{\"@type\":\"PropertyValueSpecification\",\"valueRequired\":true,\"valueName\":\"search_term_string\"}}],\"inLanguage\":\"de\"},{\"@type\":\"Organization\",\"@id\":\"https:\/\/www.tanalahorizon.com\/de\/#organization\",\"name\":\"TANALAHORIZON - Madagaskar-Reisen seit 1995\",\"url\":\"https:\/\/www.tanalahorizon.com\/de\/\",\"logo\":{\"@type\":\"ImageObject\",\"inLanguage\":\"de\",\"@id\":\"https:\/\/www.tanalahorizon.com\/de\/#\/schema\/logo\/image\/\",\"url\":\"https:\/\/www.tanalahorizon.com\/wp-content\/uploads\/2015\/09\/logo2_300px.png\",\"contentUrl\":\"https:\/\/www.tanalahorizon.com\/wp-content\/uploads\/2015\/09\/logo2_300px.png\",\"width\":300,\"height\":149,\"caption\":\"TANALAHORIZON - Madagaskar-Reisen seit 1995\"},\"image\":{\"@id\":\"https:\/\/www.tanalahorizon.com\/de\/#\/schema\/logo\/image\/\"},\"sameAs\":[\"https:\/\/www.facebook.com\/TANALAHORIZON\",\"https:\/\/x.com\/tanalahorizon\",\"https:\/\/www.youtube.com\/user\/TANALAHORIZON\"]}]}<\/script>\n<!-- \/ Yoast SEO plugin. -->","yoast_head_json":{"title":"Tanalahorizon Foto-Tipps | Tricks vom Fotografenmeister","description":"Fotografieren auf Madagaskar ist eine besondere Herausforderung. Unsere Foto-Tipps zeigen, wie man es macht und wie Deine Fotos gut gelingen.","robots":{"index":"index","follow":"follow","max-snippet":"max-snippet:-1","max-image-preview":"max-image-preview:large","max-video-preview":"max-video-preview:-1"},"canonical":"https:\/\/www.tanalahorizon.com\/de\/foto-tipps\/","og_locale":"de_DE","og_type":"article","og_title":"Tanalahorizon Foto-Tipps | Tricks vom Fotografenmeister","og_description":"Fotografieren auf Madagaskar ist eine besondere Herausforderung. Unsere Foto-Tipps zeigen, wie man es macht und wie Deine Fotos gut gelingen.","og_url":"https:\/\/www.tanalahorizon.com\/de\/foto-tipps\/","og_site_name":"TANALAHORIZON - Madagaskar-Reisen und Fotoreisen seit 1995","article_publisher":"https:\/\/www.facebook.com\/TANALAHORIZON","article_modified_time":"2021-05-15T08:59:56+00:00","og_image":[{"url":"https:\/\/www.tanalahorizon.com\/wp-content\/uploads\/2019\/06\/Grafik-Frauen.jpg","type":"","width":"","height":""}],"twitter_card":"summary_large_image","twitter_site":"@tanalahorizon","twitter_misc":{"Gesch\u00e4tzte Lesezeit":"1\u00a0Minute"},"schema":{"@context":"https:\/\/schema.org","@graph":[{"@type":"WebPage","@id":"https:\/\/www.tanalahorizon.com\/de\/foto-tipps\/","url":"https:\/\/www.tanalahorizon.com\/de\/foto-tipps\/","name":"Tanalahorizon Foto-Tipps | Tricks vom Fotografenmeister","isPartOf":{"@id":"https:\/\/www.tanalahorizon.com\/de\/#website"},"primaryImageOfPage":{"@id":"https:\/\/www.tanalahorizon.com\/de\/foto-tipps\/#primaryimage"},"image":{"@id":"https:\/\/www.tanalahorizon.com\/de\/foto-tipps\/#primaryimage"},"thumbnailUrl":"https:\/\/www.tanalahorizon.com\/wp-content\/uploads\/2019\/06\/Grafik-Frauen.jpg","datePublished":"2020-05-29T13:14:04+00:00","dateModified":"2021-05-15T08:59:56+00:00","description":"Fotografieren auf Madagaskar ist eine besondere Herausforderung. Unsere Foto-Tipps zeigen, wie man es macht und wie Deine Fotos gut gelingen.","breadcrumb":{"@id":"https:\/\/www.tanalahorizon.com\/de\/foto-tipps\/#breadcrumb"},"inLanguage":"de","potentialAction":[{"@type":"ReadAction","target":["https:\/\/www.tanalahorizon.com\/de\/wp-json\/wp\/v2\/pages\/7497"]}]},{"@type":"ImageObject","inLanguage":"de","@id":"https:\/\/www.tanalahorizon.com\/de\/foto-tipps\/#primaryimage","url":"https:\/\/www.tanalahorizon.com\/wp-content\/uploads\/2019\/06\/Grafik-Frauen.jpg","contentUrl":"https:\/\/www.tanalahorizon.com\/wp-content\/uploads\/2019\/06\/Grafik-Frauen.jpg"},{"@type":"BreadcrumbList","@id":"https:\/\/www.tanalahorizon.com\/de\/foto-tipps\/#breadcrumb","itemListElement":[{"@type":"ListItem","position":1,"name":"Home","item":"https:\/\/www.tanalahorizon.com\/de\/"},{"@type":"ListItem","position":2,"name":"Foto-Tipps"}]},{"@type":"WebSite","@id":"https:\/\/www.tanalahorizon.com\/de\/#website","url":"https:\/\/www.tanalahorizon.com\/de\/","name":"TANALAHORIZON - Madagaskar-Reisen und Fotoreisen seit 1995","description":"Ihr Reiseveranstalter f\u00fcr Madagaskar","publisher":{"@id":"https:\/\/www.tanalahorizon.com\/de\/#organization"},"potentialAction":[{"@type":"SearchAction","target":{"@type":"EntryPoint","urlTemplate":"https:\/\/www.tanalahorizon.com\/de\/?s={search_term_string}"},"query-input":{"@type":"PropertyValueSpecification","valueRequired":true,"valueName":"search_term_string"}}],"inLanguage":"de"},{"@type":"Organization","@id":"https:\/\/www.tanalahorizon.com\/de\/#organization","name":"TANALAHORIZON - Madagaskar-Reisen seit 1995","url":"https:\/\/www.tanalahorizon.com\/de\/","logo":{"@type":"ImageObject","inLanguage":"de","@id":"https:\/\/www.tanalahorizon.com\/de\/#\/schema\/logo\/image\/","url":"https:\/\/www.tanalahorizon.com\/wp-content\/uploads\/2015\/09\/logo2_300px.png","contentUrl":"https:\/\/www.tanalahorizon.com\/wp-content\/uploads\/2015\/09\/logo2_300px.png","width":300,"height":149,"caption":"TANALAHORIZON - Madagaskar-Reisen seit 1995"},"image":{"@id":"https:\/\/www.tanalahorizon.com\/de\/#\/schema\/logo\/image\/"},"sameAs":["https:\/\/www.facebook.com\/TANALAHORIZON","https:\/\/x.com\/tanalahorizon","https:\/\/www.youtube.com\/user\/TANALAHORIZON"]}]}},"_links":{"self":[{"href":"https:\/\/www.tanalahorizon.com\/de\/wp-json\/wp\/v2\/pages\/7497","targetHints":{"allow":["GET"]}}],"collection":[{"href":"https:\/\/www.tanalahorizon.com\/de\/wp-json\/wp\/v2\/pages"}],"about":[{"href":"https:\/\/www.tanalahorizon.com\/de\/wp-json\/wp\/v2\/types\/page"}],"author":[{"embeddable":true,"href":"https:\/\/www.tanalahorizon.com\/de\/wp-json\/wp\/v2\/users\/7"}],"replies":[{"embeddable":true,"href":"https:\/\/www.tanalahorizon.com\/de\/wp-json\/wp\/v2\/comments?post=7497"}],"version-history":[{"count":56,"href":"https:\/\/www.tanalahorizon.com\/de\/wp-json\/wp\/v2\/pages\/7497\/revisions"}],"predecessor-version":[{"id":8289,"href":"https:\/\/www.tanalahorizon.com\/de\/wp-json\/wp\/v2\/pages\/7497\/revisions\/8289"}],"wp:attachment":[{"href":"https:\/\/www.tanalahorizon.com\/de\/wp-json\/wp\/v2\/media?parent=7497"}],"wp:term":[{"taxonomy":"category","embeddable":true,"href":"https:\/\/www.tanalahorizon.com\/de\/wp-json\/wp\/v2\/categories?post=7497"},{"taxonomy":"post_tag","embeddable":true,"href":"https:\/\/www.tanalahorizon.com\/de\/wp-json\/wp\/v2\/tags?post=7497"}],"curies":[{"name":"wp","href":"https:\/\/api.w.org\/{rel}","templated":true}]}}