{"id":4057,"date":"2015-07-26T17:59:42","date_gmt":"2015-07-26T15:59:42","guid":{"rendered":"https:\/\/neu.tanalahorizon.com\/?page_id=4057"},"modified":"2020-05-30T21:15:21","modified_gmt":"2020-05-30T19:15:21","slug":"tanala-proservice","status":"publish","type":"page","link":"https:\/\/www.tanalahorizon.com\/en\/tanala-proservice\/","title":{"rendered":"Tanala ProService"},"content":{"rendered":"<div class=\"pf-content\">\n<div class=\"one withsmallpadding \" style=\"text-align: justify;\" >\n<div class=\"page_content_wrapper\">\n<div class=\"pf-content\">\n<p><center><\/p>\n<h1>Tanala ProService<\/h1>\n<p><h7>Bei einer Gruppenreise alleine fotografieren<\/h7><\/center><br \/>\nEs gibt kaum ein Land, in dem die Tier- und Pflanzenwelt so vielf\u00e4ltig und gleichzeitig so bedroht ist wie auf Madagaskar. Manche botanische und zoologische Sensation wartet hier immernoch auf Ihre Entdeckung. Nah am Objekt &#8211; der Traum jedes Tierfotografen geht in Erf\u00fcllung, wenn wir an sorgf\u00e4ltig ausgew\u00e4hlten Orten den seltensten Tieren begegnen. Die Kenntnis \u00fcber Verhaltensweisen dieser Tiere ist f\u00fcr das Gelingen eines Fotos von gro\u00dfer Wichtigkeit! Unser <a href=\"https:\/\/www.tanalahorizon.com\/de\/das-team\/\">Team<\/a> hilft Dir, alles ins richtige Licht zu r\u00fccken, um das beste Foto zu erhalten. Zus\u00e4tzlich m\u00f6chten wir Dir jedoch einen ganz besonderen Service bieten.<\/p>\n<p><\/br><br \/>\n<img decoding=\"async\" src=\"https:\/\/www.tanalahorizon.com\/wp-content\/uploads\/2020\/05\/Grafik-Segelboot.jpg\" style=\"float:right; margin-top:0px; margin-left: 20px;\">  F\u00fcr Fotografen, die lieber alleine fotografieren m\u00f6chten oder Auftragsarbeiten zu erledigen haben, sich jedoch die finanziellen Vorteile einer <a href=\"https:\/\/www.tanalahorizon.com\/de\/fotoreisen-und-safaris\/\">Gruppenreise<\/a> zu Nutze machen m\u00f6chten, gibt es jetzt unseren Tanala ProService. Hierbei kann der Fotograf alleine mit einem eigenen Guide innerhalb der Nationalparks ungest\u00f6rt fotografieren. Der Fotograf unternimmt quasi eine eigene, private Tour durch den Nationalpark oder das besuchte Reservat. Er sichert sich damit sowohl stets den n\u00e4chsten Platz am Tier als auch mit einem eigenen Guide die gr\u00f6\u00dftm\u00f6gliche Chance, die gew\u00fcnschten Tiere vor die Linse zu bekommen. Der ProService ist kostenpflichtig und richtet sich nach der Zahl der besuchten Nationalparks. Bitte teile uns im Falle der Inanspruchnahme dieses Service vor der Reise Deine Motivliste mit, damit wir uns optimal auf Deine W\u00fcnsche und Ziele einstellen k\u00f6nnen. <\/p>\n<\/p>\n<\/div>\n<\/div>\n<\/div>\n<\/div>\n<div class=\"pf-content\">\n<div class=\"one withsmallpadding withbg \" style=\"background-image:url(https:\/\/www.tanalahorizon.com\/wp-content\/uploads\/2015\/07\/Tanala-Pro-Service-Katta1.jpg);background-size:cover;height:800px;\" >\n<div class=\"page_content_wrapper\"><\/div>\n<\/div>\n<\/div>\n<div class=\"pf-content\">\n<div class=\"one withsmallpadding \" style=\"text-align: justify;\" >\n<div class=\"page_content_wrapper\">\n<div class=\"pf-content\">\n<p>Der ProService findet seine Anwendung immer nur auf Nationalparks und Reservate Madagaskars. Dieser Service ist damit nicht auf alle Destinationen der gew\u00e4hlten Reise anwendbar! Bitte denke immer daran, dass Du Teilnehmer einer Gruppenreise bist und Dich mit anderen Reiseg\u00e4sten arrangieren musst. Dies ist besonders der Fall, wenn unsere G\u00e4ste gemeinsam eine  Destination wie z.B. die Tsingy Rouge  besuchen oder entlang einer \u00f6ffentlichen Stra\u00dfe nach Tieren suchen. Frage uns einfach vor der Reise &#8211; wir k\u00f6nnen Dir genau sagen, ob und wann der ProService bei Deiner Reise zur Anwendung kommen kann.<\/p>\n<\/p>\n<\/div>\n<\/div>\n<\/div>\n<\/div>\n","protected":false},"excerpt":{"rendered":"<p>Tanala ProService Bei einer Gruppenreise alleine fotografieren Es gibt kaum ein Land, in dem die Tier- und Pflanzenwelt so vielf\u00e4ltig und gleichzeitig so bedroht ist wie auf Madagaskar. Manche botanische und zoologische Sensation wartet hier immernoch auf Ihre Entdeckung. Nah am Objekt &#8211; der Traum jedes [&hellip;]<\/p>\n","protected":false},"author":1,"featured_media":6991,"parent":0,"menu_order":0,"comment_status":"open","ping_status":"open","template":"page-destination.php","meta":{"_monsterinsights_skip_tracking":false,"_monsterinsights_sitenote_active":false,"_monsterinsights_sitenote_note":"","_monsterinsights_sitenote_category":0,"footnotes":""},"categories":[],"tags":[437,438,439,440,441,474,477,74,271,433,75,76,449,280,281,77,78,336,79,80,445,447,466,84,470,115,116,118,119,135,337,435,436,471,220,221,467,269,270,446,448,444,434,172,173,468,469,263,475,476,472,473],"class_list":["post-4057","page","type-page","status-publish","has-post-thumbnail","hentry","tag-auftragsarbeit","tag-auftragsarbeiten","tag-auftragsarbeiten-madagaskar","tag-auftragsfotografie","tag-auftragsfotografie-madagaskar","tag-fotoauftrag","tag-fotoauftrag-madagaskar","tag-fotoexpeditionen-madagaskar","tag-fotografenmeister","tag-fotografenservice","tag-fotografie","tag-fotografie-madagaskar","tag-fotografieren","tag-fotografieren-lernen","tag-fotografieren-lernen-im-urlaub","tag-fotoreisen","tag-fotoreisen-madagaskar","tag-fotos-nutzung","tag-fotosafari","tag-fotosafari-madagaskar","tag-fotoservice","tag-fotoservice-madagaskar","tag-fotoshooting","tag-fotourlaub-madagaskar","tag-geo","tag-madagaskar-fotoabenteuer","tag-madagaskar-fotoexpeditionen","tag-madagaskar-fotosafaris","tag-madagaskar-fototouren","tag-madagaskar-reisefotografie","tag-madagaskarfotos","tag-motivliste","tag-motivliste-madagaskar","tag-national-geographic","tag-naturfotografie","tag-naturfotografie-madagaskar","tag-fotoshooting-madagaskar","tag-photographie","tag-photos-madagaskar","tag-photoservice","tag-photoservice-madagaskar","tag-professionelle-fotografie-madagaskar","tag-proservice","tag-reisefotografie","tag-reisefotografie-madagaskar","tag-sedcard","tag-sedcard-madagaskar","tag-service","tag-terminarbeit","tag-terminarbeit-madagaskar","tag-widlife-fotografie","tag-wildlife-fotos"],"yoast_head":"<!-- This site is optimized with the Yoast SEO plugin v26.8 - https:\/\/yoast.com\/product\/yoast-seo-wordpress\/ -->\n<title>Tanala ProService - Tanalahorizon - Madagaskar seit 1995<\/title>\n<meta name=\"description\" content=\"In einer Gruppe reisen, aber trotzdem als professioneller Fotograf in Nationalparks ganz alleine fotografieren - mit unserem ProService geht das!\" \/>\n<meta name=\"robots\" content=\"index, follow, max-snippet:-1, max-image-preview:large, max-video-preview:-1\" \/>\n<link rel=\"canonical\" href=\"https:\/\/www.tanalahorizon.com\/en\/tanala-proservice\/\" \/>\n<meta property=\"og:locale\" content=\"en_US\" \/>\n<meta property=\"og:type\" content=\"article\" \/>\n<meta property=\"og:title\" content=\"Tanala ProService - Tanalahorizon - Madagaskar seit 1995\" \/>\n<meta property=\"og:description\" content=\"In einer Gruppe reisen, aber trotzdem als professioneller Fotograf in Nationalparks ganz alleine fotografieren - mit unserem ProService geht das!\" \/>\n<meta property=\"og:url\" content=\"https:\/\/www.tanalahorizon.com\/en\/tanala-proservice\/\" \/>\n<meta property=\"og:site_name\" content=\"Tanalahorizon - Madagaskar travels since 1995\" \/>\n<meta property=\"article:publisher\" content=\"https:\/\/www.facebook.com\/TANALAHORIZON\" \/>\n<meta property=\"article:modified_time\" content=\"2020-05-30T19:15:21+00:00\" \/>\n<meta property=\"og:image\" content=\"https:\/\/www.tanalahorizon.com\/wp-content\/uploads\/2019\/01\/TH_Fotoworkshop2.jpg\" \/>\n\t<meta property=\"og:image:width\" content=\"2200\" \/>\n\t<meta property=\"og:image:height\" content=\"1650\" \/>\n\t<meta property=\"og:image:type\" content=\"image\/jpeg\" \/>\n<meta name=\"twitter:card\" content=\"summary_large_image\" \/>\n<meta name=\"twitter:site\" content=\"@tanalahorizon\" \/>\n<meta name=\"twitter:label1\" content=\"Est. reading time\" \/>\n\t<meta name=\"twitter:data1\" content=\"2 minutes\" \/>\n<script type=\"application\/ld+json\" class=\"yoast-schema-graph\">{\"@context\":\"https:\/\/schema.org\",\"@graph\":[{\"@type\":\"WebPage\",\"@id\":\"https:\/\/www.tanalahorizon.com\/en\/tanala-proservice\/\",\"url\":\"https:\/\/www.tanalahorizon.com\/en\/tanala-proservice\/\",\"name\":\"Tanala ProService - Tanalahorizon - Madagaskar seit 1995\",\"isPartOf\":{\"@id\":\"https:\/\/www.tanalahorizon.com\/en\/#website\"},\"primaryImageOfPage\":{\"@id\":\"https:\/\/www.tanalahorizon.com\/en\/tanala-proservice\/#primaryimage\"},\"image\":{\"@id\":\"https:\/\/www.tanalahorizon.com\/de\/tanala-proservice\/#primaryimage\"},\"thumbnailUrl\":\"https:\/\/www.tanalahorizon.com\/wp-content\/uploads\/2019\/01\/TH_Fotoworkshop2.jpg\",\"datePublished\":\"2015-07-26T15:59:42+00:00\",\"dateModified\":\"2020-05-30T19:15:21+00:00\",\"description\":\"In einer Gruppe reisen, aber trotzdem als professioneller Fotograf in Nationalparks ganz alleine fotografieren - mit unserem ProService geht das!\",\"breadcrumb\":{\"@id\":\"https:\/\/www.tanalahorizon.com\/en\/tanala-proservice\/#breadcrumb\"},\"inLanguage\":\"en-US\",\"potentialAction\":[{\"@type\":\"ReadAction\",\"target\":[\"https:\/\/www.tanalahorizon.com\/en\/wp-json\/wp\/v2\/pages\/4057\"]}]},{\"@type\":\"ImageObject\",\"inLanguage\":\"en-US\",\"@id\":\"https:\/\/www.tanalahorizon.com\/en\/tanala-proservice\/#primaryimage\",\"url\":\"https:\/\/www.tanalahorizon.com\/wp-content\/uploads\/2019\/01\/TH_Fotoworkshop2.jpg\",\"contentUrl\":\"https:\/\/www.tanalahorizon.com\/wp-content\/uploads\/2019\/01\/TH_Fotoworkshop2.jpg\",\"width\":2200,\"height\":1650,\"caption\":\"Fotoworkshop in Madagaskar\"},{\"@type\":\"BreadcrumbList\",\"@id\":\"https:\/\/www.tanalahorizon.com\/en\/tanala-proservice\/#breadcrumb\",\"itemListElement\":[{\"@type\":\"ListItem\",\"position\":1,\"name\":\"Home\",\"item\":\"https:\/\/www.tanalahorizon.com\/en\/\"},{\"@type\":\"ListItem\",\"position\":2,\"name\":\"Tanala ProService\"}]},{\"@type\":\"WebSite\",\"@id\":\"https:\/\/www.tanalahorizon.com\/en\/#website\",\"url\":\"https:\/\/www.tanalahorizon.com\/en\/\",\"name\":\"Tanalahorizon - Madagaskar travels since 1995\",\"description\":\"Your travel agency for Madagascar\",\"publisher\":{\"@id\":\"https:\/\/www.tanalahorizon.com\/de\/#organization\"},\"potentialAction\":[{\"@type\":\"SearchAction\",\"target\":{\"@type\":\"EntryPoint\",\"urlTemplate\":\"https:\/\/www.tanalahorizon.com\/en\/?s={search_term_string}\"},\"query-input\":{\"@type\":\"PropertyValueSpecification\",\"valueRequired\":true,\"valueName\":\"search_term_string\"}}],\"inLanguage\":\"en-US\"},{\"@type\":\"Organization\",\"@id\":\"https:\/\/www.tanalahorizon.com\/de\/#organization\",\"name\":\"TANALAHORIZON - Madagaskar-Reisen seit 1995\",\"url\":\"https:\/\/www.tanalahorizon.com\/de\/\",\"logo\":{\"@type\":\"ImageObject\",\"inLanguage\":\"en-US\",\"@id\":\"https:\/\/www.tanalahorizon.com\/de\/#\/schema\/logo\/image\/\",\"url\":\"https:\/\/www.tanalahorizon.com\/wp-content\/uploads\/2015\/09\/logo2_300px.png\",\"contentUrl\":\"https:\/\/www.tanalahorizon.com\/wp-content\/uploads\/2015\/09\/logo2_300px.png\",\"width\":300,\"height\":149,\"caption\":\"TANALAHORIZON - Madagaskar-Reisen seit 1995\"},\"image\":{\"@id\":\"https:\/\/www.tanalahorizon.com\/de\/#\/schema\/logo\/image\/\"},\"sameAs\":[\"https:\/\/www.facebook.com\/TANALAHORIZON\",\"https:\/\/x.com\/tanalahorizon\",\"https:\/\/www.youtube.com\/user\/TANALAHORIZON\"]}]}<\/script>\n<!-- \/ Yoast SEO plugin. -->","yoast_head_json":{"title":"Tanala ProService - Tanalahorizon - Madagaskar seit 1995","description":"In einer Gruppe reisen, aber trotzdem als professioneller Fotograf in Nationalparks ganz alleine fotografieren - mit unserem ProService geht das!","robots":{"index":"index","follow":"follow","max-snippet":"max-snippet:-1","max-image-preview":"max-image-preview:large","max-video-preview":"max-video-preview:-1"},"canonical":"https:\/\/www.tanalahorizon.com\/en\/tanala-proservice\/","og_locale":"en_US","og_type":"article","og_title":"Tanala ProService - Tanalahorizon - Madagaskar seit 1995","og_description":"In einer Gruppe reisen, aber trotzdem als professioneller Fotograf in Nationalparks ganz alleine fotografieren - mit unserem ProService geht das!","og_url":"https:\/\/www.tanalahorizon.com\/en\/tanala-proservice\/","og_site_name":"Tanalahorizon - Madagaskar travels since 1995","article_publisher":"https:\/\/www.facebook.com\/TANALAHORIZON","article_modified_time":"2020-05-30T19:15:21+00:00","og_image":[{"width":2200,"height":1650,"url":"https:\/\/www.tanalahorizon.com\/wp-content\/uploads\/2019\/01\/TH_Fotoworkshop2.jpg","type":"image\/jpeg"}],"twitter_card":"summary_large_image","twitter_site":"@tanalahorizon","twitter_misc":{"Est. reading time":"2 minutes"},"schema":{"@context":"https:\/\/schema.org","@graph":[{"@type":"WebPage","@id":"https:\/\/www.tanalahorizon.com\/en\/tanala-proservice\/","url":"https:\/\/www.tanalahorizon.com\/en\/tanala-proservice\/","name":"Tanala ProService - Tanalahorizon - Madagaskar seit 1995","isPartOf":{"@id":"https:\/\/www.tanalahorizon.com\/en\/#website"},"primaryImageOfPage":{"@id":"https:\/\/www.tanalahorizon.com\/en\/tanala-proservice\/#primaryimage"},"image":{"@id":"https:\/\/www.tanalahorizon.com\/de\/tanala-proservice\/#primaryimage"},"thumbnailUrl":"https:\/\/www.tanalahorizon.com\/wp-content\/uploads\/2019\/01\/TH_Fotoworkshop2.jpg","datePublished":"2015-07-26T15:59:42+00:00","dateModified":"2020-05-30T19:15:21+00:00","description":"In einer Gruppe reisen, aber trotzdem als professioneller Fotograf in Nationalparks ganz alleine fotografieren - mit unserem ProService geht das!","breadcrumb":{"@id":"https:\/\/www.tanalahorizon.com\/en\/tanala-proservice\/#breadcrumb"},"inLanguage":"en-US","potentialAction":[{"@type":"ReadAction","target":["https:\/\/www.tanalahorizon.com\/en\/wp-json\/wp\/v2\/pages\/4057"]}]},{"@type":"ImageObject","inLanguage":"en-US","@id":"https:\/\/www.tanalahorizon.com\/en\/tanala-proservice\/#primaryimage","url":"https:\/\/www.tanalahorizon.com\/wp-content\/uploads\/2019\/01\/TH_Fotoworkshop2.jpg","contentUrl":"https:\/\/www.tanalahorizon.com\/wp-content\/uploads\/2019\/01\/TH_Fotoworkshop2.jpg","width":2200,"height":1650,"caption":"Fotoworkshop in Madagaskar"},{"@type":"BreadcrumbList","@id":"https:\/\/www.tanalahorizon.com\/en\/tanala-proservice\/#breadcrumb","itemListElement":[{"@type":"ListItem","position":1,"name":"Home","item":"https:\/\/www.tanalahorizon.com\/en\/"},{"@type":"ListItem","position":2,"name":"Tanala ProService"}]},{"@type":"WebSite","@id":"https:\/\/www.tanalahorizon.com\/en\/#website","url":"https:\/\/www.tanalahorizon.com\/en\/","name":"Tanalahorizon - Madagaskar travels since 1995","description":"Your travel agency for Madagascar","publisher":{"@id":"https:\/\/www.tanalahorizon.com\/de\/#organization"},"potentialAction":[{"@type":"SearchAction","target":{"@type":"EntryPoint","urlTemplate":"https:\/\/www.tanalahorizon.com\/en\/?s={search_term_string}"},"query-input":{"@type":"PropertyValueSpecification","valueRequired":true,"valueName":"search_term_string"}}],"inLanguage":"en-US"},{"@type":"Organization","@id":"https:\/\/www.tanalahorizon.com\/de\/#organization","name":"TANALAHORIZON - Madagaskar-Reisen seit 1995","url":"https:\/\/www.tanalahorizon.com\/de\/","logo":{"@type":"ImageObject","inLanguage":"en-US","@id":"https:\/\/www.tanalahorizon.com\/de\/#\/schema\/logo\/image\/","url":"https:\/\/www.tanalahorizon.com\/wp-content\/uploads\/2015\/09\/logo2_300px.png","contentUrl":"https:\/\/www.tanalahorizon.com\/wp-content\/uploads\/2015\/09\/logo2_300px.png","width":300,"height":149,"caption":"TANALAHORIZON - Madagaskar-Reisen seit 1995"},"image":{"@id":"https:\/\/www.tanalahorizon.com\/de\/#\/schema\/logo\/image\/"},"sameAs":["https:\/\/www.facebook.com\/TANALAHORIZON","https:\/\/x.com\/tanalahorizon","https:\/\/www.youtube.com\/user\/TANALAHORIZON"]}]}},"_links":{"self":[{"href":"https:\/\/www.tanalahorizon.com\/en\/wp-json\/wp\/v2\/pages\/4057","targetHints":{"allow":["GET"]}}],"collection":[{"href":"https:\/\/www.tanalahorizon.com\/en\/wp-json\/wp\/v2\/pages"}],"about":[{"href":"https:\/\/www.tanalahorizon.com\/en\/wp-json\/wp\/v2\/types\/page"}],"author":[{"embeddable":true,"href":"https:\/\/www.tanalahorizon.com\/en\/wp-json\/wp\/v2\/users\/1"}],"replies":[{"embeddable":true,"href":"https:\/\/www.tanalahorizon.com\/en\/wp-json\/wp\/v2\/comments?post=4057"}],"version-history":[{"count":32,"href":"https:\/\/www.tanalahorizon.com\/en\/wp-json\/wp\/v2\/pages\/4057\/revisions"}],"predecessor-version":[{"id":7832,"href":"https:\/\/www.tanalahorizon.com\/en\/wp-json\/wp\/v2\/pages\/4057\/revisions\/7832"}],"wp:featuredmedia":[{"embeddable":true,"href":"https:\/\/www.tanalahorizon.com\/en\/wp-json\/wp\/v2\/media\/6991"}],"wp:attachment":[{"href":"https:\/\/www.tanalahorizon.com\/en\/wp-json\/wp\/v2\/media?parent=4057"}],"wp:term":[{"taxonomy":"category","embeddable":true,"href":"https:\/\/www.tanalahorizon.com\/en\/wp-json\/wp\/v2\/categories?post=4057"},{"taxonomy":"post_tag","embeddable":true,"href":"https:\/\/www.tanalahorizon.com\/en\/wp-json\/wp\/v2\/tags?post=4057"}],"curies":[{"name":"wp","href":"https:\/\/api.w.org\/{rel}","templated":true}]}}