{"id":4064,"date":"2015-07-26T18:07:12","date_gmt":"2015-07-26T16:07:12","guid":{"rendered":"https:\/\/neu.tanalahorizon.com\/?page_id=4064"},"modified":"2021-12-19T14:30:28","modified_gmt":"2021-12-19T13:30:28","slug":"hilfsprojekt-ala-kely","status":"publish","type":"page","link":"https:\/\/www.tanalahorizon.com\/en\/hilfsprojekt-ala-kely\/","title":{"rendered":"Aid project Ala Kely"},"content":{"rendered":"<div class=\"one withsmallpadding \" style=\"text-align: justify;\" >\n<div class=\"page_content_wrapper\">\n<h1>Ala kely<\/h1>\n<p><center><h7>Das Tanalahorizon &#8211; Hilfsprojekt<\/h7><\/center><\/br><br \/>\nMadagaskars Flora und Fauna wird seit Jahrzehnten von <a href=\"https:\/\/www.madamagazine.com\/english-tavy-kahlschlag-einer-insel\/\">Brandrodung<\/a> bedroht. Nur noch wenige zusammenh\u00e4ngende Waldgebiete sind heute geblieben, die wenigstens davon stehen \u00fcberhaupt unter Schutz. Und selbst offizielle Schutzgebiete sind l\u00e4ngst in Gefahr: Zebus grasen H\u00e4nge und H\u00fcgel ab. Br\u00e4nde werden gelegt, um Ackerland zu gewinnen. Immer wieder m\u00fcssen Menschen Brennholz in den W\u00e4ldern schlagen, um sich ein warmes Essen zubereiten zu k\u00f6nnen.  Seit Jahren beobachten wir auf unseren Reisen, wie Madagaskars Regenw\u00e4lder kleiner und kleiner werden.<br \/>\n<\/br><br \/>\nNachdem bei der Zusammenarbeit mit bereits bestehenden Projekten oft fraglich ist, wo das gespendete Geld eigentlich landet und wieviel davon \u00fcberhaupt dem urspr\u00fcnglichen Zweck zugef\u00fchrt wird, haben wir uns entschlossen, selbst t\u00e4tig zu werden. In Zusammenarbeit mit einem Reservat an der Ostk\u00fcste Madagaskars wurde deshalb 2015 von TANALAHORIZON das Projekt <i>Ala kely<\/i>, zu deutsch kleiner Wald, ins Leben gerufen. Es geht dabei um ein Waldgebiet von 85 ha Gesamtfl\u00e4che, das jedoch durch eine gro\u00dfe, kahle Fl\u00e4che in zwei Teile getrennt ist und daher von Lemuren und anderen einheimischen Tieren nur begrenzt genutzt werden kann. Lemuren beispielsweise betreten das vor Jahren abgerodete Gebiet \u00fcberhaupt nicht mehr, und f\u00fcr viele andere Tiere wie Reptilien und Insekten bietet die karge Fl\u00e4che keinen Schutz. Auf diesen rund 8 ha Fl\u00e4che sollen jedoch bald wieder B\u00e4ume wachsen &#8211; mit Deiner Hilfe! <\/p>\n<\/p>\n<\/div>\n<\/div>\n<div class=\"one withsmallpadding withbg \" style=\"background-image:url(https:\/\/www.tanalahorizon.com\/wp-content\/uploads\/2015\/07\/Ala-kely-gro\u00df-schmal.jpg);background-size:cover;height:800px;\" >\n<div class=\"page_content_wrapper\">\n<div style=\"margin:10px 0 0 0;text-align:center;\">\n<h1 style=\"font-size:26px;font-style:italic;font-weight:normal;\">Reisen und etwas Gutes tun<br \/>mit TANALAHORIZON<\/h1>\n<\/div>\n<\/div>\n<\/div>\n<div class=\"one withsmallpadding \" style=\"text-align: justify;\" >\n<div class=\"page_content_wrapper\">\n<div style=\"text-align:center\">\n<h2 class=\"ppb_title\">Wie kann ich helfen?<\/h2>\n<div class=\"page_caption_desc\">Reisen f\u00fcr den Regenwald<\/div>\n<\/div>\n<p>Von jeder Buchung bei TANALAHORIZON geht ab jetzt ein Spendenanteil f\u00fcr Aufforstung an Ala kely. Bei diesen Spenden geht kein Cent verloren, denn sie werden direkt vor Ort von uns \u00fcbergeben. Jeglicher Verwaltungsaufwand sowie die Fl\u00fcge werden von uns privat finanziert &#8211; die Spenden werden also zu nichts anderem als dem Kauf von jungen B\u00e4umen verwendet. Au\u00dferdem wird beim Kauf der Baby-Pflanzen ausschlie\u00dflich auf einheimische und n\u00fctzliche Setzlinge zur\u00fcckgegriffen, die aus der nachhaltigen Baumschule einer nahen NGO stammen. Zu den genutzen Pflanzen geh\u00f6ren beispielsweise Palisander und Ebenholz, aber auch einige f\u00fcr Lemuren und andere Tiere gut nutzbare Obstb\u00e4ume. Langfristig soll mit schnell und langsamer wachsenden Geh\u00f6lzen wieder ein zusammen h\u00e4ngender, gro\u00dfer Lebensraum geschaffen werden, der endemischen Tieren und Pflanzen genug Platz zum Leben bietet. <\/p>\n<\/p>\n<\/div>\n<\/div>\n<p class=\"qtranxs-available-languages-message qtranxs-available-languages-message-de\">Leider ist der Eintrag nur auf <a href=\"\" class=\"qtranxs-available-language-link qtranxs-available-language-link-en\" title=\"English\">Amerikanisches Englisch<\/a> verf\u00fcgbar.<\/p>\n","protected":false},"excerpt":{"rendered":"<p>Ala kely Das Tanalahorizon &#8211; Hilfsprojekt Madagaskars Flora und Fauna wird seit Jahrzehnten von Brandrodung bedroht. Nur noch wenige zusammenh\u00e4ngende Waldgebiete sind heute geblieben, die wenigstens davon stehen \u00fcberhaupt unter Schutz. Und selbst offizielle Schutzgebiete sind l\u00e4ngst in Gefahr: Zebus grasen H\u00e4nge und H\u00fcgel ab. Br\u00e4nde [&hellip;]<\/p>\n","protected":false},"author":1,"featured_media":6992,"parent":0,"menu_order":0,"comment_status":"open","ping_status":"open","template":"page-destination.php","meta":{"_monsterinsights_skip_tracking":false,"_monsterinsights_sitenote_active":false,"_monsterinsights_sitenote_note":"","_monsterinsights_sitenote_category":0,"footnotes":""},"categories":[],"tags":[297,298,289,290,304,305,293,311,312,313,314,288,291,301,299,300,292,215,294,217,219,161,214,216,296,240,318,295,306,308,309,307,310,315,316,317],"class_list":["post-4064","page","type-page","status-publish","has-post-thumbnail","hentry","tag-brandrodung","tag-brandrodung-madagaskar","tag-entwicklungshilfe","tag-entwicklungshilfe-madagaskar","tag-feuer","tag-hilfe-fuer-madagaskar","tag-hilfe-zur-selbsthilfe","tag-hilfsaktion","tag-hilfsaktion-madagaskar","tag-hilfsorganisation","tag-hilfsorganisation-madagaskar","tag-hilfsprojekt","tag-hilfsprojekt-madagaskar","tag-lemur","tag-lemuren","tag-lemuren-madagaskar","tag-madagaskar-helfen","tag-nachhaltig-reisen","tag-nachhaltigkeit","tag-naturnah-reisen","tag-naturnahe-madagaskarreisen","tag-naturreisen-madagaskar","tag-oekotourismus","tag-oekotourismus-madagaskar","tag-regenwald","tag-regenwald-reise","tag-regenwald-aufforstung","tag-regenwaelder","tag-reisen-fuer-den-regenwald","tag-spende","tag-spende-madagaskar","tag-spenden","tag-spenden-madagaskar","tag-spendenaktion-madagaskar","tag-umweltbildung-madagaskar","tag-umwelterziehung-madagaskar"],"yoast_head":"<!-- This site is optimized with the Yoast SEO plugin v26.8 - https:\/\/yoast.com\/product\/yoast-seo-wordpress\/ -->\n<title>Hilfsprojekt Ala kely - Tanalahorizon - Madagaskar seit 1995<\/title>\n<meta name=\"description\" content=\"Unser eigenes Hilfsprojekt k\u00fcmmert sich um die Aufforstung eines kleinen Waldes an der Ostk\u00fcste Madagaskars. Kein Cent geht verloren - das ist uns wichtig.\" \/>\n<meta name=\"robots\" content=\"index, follow, max-snippet:-1, max-image-preview:large, max-video-preview:-1\" \/>\n<link rel=\"canonical\" href=\"https:\/\/www.tanalahorizon.com\/en\/hilfsprojekt-ala-kely\/\" \/>\n<meta property=\"og:locale\" content=\"en_US\" \/>\n<meta property=\"og:type\" content=\"article\" \/>\n<meta property=\"og:title\" content=\"Hilfsprojekt Ala kely - Tanalahorizon - Madagaskar seit 1995\" \/>\n<meta property=\"og:description\" content=\"Unser eigenes Hilfsprojekt k\u00fcmmert sich um die Aufforstung eines kleinen Waldes an der Ostk\u00fcste Madagaskars. Kein Cent geht verloren - das ist uns wichtig.\" \/>\n<meta property=\"og:url\" content=\"https:\/\/www.tanalahorizon.com\/en\/hilfsprojekt-ala-kely\/\" \/>\n<meta property=\"og:site_name\" content=\"Tanalahorizon - Madagaskar travels since 1995\" \/>\n<meta property=\"article:publisher\" content=\"https:\/\/www.facebook.com\/TANALAHORIZON\" \/>\n<meta property=\"article:modified_time\" content=\"2021-12-19T13:30:28+00:00\" \/>\n<meta property=\"og:image\" content=\"https:\/\/www.tanalahorizon.com\/wp-content\/uploads\/2019\/01\/BK_Farn.jpg\" \/>\n\t<meta property=\"og:image:width\" content=\"1190\" \/>\n\t<meta property=\"og:image:height\" content=\"807\" \/>\n\t<meta property=\"og:image:type\" content=\"image\/jpeg\" \/>\n<meta name=\"twitter:card\" content=\"summary_large_image\" \/>\n<meta name=\"twitter:site\" content=\"@tanalahorizon\" \/>\n<meta name=\"twitter:label1\" content=\"Est. reading time\" \/>\n\t<meta name=\"twitter:data1\" content=\"2 minutes\" \/>\n<script type=\"application\/ld+json\" class=\"yoast-schema-graph\">{\"@context\":\"https:\/\/schema.org\",\"@graph\":[{\"@type\":\"WebPage\",\"@id\":\"https:\/\/www.tanalahorizon.com\/en\/hilfsprojekt-ala-kely\/\",\"url\":\"https:\/\/www.tanalahorizon.com\/en\/hilfsprojekt-ala-kely\/\",\"name\":\"Hilfsprojekt Ala kely - Tanalahorizon - Madagaskar seit 1995\",\"isPartOf\":{\"@id\":\"https:\/\/www.tanalahorizon.com\/en\/#website\"},\"primaryImageOfPage\":{\"@id\":\"https:\/\/www.tanalahorizon.com\/en\/hilfsprojekt-ala-kely\/#primaryimage\"},\"image\":{\"@id\":\"https:\/\/www.tanalahorizon.com\/hilfsprojekt-ala-kely\/#primaryimage\"},\"thumbnailUrl\":\"https:\/\/www.tanalahorizon.com\/wp-content\/uploads\/2019\/01\/BK_Farn.jpg\",\"datePublished\":\"2015-07-26T16:07:12+00:00\",\"dateModified\":\"2021-12-19T13:30:28+00:00\",\"description\":\"Unser eigenes Hilfsprojekt k\u00fcmmert sich um die Aufforstung eines kleinen Waldes an der Ostk\u00fcste Madagaskars. Kein Cent geht verloren - das ist uns wichtig.\",\"breadcrumb\":{\"@id\":\"https:\/\/www.tanalahorizon.com\/en\/hilfsprojekt-ala-kely\/#breadcrumb\"},\"inLanguage\":\"en-US\",\"potentialAction\":[{\"@type\":\"ReadAction\",\"target\":[\"https:\/\/www.tanalahorizon.com\/en\/wp-json\/wp\/v2\/pages\/4064\"]}]},{\"@type\":\"ImageObject\",\"inLanguage\":\"en-US\",\"@id\":\"https:\/\/www.tanalahorizon.com\/en\/hilfsprojekt-ala-kely\/#primaryimage\",\"url\":\"https:\/\/www.tanalahorizon.com\/wp-content\/uploads\/2019\/01\/BK_Farn.jpg\",\"contentUrl\":\"https:\/\/www.tanalahorizon.com\/wp-content\/uploads\/2019\/01\/BK_Farn.jpg\",\"width\":1190,\"height\":807,\"caption\":\"Regenwald in Madagaskar\"},{\"@type\":\"BreadcrumbList\",\"@id\":\"https:\/\/www.tanalahorizon.com\/en\/hilfsprojekt-ala-kely\/#breadcrumb\",\"itemListElement\":[{\"@type\":\"ListItem\",\"position\":1,\"name\":\"Home\",\"item\":\"https:\/\/www.tanalahorizon.com\/en\/\"},{\"@type\":\"ListItem\",\"position\":2,\"name\":\"Hilfsprojekt Ala Kely\"}]},{\"@type\":\"WebSite\",\"@id\":\"https:\/\/www.tanalahorizon.com\/en\/#website\",\"url\":\"https:\/\/www.tanalahorizon.com\/en\/\",\"name\":\"Tanalahorizon - Madagaskar travels since 1995\",\"description\":\"Your travel agency for Madagascar\",\"publisher\":{\"@id\":\"https:\/\/www.tanalahorizon.com\/de\/#organization\"},\"potentialAction\":[{\"@type\":\"SearchAction\",\"target\":{\"@type\":\"EntryPoint\",\"urlTemplate\":\"https:\/\/www.tanalahorizon.com\/en\/?s={search_term_string}\"},\"query-input\":{\"@type\":\"PropertyValueSpecification\",\"valueRequired\":true,\"valueName\":\"search_term_string\"}}],\"inLanguage\":\"en-US\"},{\"@type\":\"Organization\",\"@id\":\"https:\/\/www.tanalahorizon.com\/de\/#organization\",\"name\":\"TANALAHORIZON - Madagaskar-Reisen seit 1995\",\"url\":\"https:\/\/www.tanalahorizon.com\/de\/\",\"logo\":{\"@type\":\"ImageObject\",\"inLanguage\":\"en-US\",\"@id\":\"https:\/\/www.tanalahorizon.com\/de\/#\/schema\/logo\/image\/\",\"url\":\"https:\/\/www.tanalahorizon.com\/wp-content\/uploads\/2015\/09\/logo2_300px.png\",\"contentUrl\":\"https:\/\/www.tanalahorizon.com\/wp-content\/uploads\/2015\/09\/logo2_300px.png\",\"width\":300,\"height\":149,\"caption\":\"TANALAHORIZON - Madagaskar-Reisen seit 1995\"},\"image\":{\"@id\":\"https:\/\/www.tanalahorizon.com\/de\/#\/schema\/logo\/image\/\"},\"sameAs\":[\"https:\/\/www.facebook.com\/TANALAHORIZON\",\"https:\/\/x.com\/tanalahorizon\",\"https:\/\/www.youtube.com\/user\/TANALAHORIZON\"]}]}<\/script>\n<!-- \/ Yoast SEO plugin. -->","yoast_head_json":{"title":"Hilfsprojekt Ala kely - Tanalahorizon - Madagaskar seit 1995","description":"Unser eigenes Hilfsprojekt k\u00fcmmert sich um die Aufforstung eines kleinen Waldes an der Ostk\u00fcste Madagaskars. Kein Cent geht verloren - das ist uns wichtig.","robots":{"index":"index","follow":"follow","max-snippet":"max-snippet:-1","max-image-preview":"max-image-preview:large","max-video-preview":"max-video-preview:-1"},"canonical":"https:\/\/www.tanalahorizon.com\/en\/hilfsprojekt-ala-kely\/","og_locale":"en_US","og_type":"article","og_title":"Hilfsprojekt Ala kely - Tanalahorizon - Madagaskar seit 1995","og_description":"Unser eigenes Hilfsprojekt k\u00fcmmert sich um die Aufforstung eines kleinen Waldes an der Ostk\u00fcste Madagaskars. Kein Cent geht verloren - das ist uns wichtig.","og_url":"https:\/\/www.tanalahorizon.com\/en\/hilfsprojekt-ala-kely\/","og_site_name":"Tanalahorizon - Madagaskar travels since 1995","article_publisher":"https:\/\/www.facebook.com\/TANALAHORIZON","article_modified_time":"2021-12-19T13:30:28+00:00","og_image":[{"width":1190,"height":807,"url":"https:\/\/www.tanalahorizon.com\/wp-content\/uploads\/2019\/01\/BK_Farn.jpg","type":"image\/jpeg"}],"twitter_card":"summary_large_image","twitter_site":"@tanalahorizon","twitter_misc":{"Est. reading time":"2 minutes"},"schema":{"@context":"https:\/\/schema.org","@graph":[{"@type":"WebPage","@id":"https:\/\/www.tanalahorizon.com\/en\/hilfsprojekt-ala-kely\/","url":"https:\/\/www.tanalahorizon.com\/en\/hilfsprojekt-ala-kely\/","name":"Hilfsprojekt Ala kely - Tanalahorizon - Madagaskar seit 1995","isPartOf":{"@id":"https:\/\/www.tanalahorizon.com\/en\/#website"},"primaryImageOfPage":{"@id":"https:\/\/www.tanalahorizon.com\/en\/hilfsprojekt-ala-kely\/#primaryimage"},"image":{"@id":"https:\/\/www.tanalahorizon.com\/hilfsprojekt-ala-kely\/#primaryimage"},"thumbnailUrl":"https:\/\/www.tanalahorizon.com\/wp-content\/uploads\/2019\/01\/BK_Farn.jpg","datePublished":"2015-07-26T16:07:12+00:00","dateModified":"2021-12-19T13:30:28+00:00","description":"Unser eigenes Hilfsprojekt k\u00fcmmert sich um die Aufforstung eines kleinen Waldes an der Ostk\u00fcste Madagaskars. Kein Cent geht verloren - das ist uns wichtig.","breadcrumb":{"@id":"https:\/\/www.tanalahorizon.com\/en\/hilfsprojekt-ala-kely\/#breadcrumb"},"inLanguage":"en-US","potentialAction":[{"@type":"ReadAction","target":["https:\/\/www.tanalahorizon.com\/en\/wp-json\/wp\/v2\/pages\/4064"]}]},{"@type":"ImageObject","inLanguage":"en-US","@id":"https:\/\/www.tanalahorizon.com\/en\/hilfsprojekt-ala-kely\/#primaryimage","url":"https:\/\/www.tanalahorizon.com\/wp-content\/uploads\/2019\/01\/BK_Farn.jpg","contentUrl":"https:\/\/www.tanalahorizon.com\/wp-content\/uploads\/2019\/01\/BK_Farn.jpg","width":1190,"height":807,"caption":"Regenwald in Madagaskar"},{"@type":"BreadcrumbList","@id":"https:\/\/www.tanalahorizon.com\/en\/hilfsprojekt-ala-kely\/#breadcrumb","itemListElement":[{"@type":"ListItem","position":1,"name":"Home","item":"https:\/\/www.tanalahorizon.com\/en\/"},{"@type":"ListItem","position":2,"name":"Hilfsprojekt Ala Kely"}]},{"@type":"WebSite","@id":"https:\/\/www.tanalahorizon.com\/en\/#website","url":"https:\/\/www.tanalahorizon.com\/en\/","name":"Tanalahorizon - Madagaskar travels since 1995","description":"Your travel agency for Madagascar","publisher":{"@id":"https:\/\/www.tanalahorizon.com\/de\/#organization"},"potentialAction":[{"@type":"SearchAction","target":{"@type":"EntryPoint","urlTemplate":"https:\/\/www.tanalahorizon.com\/en\/?s={search_term_string}"},"query-input":{"@type":"PropertyValueSpecification","valueRequired":true,"valueName":"search_term_string"}}],"inLanguage":"en-US"},{"@type":"Organization","@id":"https:\/\/www.tanalahorizon.com\/de\/#organization","name":"TANALAHORIZON - Madagaskar-Reisen seit 1995","url":"https:\/\/www.tanalahorizon.com\/de\/","logo":{"@type":"ImageObject","inLanguage":"en-US","@id":"https:\/\/www.tanalahorizon.com\/de\/#\/schema\/logo\/image\/","url":"https:\/\/www.tanalahorizon.com\/wp-content\/uploads\/2015\/09\/logo2_300px.png","contentUrl":"https:\/\/www.tanalahorizon.com\/wp-content\/uploads\/2015\/09\/logo2_300px.png","width":300,"height":149,"caption":"TANALAHORIZON - Madagaskar-Reisen seit 1995"},"image":{"@id":"https:\/\/www.tanalahorizon.com\/de\/#\/schema\/logo\/image\/"},"sameAs":["https:\/\/www.facebook.com\/TANALAHORIZON","https:\/\/x.com\/tanalahorizon","https:\/\/www.youtube.com\/user\/TANALAHORIZON"]}]}},"_links":{"self":[{"href":"https:\/\/www.tanalahorizon.com\/en\/wp-json\/wp\/v2\/pages\/4064","targetHints":{"allow":["GET"]}}],"collection":[{"href":"https:\/\/www.tanalahorizon.com\/en\/wp-json\/wp\/v2\/pages"}],"about":[{"href":"https:\/\/www.tanalahorizon.com\/en\/wp-json\/wp\/v2\/types\/page"}],"author":[{"embeddable":true,"href":"https:\/\/www.tanalahorizon.com\/en\/wp-json\/wp\/v2\/users\/1"}],"replies":[{"embeddable":true,"href":"https:\/\/www.tanalahorizon.com\/en\/wp-json\/wp\/v2\/comments?post=4064"}],"version-history":[{"count":65,"href":"https:\/\/www.tanalahorizon.com\/en\/wp-json\/wp\/v2\/pages\/4064\/revisions"}],"predecessor-version":[{"id":8871,"href":"https:\/\/www.tanalahorizon.com\/en\/wp-json\/wp\/v2\/pages\/4064\/revisions\/8871"}],"wp:featuredmedia":[{"embeddable":true,"href":"https:\/\/www.tanalahorizon.com\/en\/wp-json\/wp\/v2\/media\/6992"}],"wp:attachment":[{"href":"https:\/\/www.tanalahorizon.com\/en\/wp-json\/wp\/v2\/media?parent=4064"}],"wp:term":[{"taxonomy":"category","embeddable":true,"href":"https:\/\/www.tanalahorizon.com\/en\/wp-json\/wp\/v2\/categories?post=4064"},{"taxonomy":"post_tag","embeddable":true,"href":"https:\/\/www.tanalahorizon.com\/en\/wp-json\/wp\/v2\/tags?post=4064"}],"curies":[{"name":"wp","href":"https:\/\/api.w.org\/{rel}","templated":true}]}}