{"id":4067,"date":"2015-07-26T18:08:38","date_gmt":"2015-07-26T16:08:38","guid":{"rendered":"https:\/\/neu.tanalahorizon.com\/?page_id=4067"},"modified":"2023-11-14T13:52:28","modified_gmt":"2023-11-14T12:52:28","slug":"horizonnews","status":"publish","type":"page","link":"https:\/\/www.tanalahorizon.com\/en\/horizonnews\/","title":{"rendered":"HorizonNews"},"content":{"rendered":"<div class=\"one withsmallpadding \" style=\"text-align: justify;\" >\n<div class=\"page_content_wrapper\">\n<div style=\"text-align:center\">\n<h2 class=\"ppb_title\">Unser Newsletter<\/h2>\n<div class=\"page_caption_desc\">Immer das Neueste wissen<\/div>\n<\/div>\n<div class=\"one_half \">\nDu m\u00f6chtest aktuelle Informationen erhalten \u00fcber die Insel Madagaskar, unsere kommenden und vergangenen Touren, wichtige Nachrichten und Meldungen f\u00fcr Ihre n\u00e4chste Reise? Dann abonniere unseren Newsletter &#8211; und Du bist immer auf dem Laufenden.<br \/>\n<\/br><br \/>\nGib rechts einfach Deine E-Mail-Adresse ein und klicke auf &#8222;Newsletter abonnieren&#8220;, dann erh\u00e4ltst Du automatisch unsere n\u00e4chsten HorizonNews. Du erh\u00e4ltst von uns ausschlie\u00dflich Nachrichten zu Madagaskar und unseren Reisen, Deine E-Mail-Adresse wird zu nichts anderem verwendet.\n<\/div>\n<div class=\"one_half last \">\n<script>(function() {\n\twindow.mc4wp = window.mc4wp || {\n\t\tlisteners: [],\n\t\tforms: {\n\t\t\ton: function(evt, cb) {\n\t\t\t\twindow.mc4wp.listeners.push(\n\t\t\t\t\t{\n\t\t\t\t\t\tevent   : evt,\n\t\t\t\t\t\tcallback: cb\n\t\t\t\t\t}\n\t\t\t\t);\n\t\t\t}\n\t\t}\n\t}\n})();\n<\/script><!-- Mailchimp for WordPress v4.9.9 - https:\/\/wordpress.org\/plugins\/mailchimp-for-wp\/ --><\/p>\n<form id=\"mc4wp-form-2\" class=\"mc4wp-form mc4wp-form-7017\" method=\"post\" data-id=\"7017\" data-name=\"Newsletter abonnieren\" >\n<div class=\"mc4wp-form-fields\"><center><\/p>\n<p>\n        <input type=\"text\" name=\"FNAME\" placeholder=\"Ihr Vorname\" size=\"35\">\n<\/p>\n<p>    <input type=\"text\" name=\"LNAME\" placeholder=\"Ihr Nachname\" size=\"35\">\n<\/p>\n<p>\n\t<input type=\"email\" name=\"EMAIL\" placeholder=\"Ihre E-Mail-Adresse\" required size=\"35\"\/>\n<\/p>\n<p><\/p>\n<p>\n    <label><br \/>\n        <input name=\"AGREE_TO_TERMS\" type=\"checkbox\" value=\"1\" required=\"\">   Ich bin damit einverstanden,<br \/> dasss meine angegebenen Daten <br \/>zum Versenden<br \/>\n        von Newslettern <br \/>verwendet werden.<\/label>\n<\/p>\n<p>\n\t<input type=\"submit\" value=\"Newsletter abonnieren\" \/>\n<\/p>\n<p><\/center><\/div>\n<p><label style=\"display: none !important;\">Wenn du ein Mensch bist, lasse das Feld leer: <input type=\"text\" name=\"_mc4wp_honeypot\" value=\"\" tabindex=\"-1\" autocomplete=\"off\" \/><\/label><input type=\"hidden\" name=\"_mc4wp_timestamp\" value=\"1699966348\" \/><input type=\"hidden\" name=\"_mc4wp_form_id\" value=\"7017\" \/><input type=\"hidden\" name=\"_mc4wp_form_element_id\" value=\"mc4wp-form-2\" \/><\/p>\n<div class=\"mc4wp-response\"><\/div>\n<\/form>\n<p><!-- \/ Mailchimp for WordPress Plugin -->\n<\/div>\n<\/p>\n<\/div>\n<\/div>\n<div class=\"one withsmallpadding withbg \" style=\"background-image:url(https:\/\/www.tanalahorizon.com\/wp-content\/uploads\/2015\/07\/Newsletter-Maki.jpg);background-size:cover;height:1000px;\" >\n<div class=\"page_content_wrapper\"><\/div>\n<\/div>\n","protected":false},"excerpt":{"rendered":"<p>Unser Newsletter Immer das Neueste wissen Du m\u00f6chtest aktuelle Informationen erhalten \u00fcber die Insel Madagaskar, unsere kommenden und vergangenen Touren, wichtige Nachrichten und Meldungen f\u00fcr Ihre n\u00e4chste Reise? Dann abonniere unseren Newsletter &#8211; und Du bist immer auf dem Laufenden. Gib rechts einfach Deine E-Mail-Adresse ein [&hellip;]<\/p>\n","protected":false},"author":1,"featured_media":7399,"parent":0,"menu_order":0,"comment_status":"open","ping_status":"open","template":"page-destination.php","meta":{"_monsterinsights_skip_tracking":false,"_monsterinsights_sitenote_active":false,"_monsterinsights_sitenote_note":"","_monsterinsights_sitenote_category":0,"footnotes":""},"categories":[],"tags":[326,324,323,330,48,49,328,90,325,37,103,321,331,322,319,327,329,320,188,190,191,258,189],"class_list":["post-4067","page","type-page","status-publish","has-post-thumbnail","hentry","tag-abonnieren","tag-aktuelle-informationen-madagaskar","tag-aktuelle-infos-madagaskar","tag-aktuelle-reisen","tag-angebote","tag-angebote-madagaskar","tag-archiv","tag-horizon","tag-horizonnews","tag-madagaskar","tag-madagaskar-angebote","tag-madagaskar-news","tag-neue-reisen","tag-neuigkeiten-madagaskar","tag-newsletter","tag-newsletter-abonnieren","tag-newsletter-archiv","tag-newsletter-madagaskar","tag-tanala","tag-tanala-horizon","tag-tanalahorizon","tag-tanalahorizon-team","tag-tanalahy"],"yoast_head":"<!-- This site is optimized with the Yoast SEO plugin v26.8 - https:\/\/yoast.com\/product\/yoast-seo-wordpress\/ -->\n<title>HorizonNews - Tanalahorizon - Madagaskar-Reisen seit 1995<\/title>\n<meta name=\"description\" content=\"Abonnieren Sie unseren Newsletter und seien Sie stets auf dem neuesten Stand. Unsere Reisen und aktuelle Madagaskar-News gibt&#039;s mit unseren HorizonNews.\" \/>\n<meta name=\"robots\" content=\"index, follow, max-snippet:-1, max-image-preview:large, max-video-preview:-1\" \/>\n<link rel=\"canonical\" href=\"https:\/\/www.tanalahorizon.com\/en\/horizonnews\/\" \/>\n<meta property=\"og:locale\" content=\"en_US\" \/>\n<meta property=\"og:type\" content=\"article\" \/>\n<meta property=\"og:title\" content=\"HorizonNews - Tanalahorizon - Madagaskar-Reisen seit 1995\" \/>\n<meta property=\"og:description\" content=\"Abonnieren Sie unseren Newsletter und seien Sie stets auf dem neuesten Stand. Unsere Reisen und aktuelle Madagaskar-News gibt&#039;s mit unseren HorizonNews.\" \/>\n<meta property=\"og:url\" content=\"https:\/\/www.tanalahorizon.com\/en\/horizonnews\/\" \/>\n<meta property=\"og:site_name\" content=\"Tanalahorizon - Madagaskar travels since 1995\" \/>\n<meta property=\"article:publisher\" content=\"https:\/\/www.facebook.com\/TANALAHORIZON\" \/>\n<meta property=\"article:modified_time\" content=\"2023-11-14T12:52:28+00:00\" \/>\n<meta property=\"og:image\" content=\"https:\/\/www.tanalahorizon.com\/wp-content\/uploads\/2019\/12\/TH_Uroplatus_09.jpg\" \/>\n\t<meta property=\"og:image:width\" content=\"2000\" \/>\n\t<meta property=\"og:image:height\" content=\"1301\" \/>\n\t<meta property=\"og:image:type\" content=\"image\/jpeg\" \/>\n<meta name=\"twitter:card\" content=\"summary_large_image\" \/>\n<meta name=\"twitter:site\" content=\"@tanalahorizon\" \/>\n<meta name=\"twitter:label1\" content=\"Est. reading time\" \/>\n\t<meta name=\"twitter:data1\" content=\"4 minutes\" \/>\n<script type=\"application\/ld+json\" class=\"yoast-schema-graph\">{\"@context\":\"https:\/\/schema.org\",\"@graph\":[{\"@type\":\"WebPage\",\"@id\":\"https:\/\/www.tanalahorizon.com\/en\/horizonnews\/\",\"url\":\"https:\/\/www.tanalahorizon.com\/en\/horizonnews\/\",\"name\":\"HorizonNews - Tanalahorizon - Madagaskar-Reisen seit 1995\",\"isPartOf\":{\"@id\":\"https:\/\/www.tanalahorizon.com\/en\/#website\"},\"primaryImageOfPage\":{\"@id\":\"https:\/\/www.tanalahorizon.com\/en\/horizonnews\/#primaryimage\"},\"image\":{\"@id\":\"https:\/\/www.tanalahorizon.com\/horizonnews\/#primaryimage\"},\"thumbnailUrl\":\"https:\/\/www.tanalahorizon.com\/wp-content\/uploads\/2019\/12\/TH_Uroplatus_09.jpg\",\"datePublished\":\"2015-07-26T16:08:38+00:00\",\"dateModified\":\"2023-11-14T12:52:28+00:00\",\"description\":\"Abonnieren Sie unseren Newsletter und seien Sie stets auf dem neuesten Stand. Unsere Reisen und aktuelle Madagaskar-News gibt's mit unseren HorizonNews.\",\"breadcrumb\":{\"@id\":\"https:\/\/www.tanalahorizon.com\/en\/horizonnews\/#breadcrumb\"},\"inLanguage\":\"en-US\",\"potentialAction\":[{\"@type\":\"ReadAction\",\"target\":[\"https:\/\/www.tanalahorizon.com\/en\/wp-json\/wp\/v2\/pages\/4067\"]}]},{\"@type\":\"ImageObject\",\"inLanguage\":\"en-US\",\"@id\":\"https:\/\/www.tanalahorizon.com\/en\/horizonnews\/#primaryimage\",\"url\":\"https:\/\/www.tanalahorizon.com\/wp-content\/uploads\/2019\/12\/TH_Uroplatus_09.jpg\",\"contentUrl\":\"https:\/\/www.tanalahorizon.com\/wp-content\/uploads\/2019\/12\/TH_Uroplatus_09.jpg\",\"width\":2000,\"height\":1301,\"caption\":\"Fotoreisen nach Madagaskar\"},{\"@type\":\"BreadcrumbList\",\"@id\":\"https:\/\/www.tanalahorizon.com\/en\/horizonnews\/#breadcrumb\",\"itemListElement\":[{\"@type\":\"ListItem\",\"position\":1,\"name\":\"Home\",\"item\":\"https:\/\/www.tanalahorizon.com\/en\/\"},{\"@type\":\"ListItem\",\"position\":2,\"name\":\"HorizonNews\"}]},{\"@type\":\"WebSite\",\"@id\":\"https:\/\/www.tanalahorizon.com\/en\/#website\",\"url\":\"https:\/\/www.tanalahorizon.com\/en\/\",\"name\":\"Tanalahorizon - Madagaskar travels since 1995\",\"description\":\"Your travel agency for Madagascar\",\"publisher\":{\"@id\":\"https:\/\/www.tanalahorizon.com\/de\/#organization\"},\"potentialAction\":[{\"@type\":\"SearchAction\",\"target\":{\"@type\":\"EntryPoint\",\"urlTemplate\":\"https:\/\/www.tanalahorizon.com\/en\/?s={search_term_string}\"},\"query-input\":{\"@type\":\"PropertyValueSpecification\",\"valueRequired\":true,\"valueName\":\"search_term_string\"}}],\"inLanguage\":\"en-US\"},{\"@type\":\"Organization\",\"@id\":\"https:\/\/www.tanalahorizon.com\/de\/#organization\",\"name\":\"TANALAHORIZON - Madagaskar-Reisen seit 1995\",\"url\":\"https:\/\/www.tanalahorizon.com\/de\/\",\"logo\":{\"@type\":\"ImageObject\",\"inLanguage\":\"en-US\",\"@id\":\"https:\/\/www.tanalahorizon.com\/de\/#\/schema\/logo\/image\/\",\"url\":\"https:\/\/www.tanalahorizon.com\/wp-content\/uploads\/2015\/09\/logo2_300px.png\",\"contentUrl\":\"https:\/\/www.tanalahorizon.com\/wp-content\/uploads\/2015\/09\/logo2_300px.png\",\"width\":300,\"height\":149,\"caption\":\"TANALAHORIZON - Madagaskar-Reisen seit 1995\"},\"image\":{\"@id\":\"https:\/\/www.tanalahorizon.com\/de\/#\/schema\/logo\/image\/\"},\"sameAs\":[\"https:\/\/www.facebook.com\/TANALAHORIZON\",\"https:\/\/x.com\/tanalahorizon\",\"https:\/\/www.youtube.com\/user\/TANALAHORIZON\"]}]}<\/script>\n<!-- \/ Yoast SEO plugin. -->","yoast_head_json":{"title":"HorizonNews - Tanalahorizon - Madagaskar-Reisen seit 1995","description":"Abonnieren Sie unseren Newsletter und seien Sie stets auf dem neuesten Stand. Unsere Reisen und aktuelle Madagaskar-News gibt's mit unseren HorizonNews.","robots":{"index":"index","follow":"follow","max-snippet":"max-snippet:-1","max-image-preview":"max-image-preview:large","max-video-preview":"max-video-preview:-1"},"canonical":"https:\/\/www.tanalahorizon.com\/en\/horizonnews\/","og_locale":"en_US","og_type":"article","og_title":"HorizonNews - Tanalahorizon - Madagaskar-Reisen seit 1995","og_description":"Abonnieren Sie unseren Newsletter und seien Sie stets auf dem neuesten Stand. Unsere Reisen und aktuelle Madagaskar-News gibt's mit unseren HorizonNews.","og_url":"https:\/\/www.tanalahorizon.com\/en\/horizonnews\/","og_site_name":"Tanalahorizon - Madagaskar travels since 1995","article_publisher":"https:\/\/www.facebook.com\/TANALAHORIZON","article_modified_time":"2023-11-14T12:52:28+00:00","og_image":[{"width":2000,"height":1301,"url":"https:\/\/www.tanalahorizon.com\/wp-content\/uploads\/2019\/12\/TH_Uroplatus_09.jpg","type":"image\/jpeg"}],"twitter_card":"summary_large_image","twitter_site":"@tanalahorizon","twitter_misc":{"Est. reading time":"4 minutes"},"schema":{"@context":"https:\/\/schema.org","@graph":[{"@type":"WebPage","@id":"https:\/\/www.tanalahorizon.com\/en\/horizonnews\/","url":"https:\/\/www.tanalahorizon.com\/en\/horizonnews\/","name":"HorizonNews - Tanalahorizon - Madagaskar-Reisen seit 1995","isPartOf":{"@id":"https:\/\/www.tanalahorizon.com\/en\/#website"},"primaryImageOfPage":{"@id":"https:\/\/www.tanalahorizon.com\/en\/horizonnews\/#primaryimage"},"image":{"@id":"https:\/\/www.tanalahorizon.com\/horizonnews\/#primaryimage"},"thumbnailUrl":"https:\/\/www.tanalahorizon.com\/wp-content\/uploads\/2019\/12\/TH_Uroplatus_09.jpg","datePublished":"2015-07-26T16:08:38+00:00","dateModified":"2023-11-14T12:52:28+00:00","description":"Abonnieren Sie unseren Newsletter und seien Sie stets auf dem neuesten Stand. Unsere Reisen und aktuelle Madagaskar-News gibt's mit unseren HorizonNews.","breadcrumb":{"@id":"https:\/\/www.tanalahorizon.com\/en\/horizonnews\/#breadcrumb"},"inLanguage":"en-US","potentialAction":[{"@type":"ReadAction","target":["https:\/\/www.tanalahorizon.com\/en\/wp-json\/wp\/v2\/pages\/4067"]}]},{"@type":"ImageObject","inLanguage":"en-US","@id":"https:\/\/www.tanalahorizon.com\/en\/horizonnews\/#primaryimage","url":"https:\/\/www.tanalahorizon.com\/wp-content\/uploads\/2019\/12\/TH_Uroplatus_09.jpg","contentUrl":"https:\/\/www.tanalahorizon.com\/wp-content\/uploads\/2019\/12\/TH_Uroplatus_09.jpg","width":2000,"height":1301,"caption":"Fotoreisen nach Madagaskar"},{"@type":"BreadcrumbList","@id":"https:\/\/www.tanalahorizon.com\/en\/horizonnews\/#breadcrumb","itemListElement":[{"@type":"ListItem","position":1,"name":"Home","item":"https:\/\/www.tanalahorizon.com\/en\/"},{"@type":"ListItem","position":2,"name":"HorizonNews"}]},{"@type":"WebSite","@id":"https:\/\/www.tanalahorizon.com\/en\/#website","url":"https:\/\/www.tanalahorizon.com\/en\/","name":"Tanalahorizon - Madagaskar travels since 1995","description":"Your travel agency for Madagascar","publisher":{"@id":"https:\/\/www.tanalahorizon.com\/de\/#organization"},"potentialAction":[{"@type":"SearchAction","target":{"@type":"EntryPoint","urlTemplate":"https:\/\/www.tanalahorizon.com\/en\/?s={search_term_string}"},"query-input":{"@type":"PropertyValueSpecification","valueRequired":true,"valueName":"search_term_string"}}],"inLanguage":"en-US"},{"@type":"Organization","@id":"https:\/\/www.tanalahorizon.com\/de\/#organization","name":"TANALAHORIZON - Madagaskar-Reisen seit 1995","url":"https:\/\/www.tanalahorizon.com\/de\/","logo":{"@type":"ImageObject","inLanguage":"en-US","@id":"https:\/\/www.tanalahorizon.com\/de\/#\/schema\/logo\/image\/","url":"https:\/\/www.tanalahorizon.com\/wp-content\/uploads\/2015\/09\/logo2_300px.png","contentUrl":"https:\/\/www.tanalahorizon.com\/wp-content\/uploads\/2015\/09\/logo2_300px.png","width":300,"height":149,"caption":"TANALAHORIZON - Madagaskar-Reisen seit 1995"},"image":{"@id":"https:\/\/www.tanalahorizon.com\/de\/#\/schema\/logo\/image\/"},"sameAs":["https:\/\/www.facebook.com\/TANALAHORIZON","https:\/\/x.com\/tanalahorizon","https:\/\/www.youtube.com\/user\/TANALAHORIZON"]}]}},"_links":{"self":[{"href":"https:\/\/www.tanalahorizon.com\/en\/wp-json\/wp\/v2\/pages\/4067","targetHints":{"allow":["GET"]}}],"collection":[{"href":"https:\/\/www.tanalahorizon.com\/en\/wp-json\/wp\/v2\/pages"}],"about":[{"href":"https:\/\/www.tanalahorizon.com\/en\/wp-json\/wp\/v2\/types\/page"}],"author":[{"embeddable":true,"href":"https:\/\/www.tanalahorizon.com\/en\/wp-json\/wp\/v2\/users\/1"}],"replies":[{"embeddable":true,"href":"https:\/\/www.tanalahorizon.com\/en\/wp-json\/wp\/v2\/comments?post=4067"}],"version-history":[{"count":110,"href":"https:\/\/www.tanalahorizon.com\/en\/wp-json\/wp\/v2\/pages\/4067\/revisions"}],"predecessor-version":[{"id":9546,"href":"https:\/\/www.tanalahorizon.com\/en\/wp-json\/wp\/v2\/pages\/4067\/revisions\/9546"}],"wp:featuredmedia":[{"embeddable":true,"href":"https:\/\/www.tanalahorizon.com\/en\/wp-json\/wp\/v2\/media\/7399"}],"wp:attachment":[{"href":"https:\/\/www.tanalahorizon.com\/en\/wp-json\/wp\/v2\/media?parent=4067"}],"wp:term":[{"taxonomy":"category","embeddable":true,"href":"https:\/\/www.tanalahorizon.com\/en\/wp-json\/wp\/v2\/categories?post=4067"},{"taxonomy":"post_tag","embeddable":true,"href":"https:\/\/www.tanalahorizon.com\/en\/wp-json\/wp\/v2\/tags?post=4067"}],"curies":[{"name":"wp","href":"https:\/\/api.w.org\/{rel}","templated":true}]}}