{"id":4070,"date":"2015-07-26T18:09:47","date_gmt":"2015-07-26T16:09:47","guid":{"rendered":"https:\/\/neu.tanalahorizon.com\/?page_id=4070"},"modified":"2024-01-18T13:42:19","modified_gmt":"2024-01-18T12:42:19","slug":"flugbuchungen","status":"publish","type":"page","link":"https:\/\/www.tanalahorizon.com\/en\/flugbuchungen\/","title":{"rendered":"Flight booking"},"content":{"rendered":"<div class=\"one withsmallpadding \" style=\"text-align: justify;\" >\n<div class=\"page_content_wrapper\">\n<h1>Flugbuchungen<\/h1>\n<p><center><h7>Kosteng\u00fcnstig und einfach<\/h7><\/center><br \/>\nEine Reise nach Madagaskar zu organisieren ist nicht einfach. Mit unseren 29 Jahren Erfahrung auf der roten Insel \u00fcbernehmen wir f\u00fcr Dich die gesamte Reiseplanung auf Madagaskar &#8211; doch man muss erst einmal mit dem Flugzeug auf die Insel kommen. Deinen Flug buchst Du am besten direkt \u00fcber die jeweilige Airline, wo es in der Regel g\u00fcnstigere Preise gibt als in gro\u00dfen Flugbuchungsportalen. Wir empfehlen derzeit <a href=\"https:\/\/wwws.airfrance.de\/\" target=\"_blank\" rel=\"noopener\">Air France<\/a>, <a href=\"https:\/\/www.ethiopianairlines.com\/de\/\" target=\"_blank\" rel=\"noopener\">Ethiopian Airlines<\/a> und <a href=\"https:\/\/www.air-austral.com\/\" target=\"_blank\" rel=\"noopener\">Air Austral<\/a> f\u00fcr die Reise nach Madagaskar. Inlandsfl\u00fcge in Madagaskar buchst Du direkt auf der Website von <a href=\"https:\/\/fo-emea.ttinteractive.com\/Zenith\/FrontOffice\/(S(98c88d87b2c54761a43a9be7e469d45a))\/Tsaradia\/fr-FR\" target=\"_blank\" rel=\"noopener\">Tsaradia<\/a>. Bei Fragen kontaktiere uns gerne!\n <\/p>\n<\/div>\n<\/div>\n<div class=\"one withsmallpadding withbg \" style=\"background-image:url(https:\/\/www.tanalahorizon.com\/wp-content\/uploads\/2015\/07\/Flug.jpg);background-size:cover;height:800px;\" >\n<div class=\"page_content_wrapper\"><\/div>\n<\/div>\n","protected":false},"excerpt":{"rendered":"<p>Flugbuchungen Kosteng\u00fcnstig und einfach Eine Reise nach Madagaskar zu organisieren ist nicht einfach. Mit unseren 29 Jahren Erfahrung auf der roten Insel \u00fcbernehmen wir f\u00fcr Dich die gesamte Reiseplanung auf Madagaskar &#8211; doch man muss erst einmal mit dem Flugzeug auf die Insel kommen. Deinen Flug [&hellip;]<\/p>\n","protected":false},"author":1,"featured_media":8983,"parent":0,"menu_order":0,"comment_status":"open","ping_status":"open","template":"page-destination.php","meta":{"_monsterinsights_skip_tracking":false,"_monsterinsights_sitenote_active":false,"_monsterinsights_sitenote_note":"","_monsterinsights_sitenote_category":0,"footnotes":""},"categories":[],"tags":[264,262,261,265,133,168,169,263,266,267,268],"class_list":["post-4070","page","type-page","status-publish","has-post-thumbnail","hentry","tag-flug-madagaskar","tag-flugbuchung","tag-flugbuchungen","tag-fluege-madagaskar","tag-madagaskar-reiseagentur","tag-reiseagentur","tag-reiseagentur-madagaskar","tag-service","tag-zubringerflug","tag-zubringerflug-madagaskar","tag-zubringerflug-paris"],"yoast_head":"<!-- This site is optimized with the Yoast SEO plugin v26.8 - https:\/\/yoast.com\/product\/yoast-seo-wordpress\/ -->\n<title>Flight booking - Tanalahorizon - Madagascar travel since 1995<\/title>\n<meta name=\"description\" content=\"A free service for you: We convey your international flight with trustworthy airlines.\" \/>\n<meta name=\"robots\" content=\"index, follow, max-snippet:-1, max-image-preview:large, max-video-preview:-1\" \/>\n<link rel=\"canonical\" href=\"https:\/\/www.tanalahorizon.com\/en\/flugbuchungen\/\" \/>\n<meta property=\"og:locale\" content=\"en_US\" \/>\n<meta property=\"og:type\" content=\"article\" \/>\n<meta property=\"og:title\" content=\"Flight booking - Tanalahorizon - Madagascar travel since 1995\" \/>\n<meta property=\"og:description\" content=\"A free service for you: We convey your international flight with trustworthy airlines.\" \/>\n<meta property=\"og:url\" content=\"https:\/\/www.tanalahorizon.com\/en\/flugbuchungen\/\" \/>\n<meta property=\"og:site_name\" content=\"Tanalahorizon - Madagaskar travels since 1995\" \/>\n<meta property=\"article:publisher\" content=\"https:\/\/www.facebook.com\/TANALAHORIZON\" \/>\n<meta property=\"article:modified_time\" content=\"2024-01-18T12:42:19+00:00\" \/>\n<meta property=\"og:image\" content=\"https:\/\/www.tanalahorizon.com\/wp-content\/uploads\/2022\/06\/Tsaradia-Flieger-in-Sambava-3-scaled-e1656154503356.jpg\" \/>\n\t<meta property=\"og:image:width\" content=\"2560\" \/>\n\t<meta property=\"og:image:height\" content=\"1523\" \/>\n\t<meta property=\"og:image:type\" content=\"image\/jpeg\" \/>\n<meta name=\"twitter:card\" content=\"summary_large_image\" \/>\n<meta name=\"twitter:site\" content=\"@tanalahorizon\" \/>\n<meta name=\"twitter:label1\" content=\"Est. reading time\" \/>\n\t<meta name=\"twitter:data1\" content=\"1 minute\" \/>\n<script type=\"application\/ld+json\" class=\"yoast-schema-graph\">{\"@context\":\"https:\/\/schema.org\",\"@graph\":[{\"@type\":\"WebPage\",\"@id\":\"https:\/\/www.tanalahorizon.com\/en\/flugbuchungen\/\",\"url\":\"https:\/\/www.tanalahorizon.com\/en\/flugbuchungen\/\",\"name\":\"Flight booking - Tanalahorizon - Madagascar travel since 1995\",\"isPartOf\":{\"@id\":\"https:\/\/www.tanalahorizon.com\/en\/#website\"},\"primaryImageOfPage\":{\"@id\":\"https:\/\/www.tanalahorizon.com\/en\/flugbuchungen\/#primaryimage\"},\"image\":{\"@id\":\"https:\/\/www.tanalahorizon.com\/flugbuchungen\/#primaryimage\"},\"thumbnailUrl\":\"https:\/\/www.tanalahorizon.com\/wp-content\/uploads\/2022\/06\/Tsaradia-Flieger-in-Sambava-3-scaled-e1656154503356.jpg\",\"datePublished\":\"2015-07-26T16:09:47+00:00\",\"dateModified\":\"2024-01-18T12:42:19+00:00\",\"description\":\"A free service for you: We convey your international flight with trustworthy airlines.\",\"breadcrumb\":{\"@id\":\"https:\/\/www.tanalahorizon.com\/en\/flugbuchungen\/#breadcrumb\"},\"inLanguage\":\"en-US\",\"potentialAction\":[{\"@type\":\"ReadAction\",\"target\":[\"https:\/\/www.tanalahorizon.com\/en\/wp-json\/wp\/v2\/pages\/4070\"]}]},{\"@type\":\"ImageObject\",\"inLanguage\":\"en-US\",\"@id\":\"https:\/\/www.tanalahorizon.com\/en\/flugbuchungen\/#primaryimage\",\"url\":\"https:\/\/www.tanalahorizon.com\/wp-content\/uploads\/2022\/06\/Tsaradia-Flieger-in-Sambava-3-scaled-e1656154503356.jpg\",\"contentUrl\":\"https:\/\/www.tanalahorizon.com\/wp-content\/uploads\/2022\/06\/Tsaradia-Flieger-in-Sambava-3-scaled-e1656154503356.jpg\",\"width\":2560,\"height\":1523,\"caption\":\"Tsaradia Flieger in Sambava (3)\"},{\"@type\":\"BreadcrumbList\",\"@id\":\"https:\/\/www.tanalahorizon.com\/en\/flugbuchungen\/#breadcrumb\",\"itemListElement\":[{\"@type\":\"ListItem\",\"position\":1,\"name\":\"Home\",\"item\":\"https:\/\/www.tanalahorizon.com\/en\/\"},{\"@type\":\"ListItem\",\"position\":2,\"name\":\"Flugbuchungen\"}]},{\"@type\":\"WebSite\",\"@id\":\"https:\/\/www.tanalahorizon.com\/en\/#website\",\"url\":\"https:\/\/www.tanalahorizon.com\/en\/\",\"name\":\"Tanalahorizon - Madagaskar travels since 1995\",\"description\":\"Your travel agency for Madagascar\",\"publisher\":{\"@id\":\"https:\/\/www.tanalahorizon.com\/de\/#organization\"},\"potentialAction\":[{\"@type\":\"SearchAction\",\"target\":{\"@type\":\"EntryPoint\",\"urlTemplate\":\"https:\/\/www.tanalahorizon.com\/en\/?s={search_term_string}\"},\"query-input\":{\"@type\":\"PropertyValueSpecification\",\"valueRequired\":true,\"valueName\":\"search_term_string\"}}],\"inLanguage\":\"en-US\"},{\"@type\":\"Organization\",\"@id\":\"https:\/\/www.tanalahorizon.com\/de\/#organization\",\"name\":\"TANALAHORIZON - Madagaskar-Reisen seit 1995\",\"url\":\"https:\/\/www.tanalahorizon.com\/de\/\",\"logo\":{\"@type\":\"ImageObject\",\"inLanguage\":\"en-US\",\"@id\":\"https:\/\/www.tanalahorizon.com\/de\/#\/schema\/logo\/image\/\",\"url\":\"https:\/\/www.tanalahorizon.com\/wp-content\/uploads\/2015\/09\/logo2_300px.png\",\"contentUrl\":\"https:\/\/www.tanalahorizon.com\/wp-content\/uploads\/2015\/09\/logo2_300px.png\",\"width\":300,\"height\":149,\"caption\":\"TANALAHORIZON - Madagaskar-Reisen seit 1995\"},\"image\":{\"@id\":\"https:\/\/www.tanalahorizon.com\/de\/#\/schema\/logo\/image\/\"},\"sameAs\":[\"https:\/\/www.facebook.com\/TANALAHORIZON\",\"https:\/\/x.com\/tanalahorizon\",\"https:\/\/www.youtube.com\/user\/TANALAHORIZON\"]}]}<\/script>\n<!-- \/ Yoast SEO plugin. -->","yoast_head_json":{"title":"Flight booking - Tanalahorizon - Madagascar travel since 1995","description":"A free service for you: We convey your international flight with trustworthy airlines.","robots":{"index":"index","follow":"follow","max-snippet":"max-snippet:-1","max-image-preview":"max-image-preview:large","max-video-preview":"max-video-preview:-1"},"canonical":"https:\/\/www.tanalahorizon.com\/en\/flugbuchungen\/","og_locale":"en_US","og_type":"article","og_title":"Flight booking - Tanalahorizon - Madagascar travel since 1995","og_description":"A free service for you: We convey your international flight with trustworthy airlines.","og_url":"https:\/\/www.tanalahorizon.com\/en\/flugbuchungen\/","og_site_name":"Tanalahorizon - Madagaskar travels since 1995","article_publisher":"https:\/\/www.facebook.com\/TANALAHORIZON","article_modified_time":"2024-01-18T12:42:19+00:00","og_image":[{"width":2560,"height":1523,"url":"https:\/\/www.tanalahorizon.com\/wp-content\/uploads\/2022\/06\/Tsaradia-Flieger-in-Sambava-3-scaled-e1656154503356.jpg","type":"image\/jpeg"}],"twitter_card":"summary_large_image","twitter_site":"@tanalahorizon","twitter_misc":{"Est. reading time":"1 minute"},"schema":{"@context":"https:\/\/schema.org","@graph":[{"@type":"WebPage","@id":"https:\/\/www.tanalahorizon.com\/en\/flugbuchungen\/","url":"https:\/\/www.tanalahorizon.com\/en\/flugbuchungen\/","name":"Flight booking - Tanalahorizon - Madagascar travel since 1995","isPartOf":{"@id":"https:\/\/www.tanalahorizon.com\/en\/#website"},"primaryImageOfPage":{"@id":"https:\/\/www.tanalahorizon.com\/en\/flugbuchungen\/#primaryimage"},"image":{"@id":"https:\/\/www.tanalahorizon.com\/flugbuchungen\/#primaryimage"},"thumbnailUrl":"https:\/\/www.tanalahorizon.com\/wp-content\/uploads\/2022\/06\/Tsaradia-Flieger-in-Sambava-3-scaled-e1656154503356.jpg","datePublished":"2015-07-26T16:09:47+00:00","dateModified":"2024-01-18T12:42:19+00:00","description":"A free service for you: We convey your international flight with trustworthy airlines.","breadcrumb":{"@id":"https:\/\/www.tanalahorizon.com\/en\/flugbuchungen\/#breadcrumb"},"inLanguage":"en-US","potentialAction":[{"@type":"ReadAction","target":["https:\/\/www.tanalahorizon.com\/en\/wp-json\/wp\/v2\/pages\/4070"]}]},{"@type":"ImageObject","inLanguage":"en-US","@id":"https:\/\/www.tanalahorizon.com\/en\/flugbuchungen\/#primaryimage","url":"https:\/\/www.tanalahorizon.com\/wp-content\/uploads\/2022\/06\/Tsaradia-Flieger-in-Sambava-3-scaled-e1656154503356.jpg","contentUrl":"https:\/\/www.tanalahorizon.com\/wp-content\/uploads\/2022\/06\/Tsaradia-Flieger-in-Sambava-3-scaled-e1656154503356.jpg","width":2560,"height":1523,"caption":"Tsaradia Flieger in Sambava (3)"},{"@type":"BreadcrumbList","@id":"https:\/\/www.tanalahorizon.com\/en\/flugbuchungen\/#breadcrumb","itemListElement":[{"@type":"ListItem","position":1,"name":"Home","item":"https:\/\/www.tanalahorizon.com\/en\/"},{"@type":"ListItem","position":2,"name":"Flugbuchungen"}]},{"@type":"WebSite","@id":"https:\/\/www.tanalahorizon.com\/en\/#website","url":"https:\/\/www.tanalahorizon.com\/en\/","name":"Tanalahorizon - Madagaskar travels since 1995","description":"Your travel agency for Madagascar","publisher":{"@id":"https:\/\/www.tanalahorizon.com\/de\/#organization"},"potentialAction":[{"@type":"SearchAction","target":{"@type":"EntryPoint","urlTemplate":"https:\/\/www.tanalahorizon.com\/en\/?s={search_term_string}"},"query-input":{"@type":"PropertyValueSpecification","valueRequired":true,"valueName":"search_term_string"}}],"inLanguage":"en-US"},{"@type":"Organization","@id":"https:\/\/www.tanalahorizon.com\/de\/#organization","name":"TANALAHORIZON - Madagaskar-Reisen seit 1995","url":"https:\/\/www.tanalahorizon.com\/de\/","logo":{"@type":"ImageObject","inLanguage":"en-US","@id":"https:\/\/www.tanalahorizon.com\/de\/#\/schema\/logo\/image\/","url":"https:\/\/www.tanalahorizon.com\/wp-content\/uploads\/2015\/09\/logo2_300px.png","contentUrl":"https:\/\/www.tanalahorizon.com\/wp-content\/uploads\/2015\/09\/logo2_300px.png","width":300,"height":149,"caption":"TANALAHORIZON - Madagaskar-Reisen seit 1995"},"image":{"@id":"https:\/\/www.tanalahorizon.com\/de\/#\/schema\/logo\/image\/"},"sameAs":["https:\/\/www.facebook.com\/TANALAHORIZON","https:\/\/x.com\/tanalahorizon","https:\/\/www.youtube.com\/user\/TANALAHORIZON"]}]}},"_links":{"self":[{"href":"https:\/\/www.tanalahorizon.com\/en\/wp-json\/wp\/v2\/pages\/4070","targetHints":{"allow":["GET"]}}],"collection":[{"href":"https:\/\/www.tanalahorizon.com\/en\/wp-json\/wp\/v2\/pages"}],"about":[{"href":"https:\/\/www.tanalahorizon.com\/en\/wp-json\/wp\/v2\/types\/page"}],"author":[{"embeddable":true,"href":"https:\/\/www.tanalahorizon.com\/en\/wp-json\/wp\/v2\/users\/1"}],"replies":[{"embeddable":true,"href":"https:\/\/www.tanalahorizon.com\/en\/wp-json\/wp\/v2\/comments?post=4070"}],"version-history":[{"count":57,"href":"https:\/\/www.tanalahorizon.com\/en\/wp-json\/wp\/v2\/pages\/4070\/revisions"}],"predecessor-version":[{"id":9719,"href":"https:\/\/www.tanalahorizon.com\/en\/wp-json\/wp\/v2\/pages\/4070\/revisions\/9719"}],"wp:featuredmedia":[{"embeddable":true,"href":"https:\/\/www.tanalahorizon.com\/en\/wp-json\/wp\/v2\/media\/8983"}],"wp:attachment":[{"href":"https:\/\/www.tanalahorizon.com\/en\/wp-json\/wp\/v2\/media?parent=4070"}],"wp:term":[{"taxonomy":"category","embeddable":true,"href":"https:\/\/www.tanalahorizon.com\/en\/wp-json\/wp\/v2\/categories?post=4070"},{"taxonomy":"post_tag","embeddable":true,"href":"https:\/\/www.tanalahorizon.com\/en\/wp-json\/wp\/v2\/tags?post=4070"}],"curies":[{"name":"wp","href":"https:\/\/api.w.org\/{rel}","templated":true}]}}