{"id":4171,"date":"2015-07-28T20:15:30","date_gmt":"2015-07-28T18:15:30","guid":{"rendered":"https:\/\/neu.tanalahorizon.com\/?page_id=4171"},"modified":"2021-12-19T14:14:40","modified_gmt":"2021-12-19T13:14:40","slug":"reiseberichte","status":"publish","type":"page","link":"https:\/\/www.tanalahorizon.com\/en\/reiseberichte\/","title":{"rendered":"Reiseberichte"},"content":{"rendered":"<div class=\"one withsmallpadding \" style=\"text-align: justify;\" >\n<div class=\"page_content_wrapper\">\n<h1>Madagaskar &#8211; Reiseberichte<\/h1>\n<p><center><h7>Aus der Feder unserer Teilnehmer<\/h7><\/center><\/br><br \/>\nEine Reise nach Madagaskar ist oft etwas Einmaliges und klingt sehr spannend und abenteuerlich. Wie unsere Touren verlaufen und wie unsere Teilnehmer die Reise auf Madagaskar erlebten, haben einige unserer Teilnehmer in Reiseberichte gefasst. Und diese ganz pers\u00f6nlichen Erz\u00e4hlungen kannst Du hier nachlesen: <\/p>\n<p><center><\/p>\n<hr class=\"faded\"\/>\n<p><a href=\"https:\/\/www.tanalahorizon.com\/wp-content\/uploads\/2020\/11\/reisebericht_markus_bartels_2017_1.pdf\" target=\"_blank\" rel=\"noopener\"><img decoding=\"async\" loading=\"lazy\" class=\"alignleft size-full wp-image-3337\" src=\"https:\/\/www.tanalahorizon.com\/wp-content\/uploads\/2020\/11\/markus_bartels_2017_1.jpg\" alt=\"Reisebericht Madagaskar\" width=\"298\" height=\"141\"  class=\"alignleft size-thumbnail wp-image-3535\" style=\"border: 5px solid #FFFFFF; -webkit-box-shadow: 1px 1px 2px 1px rgba(0,0,0,0.19); -moz-box-shadow: 1px 1px 2px 1px rgba(0,0,0,0.19); box-shadow: 1px 1px 2px 1px rgba(0,0,0,0.19);\" \/><\/a><\/p>\n<p><strong>R\u00fcckkehr zur Insel der Drachen<\/strong><br \/>\n<i>von Markus Bartels<\/i><\/br><br \/>\nNach meiner ersten Madagaskarreise lie\u00df mich diese Insel nicht mehr los. Kein Tag verging, an dem ich nicht an diese Zeit dachte. Es dauerte nicht mehr lange und ich buchte &#8222;Die R\u00fcckkehr zur Insel der Drachen&#8220;. Der Name war Programm.<br \/>\n<\/br><center><a href=\"https:\/\/www.tanalahorizon.com\/wp-content\/uploads\/2020\/11\/reisebericht_markus_bartels_2017_1.pdf\" target=\"_blank\" rel=\"noopener\">Reisebericht Teil 1 im Taggecko der IG Phelsuma lesen<\/a><\/p>\n<p><\/center><\/p>\n<hr class=\"faded\"\/>\n<p><a href=\"https:\/\/www.tanalahorizon.com\/wp-content\/uploads\/2017\/09\/igphelsuma_markusbartels1.pdf\" target=\"_blank\" rel=\"noopener\"><img decoding=\"async\" loading=\"lazy\" class=\"alignleft size-full wp-image-3337\" src=\"https:\/\/www.tanalahorizon.com\/wp-content\/uploads\/2017\/09\/reisebericht_markus.jpg\" alt=\"Reisebericht Madagaskar\" width=\"298\" height=\"141\"  class=\"alignleft size-thumbnail wp-image-3535\" style=\"border: 5px solid #FFFFFF; -webkit-box-shadow: 1px 1px 2px 1px rgba(0,0,0,0.19); -moz-box-shadow: 1px 1px 2px 1px rgba(0,0,0,0.19); box-shadow: 1px 1px 2px 1px rgba(0,0,0,0.19);\" \/><\/a><\/p>\n<p><strong>Auf Foto-Tour im Osten von Madagaskar<\/strong><br \/>\n<i>von Markus Bartels<\/i><\/br><br \/>\nOb so eine Gruppenreise etwas f\u00fcr mich ist? Im M\u00e4rz 2016 war es soweit: 23 Tage Madagaskar auf der Herpeto Research Expedition lagen vor mir. Und es wurde eine Reise &#8222;mit Wiederholungswert&#8220;!<\/br><br \/>\n<center><a href=\"https:\/\/www.tanalahorizon.com\/wp-content\/uploads\/2017\/09\/igphelsuma_markusbartels1.pdf\" target=\"_blank\" rel=\"noopener\">Reisebericht Teil 1 im Taggecko der IG Phelsuma lesen<\/a><br \/>\n<a href=\"https:\/\/www.tanalahorizon.com\/wp-content\/uploads\/2017\/09\/igphelsuma_markusbartels2.pdf\" target=\"_blank\" rel=\"noopener\">Reisebericht Teil 2 im Taggecko der IG Phelsuma lesen<\/a><\/center><\/p>\n<hr class=\"faded\"\/>\n<p><a href=\"https:\/\/www.masika-sipa.de\" target=\"_blank\" rel=\"noopener\"> <img decoding=\"async\" loading=\"lazy\" class=\"alignleft size-full wp-image-3337\" src=\"https:\/\/www.tanalahorizon.com\/wp-content\/uploads\/2018\/04\/masika-sipa.de_.jpg\" alt=\"Reiseberichte\" width=\"298\" height=\"141\"  class=\"alignleft size-thumbnail wp-image-3535\" style=\"border: 5px solid #FFFFFF; -webkit-box-shadow: 1px 1px 2px 1px rgba(0,0,0,0.19); -moz-box-shadow: 1px 1px 2px 1px rgba(0,0,0,0.19); box-shadow: 1px 1px 2px 1px rgba(0,0,0,0.19);\" \/><\/a><\/p>\n<p><strong>Madagaskar &#8211; Paradies f\u00fcr Fortgeschrittene<\/strong><br \/>\n<i>von Masika sipa<\/i><\/br><br \/>\nEine einzige Reise zur Insel der Drachen, der Gew\u00fcrze und der Lemuren sollte es werden &#8211; und es wurden mehrere Reisen mit unvergesslichen Erlebnissen. <\/br><br \/>\n<a href=\"https:\/\/www.masika-sipa.de\" target=\"_blank\" rel=\"noopener\">Vollst\u00e4ndigen Reisebericht auf masika-sipa.de lesen<\/a><\/p>\n<hr class=\"faded\"\/>\n<p><a href=\"https:\/\/animamundimag.com\/portfolio-items\/issue-23\/\" target=\"_blank\" rel=\"noopener\"><img decoding=\"async\" loading=\"lazy\" class=\"alignleft size-full wp-image-3337\" src=\"https:\/\/www.tanalahorizon.com\/wp-content\/uploads\/2016\/05\/animamundi_landoflemurs.jpg\" alt=\"Reisebericht Madagaskar\" width=\"298\" height=\"141\"  class=\"alignleft size-thumbnail wp-image-3535\" style=\"border: 5px solid #FFFFFF; -webkit-box-shadow: 1px 1px 2px 1px rgba(0,0,0,0.19); -moz-box-shadow: 1px 1px 2px 1px rgba(0,0,0,0.19); box-shadow: 1px 1px 2px 1px rgba(0,0,0,0.19);\" \/><\/a><\/p>\n<p><strong>In the land of lemurs<\/strong><br \/>\n<i>von Andrea &#038; Antonella Ferrari<\/i><\/br><br \/>\nEasily reached and explored, one of Madagascar&#8217;s most spectacular national parks Ranomafana national park features amazing panoramas and a staggering variety of endemic prosimians, reptiles and amphibians.<\/br><br \/>\n<a href=\"https:\/\/animamundimag.com\/portfolio-items\/issue-23\/\" target=\"_blank\" rel=\"noopener\">Vollst\u00e4ndigen Reisebericht auf animamundimag.com lesen<\/a><\/p>\n<hr class=\"faded\"\/>\n<p><a href=\"https:\/\/www.snowmanstudios.de\/reise\/madagaskar-die-insel-der-drachen.html\" target=\"_blank\" rel=\"noopener\"><img decoding=\"async\" loading=\"lazy\" class=\"alignleft size-full wp-image-3337\" src=\"https:\/\/www.tanalahorizon.com\/wp-content\/uploads\/2015\/08\/Thomas-Fuhrmann-Reisebericht.png\" alt=\"Reisebericht Madagaskar\" width=\"298\" height=\"141\"  class=\"alignleft size-thumbnail wp-image-3535\" style=\"border: 5px solid #FFFFFF; -webkit-box-shadow: 1px 1px 2px 1px rgba(0,0,0,0.19); -moz-box-shadow: 1px 1px 2px 1px rgba(0,0,0,0.19); box-shadow: 1px 1px 2px 1px rgba(0,0,0,0.19);\" \/><\/a><\/p>\n<p><strong>Madagaskar, die Insel der Drachen und der Waldgeister<\/strong><br \/>\n<i>von Thomas Fuhrmann<\/i><\/br><br \/>\nDrei Wochen voller neuer Eindr\u00fccke und Erlebnisse sind vor\u00fcber. Die Tour hat meine Erwartungen betreffend coolen Fotomotiven weit \u00fcbertroffen.  <\/br><br \/>\n<a href=\"https:\/\/www.snowmanstudios.de\/reise\/madagaskar-die-insel-der-drachen.html\" target=\"_blank\" rel=\"noopener\">Vollst\u00e4ndigen Reisebericht auf snowmanstudios.de lesen<\/a><\/p>\n<hr class=\"faded\"\/>\n<p><a href=\"https:\/\/animamundimag.com\/portfolio-items\/issue-16\/\" target=\"_blank\" rel=\"noopener\"><img decoding=\"async\" loading=\"lazy\" class=\"alignleft size-full wp-image-3337\" src=\"https:\/\/www.tanalahorizon.com\/wp-content\/uploads\/2015\/07\/animamundi_part2.png\" alt=\"Reiseberichte\" width=\"298\" height=\"141\"  class=\"alignleft size-thumbnail wp-image-3535\" style=\"border: 5px solid #FFFFFF; -webkit-box-shadow: 1px 1px 2px 1px rgba(0,0,0,0.19); -moz-box-shadow: 1px 1px 2px 1px rgba(0,0,0,0.19); box-shadow: 1px 1px 2px 1px rgba(0,0,0,0.19);\" \/><\/a><\/p>\n<p><strong>Magical Madagascar Part II<\/strong><br \/>\n<i>von Andrea &#038; Antonella Ferrari<\/i><\/br><br \/>\nThe second chapter of a herpetological expedition to the legendary land of endemisms in search of colourful reptiles and other great species. It&#8217;s now time to get down to the details! <\/br><br \/>\n<a href=\"https:\/\/animamundimag.com\/portfolio-items\/issue-16\/\" target=\"_blank\" rel=\"noopener\">Vollst\u00e4ndigen Reisebericht auf animamundimag.com lesen<\/a><\/p>\n<hr class=\"faded\"\/>\n<p><a href=\"https:\/\/animamundimag.com\/portfolio-items\/issue-15\/\" target=\"_blank\" rel=\"noopener\"> <img decoding=\"async\" loading=\"lazy\" class=\"alignleft size-full wp-image-3337\" src=\"https:\/\/www.tanalahorizon.com\/wp-content\/uploads\/2015\/07\/animamundi_part1.png\" alt=\"Reiseberichte\"  width=\"298\" height=\"141\"  class=\"alignleft size-thumbnail wp-image-3535\" style=\"border: 5px solid #FFFFFF; -webkit-box-shadow: 1px 1px 2px 1px rgba(0,0,0,0.19); -moz-box-shadow: 1px 1px 2px 1px rgba(0,0,0,0.19); box-shadow: 1px 1px 2px 1px rgba(0,0,0,0.19);\"\/><\/a><\/p>\n<p><strong>Magical Madagascar Part I<\/strong><br \/>\n<i>von Andrea &#038; Antonella Ferrari<\/i><\/br><br \/>\nA richly illustrated, great article about a herpetological expedition to the legendary land of endemisms in search of colourful chameleons &#8211; not to mention rare lemurs, amazing insects and spectacular landscapes. <\/br><br \/>\n<a href=\"https:\/\/animamundimag.com\/portfolio-items\/issue-15\/\" target=\"_blank\" rel=\"noopener\">Vollst\u00e4ndigen Reisebericht auf animamundimag.com lesen<\/a><\/p>\n<hr class=\"faded\"\/>\n<p><a href=\"https:\/\/gottundbratkartoffeln.de\/madagaskar-interview\/\" target=\"_blank\" rel=\"noopener\"> <img decoding=\"async\" loading=\"lazy\" class=\"alignleft size-full wp-image-3337\" src=\"https:\/\/www.tanalahorizon.com\/wp-content\/uploads\/2020\/06\/annathygs.jpg\" alt=\"Reiseberichte\"  width=\"298\" height=\"141\"  class=\"alignleft size-thumbnail wp-image-3535\" style=\"border: 5px solid #FFFFFF; -webkit-box-shadow: 1px 1px 2px 1px rgba(0,0,0,0.19); -moz-box-shadow: 1px 1px 2px 1px rgba(0,0,0,0.19); box-shadow: 1px 1px 2px 1px rgba(0,0,0,0.19);\"\/><\/a><\/p>\n<p><strong>Kattas, Kakerlaken und Cham\u00e4leons<\/strong><br \/>\n<i>von Anna Thygs<\/i><\/br><br \/>\nIhre erste Fernreise auf eigene Faust f\u00fchrte Anna nach Madagaskar. Der Wunsch, die Tierwelt der Insel mit der Kamera zu erkunden war st\u00e4rker als die vielen kleinen Sorgen, was schiefgehen k\u00f6nnte. Im Gespr\u00e4ch verr\u00e4t Anna, wie sie die Reise erlebt und wie diese sie ver\u00e4ndert hat.<\/br><br \/>\n<a href=\"https:\/\/gottundbratkartoffeln.de\/madagaskar-interview\/\" target=\"_blank\" rel=\"noopener\">Interview lesen<\/a><\/p>\n<hr class=\"faded\"\/>\n<p><\/center><\/p>\n<\/p>\n<\/div>\n<\/div>\n","protected":false},"excerpt":{"rendered":"<p>France<\/p>\n","protected":false},"author":1,"featured_media":6710,"parent":0,"menu_order":0,"comment_status":"closed","ping_status":"closed","template":"page-destination.php","meta":{"_monsterinsights_skip_tracking":false,"_monsterinsights_sitenote_active":false,"_monsterinsights_sitenote_note":"","_monsterinsights_sitenote_category":0,"footnotes":""},"categories":[],"tags":[350,351,359,90,38,37,355,346,356,357,348,349,360,347,518,517,352,353,188,190,191,354],"class_list":["post-4171","page","type-page","status-publish","has-post-thumbnail","hentry","tag-bericht-madagaskar","tag-bericht-madagaskarreise","tag-fernweh-madagaskar","tag-horizon","tag-madagascar","tag-madagaskar","tag-madagaskar-weltenbummler","tag-reisebericht","tag-reiseberichte","tag-reiseberichte-madagaskar","tag-reiseblog","tag-reiseblog-madagaskar","tag-reiseerfahrung","tag-reiselog","tag-rezension-tanalahorizon","tag-rezensionen-madagaskar","tag-tagebuch-madagaskar","tag-tagebuch-madagaskarreise","tag-tanala","tag-tanala-horizon","tag-tanalahorizon","tag-weltenbummler"],"yoast_head":"<!-- This site is optimized with the Yoast SEO plugin v26.8 - https:\/\/yoast.com\/product\/yoast-seo-wordpress\/ -->\n<title>Reiseberichte - Tanalahorizon - Madagaskarreisen seit 1995<\/title>\n<meta name=\"description\" content=\"Einige unserer Teilnehmer haben w\u00e4hrend ihrer Reise Tagebuch geschrieben. Diese Reiseberichte samt Fotos und Kommentaren finden Sie auf dieser Seite.\" \/>\n<meta name=\"robots\" content=\"index, follow, max-snippet:-1, max-image-preview:large, max-video-preview:-1\" \/>\n<link rel=\"canonical\" href=\"https:\/\/www.tanalahorizon.com\/en\/reiseberichte\/\" \/>\n<meta property=\"og:locale\" content=\"en_US\" \/>\n<meta property=\"og:type\" content=\"article\" \/>\n<meta property=\"og:title\" content=\"Reiseberichte - Aus der Feder unserer Teilnehmer\" \/>\n<meta property=\"og:description\" content=\"Einige unserer Teilnehmer haben w\u00e4hrend ihrer Reise Tagebuch geschrieben. Diese Reiseberichte samt Fotos und Kommentaren finden Sie auf dieser Seite.\" \/>\n<meta property=\"og:url\" content=\"https:\/\/www.tanalahorizon.com\/en\/reiseberichte\/\" \/>\n<meta property=\"og:site_name\" content=\"Tanalahorizon - Madagaskar travels since 1995\" \/>\n<meta property=\"article:publisher\" content=\"https:\/\/www.facebook.com\/TANALAHORIZON\" \/>\n<meta property=\"article:modified_time\" content=\"2021-12-19T13:14:40+00:00\" \/>\n<meta property=\"og:image\" content=\"https:\/\/www.tanalahorizon.com\/wp-content\/uploads\/2018\/05\/TH_Orchidee12.jpg\" \/>\n\t<meta property=\"og:image:width\" content=\"2000\" \/>\n\t<meta property=\"og:image:height\" content=\"841\" \/>\n\t<meta property=\"og:image:type\" content=\"image\/jpeg\" \/>\n<meta name=\"twitter:card\" content=\"summary_large_image\" \/>\n<meta name=\"twitter:site\" content=\"@tanalahorizon\" \/>\n<meta name=\"twitter:label1\" content=\"Est. reading time\" \/>\n\t<meta name=\"twitter:data1\" content=\"2 minutes\" \/>\n<script type=\"application\/ld+json\" class=\"yoast-schema-graph\">{\"@context\":\"https:\/\/schema.org\",\"@graph\":[{\"@type\":\"WebPage\",\"@id\":\"https:\/\/www.tanalahorizon.com\/en\/reiseberichte\/\",\"url\":\"https:\/\/www.tanalahorizon.com\/en\/reiseberichte\/\",\"name\":\"Reiseberichte - Tanalahorizon - Madagaskarreisen seit 1995\",\"isPartOf\":{\"@id\":\"https:\/\/www.tanalahorizon.com\/en\/#website\"},\"primaryImageOfPage\":{\"@id\":\"https:\/\/www.tanalahorizon.com\/en\/reiseberichte\/#primaryimage\"},\"image\":{\"@id\":\"https:\/\/www.tanalahorizon.com\/reiseberichte\/#primaryimage\"},\"thumbnailUrl\":\"https:\/\/www.tanalahorizon.com\/wp-content\/uploads\/2018\/05\/TH_Orchidee12.jpg\",\"datePublished\":\"2015-07-28T18:15:30+00:00\",\"dateModified\":\"2021-12-19T13:14:40+00:00\",\"description\":\"Einige unserer Teilnehmer haben w\u00e4hrend ihrer Reise Tagebuch geschrieben. Diese Reiseberichte samt Fotos und Kommentaren finden Sie auf dieser Seite.\",\"breadcrumb\":{\"@id\":\"https:\/\/www.tanalahorizon.com\/en\/reiseberichte\/#breadcrumb\"},\"inLanguage\":\"en-US\",\"potentialAction\":[{\"@type\":\"ReadAction\",\"target\":[\"https:\/\/www.tanalahorizon.com\/en\/wp-json\/wp\/v2\/pages\/4171\"]}]},{\"@type\":\"ImageObject\",\"inLanguage\":\"en-US\",\"@id\":\"https:\/\/www.tanalahorizon.com\/en\/reiseberichte\/#primaryimage\",\"url\":\"https:\/\/www.tanalahorizon.com\/wp-content\/uploads\/2018\/05\/TH_Orchidee12.jpg\",\"contentUrl\":\"https:\/\/www.tanalahorizon.com\/wp-content\/uploads\/2018\/05\/TH_Orchidee12.jpg\",\"width\":2000,\"height\":841,\"caption\":\"Orchideen Madagaskars\"},{\"@type\":\"BreadcrumbList\",\"@id\":\"https:\/\/www.tanalahorizon.com\/en\/reiseberichte\/#breadcrumb\",\"itemListElement\":[{\"@type\":\"ListItem\",\"position\":1,\"name\":\"Home\",\"item\":\"https:\/\/www.tanalahorizon.com\/en\/\"},{\"@type\":\"ListItem\",\"position\":2,\"name\":\"Reiseberichte\"}]},{\"@type\":\"WebSite\",\"@id\":\"https:\/\/www.tanalahorizon.com\/en\/#website\",\"url\":\"https:\/\/www.tanalahorizon.com\/en\/\",\"name\":\"Tanalahorizon - Madagaskar travels since 1995\",\"description\":\"Your travel agency for Madagascar\",\"publisher\":{\"@id\":\"https:\/\/www.tanalahorizon.com\/de\/#organization\"},\"potentialAction\":[{\"@type\":\"SearchAction\",\"target\":{\"@type\":\"EntryPoint\",\"urlTemplate\":\"https:\/\/www.tanalahorizon.com\/en\/?s={search_term_string}\"},\"query-input\":{\"@type\":\"PropertyValueSpecification\",\"valueRequired\":true,\"valueName\":\"search_term_string\"}}],\"inLanguage\":\"en-US\"},{\"@type\":\"Organization\",\"@id\":\"https:\/\/www.tanalahorizon.com\/de\/#organization\",\"name\":\"TANALAHORIZON - Madagaskar-Reisen seit 1995\",\"url\":\"https:\/\/www.tanalahorizon.com\/de\/\",\"logo\":{\"@type\":\"ImageObject\",\"inLanguage\":\"en-US\",\"@id\":\"https:\/\/www.tanalahorizon.com\/de\/#\/schema\/logo\/image\/\",\"url\":\"https:\/\/www.tanalahorizon.com\/wp-content\/uploads\/2015\/09\/logo2_300px.png\",\"contentUrl\":\"https:\/\/www.tanalahorizon.com\/wp-content\/uploads\/2015\/09\/logo2_300px.png\",\"width\":300,\"height\":149,\"caption\":\"TANALAHORIZON - Madagaskar-Reisen seit 1995\"},\"image\":{\"@id\":\"https:\/\/www.tanalahorizon.com\/de\/#\/schema\/logo\/image\/\"},\"sameAs\":[\"https:\/\/www.facebook.com\/TANALAHORIZON\",\"https:\/\/x.com\/tanalahorizon\",\"https:\/\/www.youtube.com\/user\/TANALAHORIZON\"]}]}<\/script>\n<!-- \/ Yoast SEO plugin. -->","yoast_head_json":{"title":"Reiseberichte - Tanalahorizon - Madagaskarreisen seit 1995","description":"Einige unserer Teilnehmer haben w\u00e4hrend ihrer Reise Tagebuch geschrieben. Diese Reiseberichte samt Fotos und Kommentaren finden Sie auf dieser Seite.","robots":{"index":"index","follow":"follow","max-snippet":"max-snippet:-1","max-image-preview":"max-image-preview:large","max-video-preview":"max-video-preview:-1"},"canonical":"https:\/\/www.tanalahorizon.com\/en\/reiseberichte\/","og_locale":"en_US","og_type":"article","og_title":"Reiseberichte - Aus der Feder unserer Teilnehmer","og_description":"Einige unserer Teilnehmer haben w\u00e4hrend ihrer Reise Tagebuch geschrieben. Diese Reiseberichte samt Fotos und Kommentaren finden Sie auf dieser Seite.","og_url":"https:\/\/www.tanalahorizon.com\/en\/reiseberichte\/","og_site_name":"Tanalahorizon - Madagaskar travels since 1995","article_publisher":"https:\/\/www.facebook.com\/TANALAHORIZON","article_modified_time":"2021-12-19T13:14:40+00:00","og_image":[{"width":2000,"height":841,"url":"https:\/\/www.tanalahorizon.com\/wp-content\/uploads\/2018\/05\/TH_Orchidee12.jpg","type":"image\/jpeg"}],"twitter_card":"summary_large_image","twitter_site":"@tanalahorizon","twitter_misc":{"Est. reading time":"2 minutes"},"schema":{"@context":"https:\/\/schema.org","@graph":[{"@type":"WebPage","@id":"https:\/\/www.tanalahorizon.com\/en\/reiseberichte\/","url":"https:\/\/www.tanalahorizon.com\/en\/reiseberichte\/","name":"Reiseberichte - Tanalahorizon - Madagaskarreisen seit 1995","isPartOf":{"@id":"https:\/\/www.tanalahorizon.com\/en\/#website"},"primaryImageOfPage":{"@id":"https:\/\/www.tanalahorizon.com\/en\/reiseberichte\/#primaryimage"},"image":{"@id":"https:\/\/www.tanalahorizon.com\/reiseberichte\/#primaryimage"},"thumbnailUrl":"https:\/\/www.tanalahorizon.com\/wp-content\/uploads\/2018\/05\/TH_Orchidee12.jpg","datePublished":"2015-07-28T18:15:30+00:00","dateModified":"2021-12-19T13:14:40+00:00","description":"Einige unserer Teilnehmer haben w\u00e4hrend ihrer Reise Tagebuch geschrieben. Diese Reiseberichte samt Fotos und Kommentaren finden Sie auf dieser Seite.","breadcrumb":{"@id":"https:\/\/www.tanalahorizon.com\/en\/reiseberichte\/#breadcrumb"},"inLanguage":"en-US","potentialAction":[{"@type":"ReadAction","target":["https:\/\/www.tanalahorizon.com\/en\/wp-json\/wp\/v2\/pages\/4171"]}]},{"@type":"ImageObject","inLanguage":"en-US","@id":"https:\/\/www.tanalahorizon.com\/en\/reiseberichte\/#primaryimage","url":"https:\/\/www.tanalahorizon.com\/wp-content\/uploads\/2018\/05\/TH_Orchidee12.jpg","contentUrl":"https:\/\/www.tanalahorizon.com\/wp-content\/uploads\/2018\/05\/TH_Orchidee12.jpg","width":2000,"height":841,"caption":"Orchideen Madagaskars"},{"@type":"BreadcrumbList","@id":"https:\/\/www.tanalahorizon.com\/en\/reiseberichte\/#breadcrumb","itemListElement":[{"@type":"ListItem","position":1,"name":"Home","item":"https:\/\/www.tanalahorizon.com\/en\/"},{"@type":"ListItem","position":2,"name":"Reiseberichte"}]},{"@type":"WebSite","@id":"https:\/\/www.tanalahorizon.com\/en\/#website","url":"https:\/\/www.tanalahorizon.com\/en\/","name":"Tanalahorizon - Madagaskar travels since 1995","description":"Your travel agency for Madagascar","publisher":{"@id":"https:\/\/www.tanalahorizon.com\/de\/#organization"},"potentialAction":[{"@type":"SearchAction","target":{"@type":"EntryPoint","urlTemplate":"https:\/\/www.tanalahorizon.com\/en\/?s={search_term_string}"},"query-input":{"@type":"PropertyValueSpecification","valueRequired":true,"valueName":"search_term_string"}}],"inLanguage":"en-US"},{"@type":"Organization","@id":"https:\/\/www.tanalahorizon.com\/de\/#organization","name":"TANALAHORIZON - Madagaskar-Reisen seit 1995","url":"https:\/\/www.tanalahorizon.com\/de\/","logo":{"@type":"ImageObject","inLanguage":"en-US","@id":"https:\/\/www.tanalahorizon.com\/de\/#\/schema\/logo\/image\/","url":"https:\/\/www.tanalahorizon.com\/wp-content\/uploads\/2015\/09\/logo2_300px.png","contentUrl":"https:\/\/www.tanalahorizon.com\/wp-content\/uploads\/2015\/09\/logo2_300px.png","width":300,"height":149,"caption":"TANALAHORIZON - Madagaskar-Reisen seit 1995"},"image":{"@id":"https:\/\/www.tanalahorizon.com\/de\/#\/schema\/logo\/image\/"},"sameAs":["https:\/\/www.facebook.com\/TANALAHORIZON","https:\/\/x.com\/tanalahorizon","https:\/\/www.youtube.com\/user\/TANALAHORIZON"]}]}},"_links":{"self":[{"href":"https:\/\/www.tanalahorizon.com\/en\/wp-json\/wp\/v2\/pages\/4171","targetHints":{"allow":["GET"]}}],"collection":[{"href":"https:\/\/www.tanalahorizon.com\/en\/wp-json\/wp\/v2\/pages"}],"about":[{"href":"https:\/\/www.tanalahorizon.com\/en\/wp-json\/wp\/v2\/types\/page"}],"author":[{"embeddable":true,"href":"https:\/\/www.tanalahorizon.com\/en\/wp-json\/wp\/v2\/users\/1"}],"replies":[{"embeddable":true,"href":"https:\/\/www.tanalahorizon.com\/en\/wp-json\/wp\/v2\/comments?post=4171"}],"version-history":[{"count":52,"href":"https:\/\/www.tanalahorizon.com\/en\/wp-json\/wp\/v2\/pages\/4171\/revisions"}],"predecessor-version":[{"id":8858,"href":"https:\/\/www.tanalahorizon.com\/en\/wp-json\/wp\/v2\/pages\/4171\/revisions\/8858"}],"wp:featuredmedia":[{"embeddable":true,"href":"https:\/\/www.tanalahorizon.com\/en\/wp-json\/wp\/v2\/media\/6710"}],"wp:attachment":[{"href":"https:\/\/www.tanalahorizon.com\/en\/wp-json\/wp\/v2\/media?parent=4171"}],"wp:term":[{"taxonomy":"category","embeddable":true,"href":"https:\/\/www.tanalahorizon.com\/en\/wp-json\/wp\/v2\/categories?post=4171"},{"taxonomy":"post_tag","embeddable":true,"href":"https:\/\/www.tanalahorizon.com\/en\/wp-json\/wp\/v2\/tags?post=4171"}],"curies":[{"name":"wp","href":"https:\/\/api.w.org\/{rel}","templated":true}]}}