{"id":4226,"date":"2015-07-30T16:07:22","date_gmt":"2015-07-30T14:07:22","guid":{"rendered":"https:\/\/neu.tanalahorizon.com\/?page_id=4226"},"modified":"2023-01-05T18:02:03","modified_gmt":"2023-01-05T17:02:03","slug":"foto-support","status":"publish","type":"page","link":"https:\/\/www.tanalahorizon.com\/en\/foto-support\/","title":{"rendered":"Photo courses"},"content":{"rendered":"<div class=\"one withsmallpadding \" style=\"text-align: justify;\" >\n<div class=\"page_content_wrapper\">\n<h1>Foto-Support<\/h1>\n<p><center><h7>Fotografieren lernen im Urlaub<\/h7><\/center><\/br><\/p>\n<div style=\"bodytext\">Madagaskar ist ein Reiseziel, das nur so strotzt vor einzigartigen Fotomotiven. Ein wahr gewordener Traum f\u00fcr jeden Fotografen! Deshalb bieten wir auf unseren <a href=\"https:\/\/www.tanalahorizon.com\/de\/fotoreisen-und-safaris\/\">Fotoreisen<\/a> optional exklusiven Foto-Support bei unserem ausgebildeten Fotografenmeister an. Egal, ob Du Anf\u00e4nger und gerade neu im Knipsen, ambitionierter Hobbyfotograf oder schon l\u00e4nger dabei bist: Hier kann jeder noch etwas dazu lernen. Und das ganz relaxt w\u00e4hrend Deines Traumurlaubs! Bei uns wird der Spa\u00df am Fotografieren gro\u00df geschrieben. <\/br><br \/>\nUnser Foto-Coach Thorsten hat im Jahr 2000 seinen Meister in Fotografie an der Handwerkskammer D\u00fcsseldorf gemacht und gibt sein Wissen gerne an neugierige, Foto begeisterte Reisende weiter. Er arbeitete bereits als Fotocoach an der Nikon-School und f\u00fchrte lange Zeit ein erfolgreiches eigenes Fotostudio, bevor er sich ganz auf Madagaskarreisen spezialisiert hat. Sein Lieblings-\u201eFotostudio\u201c ist heute der Dschungel Madagaskars.\n<\/div>\n<\/p>\n<\/div>\n<\/div>\n<div class=\"one withsmallpadding withbg fullwidth \" style=\"background-image:url(https:\/\/www.tanalahorizon.com\/wp-content\/uploads\/2015\/07\/Mada2008_m_15202.jpg);background-size:cover;height:1000px;\" >\n<div class=\"page_content_wrapper\">\n<div style=\"margin:120px 0 0 0;text-align:center;\">\n<h1 style=\"font-size:26px;font-style:italic;font-weight:normal;\">Fotografiere mit uns die Wildnis Madagaskars<br \/>und halte Deine Erinnerungen in fantastischen Bildern fest<\/h1>\n<\/div>\n<\/div>\n<\/div>\n<div class=\"one withsmallpadding \" style=\"text-align: justify;\" >\n<div class=\"page_content_wrapper\">\n<div class=\"one_half \">\n<div><strong>Konzept<\/strong><br \/>\n\u201cLearning by doing\u201d ist das Motto unseres Foto-Supports. Wir m\u00f6chten Dich nicht mit trockener Theorie langweilen, sondern mit Dir gemeinsam direkt am Motiv lernen. Alles findet daher w\u00e4hrend unserer Exkursionen inmitten der Wildnis Madagaskars statt.<br \/>\n<\/br><br \/>\nW\u00e4hrend der Reise steht Dir unser Fotocoach mit Rat und Tat zur Seite, hilft bei gestellten Aufgaben und f\u00fchrt Dich hautnah am Objekt in die Geheimnisse der Fotografie ein. Er demonstriert die Vorgehensweise und Du \u00fcbst das Gezeigte unter fachlicher Anleitung direkt im Anschluss. Die Bildbesprechung findet dann auch direkt w\u00e4hrend oder nur kurz nach dem Fotografieren statt. So sind die Eindr\u00fccke noch frisch, Probleme werden fr\u00fch ausger\u00e4umt und das Erlernte wird besser vertieft. Gerne k\u00f6nnen am Ende der Reise alle Bilder auf einem Tablet oder dem Laptop des Gastes noch einmal besprochen werden, um den Gesamteindruck des erfolgten Lernfortschrittes besser absch\u00e4tzen zu k\u00f6nnen.<br \/>\n<\/br><br \/>\nUnd ganz wichtig: Ein \u201eSchema F\u201c gibt es bei unserem Foto-Suport nicht!\n<\/div>\n<\/div>\n<div class=\"one_half last \">\n<div class=\"infobox_right\">\n<strong>Workshop-Inhalte<\/strong> <\/p>\n<p>\nFolgende Themenbereiche sind in der Regel bei jeder der ausgew\u00e4hlten Fotoreisen dabei:<br \/>\n<\/br><br \/>\n<i class=\"fa fa-check-square-o\"><\/i> Grundlagen der Spiegelreflexkamera: Einsatz von Blende und Verschlusszeit, M\u00f6glichkeiten und Grenzen von ISO-Werten, Umgang mit Autofokus-Feldern<br \/>\n<i class=\"fa fa-check-square-o\"><\/i>    Grundlagen der Fotografie: Bildgestaltung, Sch\u00e4rfenverlauf, Belichtungsmessung und richtige Belichtung, Gestaltungselemente wie Framing, Reihung und goldener Schnitt<br \/>\n<i class=\"fa fa-check-square-o\"><\/i>  Landschafts-, Tier- und Makrofotografie, tell-a-story, Einsatz von Weitwinkeln und anderen Objektiven<br \/>\n<i class=\"fa fa-check-square-o\"><\/i>  Nutzung von Stativen und anderen Hilfsmitteln<br \/>\n<i class=\"fa fa-check-square-o\"><\/i>  Einf\u00fchrung ins Blitzen: Technik, Aufhellblitz, Einsatz mehrerer Blitzger\u00e4te, Reflektoren, Softboxen, Einsatz verschiedener Brennweiten<br \/>\n<i class=\"fa fa-check-square-o\"><\/i> Besondere Situationen: Sonnenuntergangs- und Nachtaufnahmen, Sternenfotografie<br \/>\n<\/br><br \/>\n<strong>Wichtig:<\/strong> Wir verzichten vollst\u00e4ndig auf die Anwendung von Programmautomatiken. Alle Fotos, die wir w\u00e4hrend unserer Reisen aufnehmen, werden im manuellen Modus geschossen. Keine Angst,  wir bekommen das gemeinsam schon hin! Bisher hat noch jeder bei uns ganz locker gelernt, nur noch manuell zu fotografieren.\n<\/div>\n<\/div>\n<\/div>\n<\/div>\n<div class=\"ppb_tour one withpadding \" >\n<div class=\"page_content_wrapper \" style=\"text-align:center\">\n<h2 class=\"ppb_title\">Auf folgenden Reisen ist der Foto-Support 2023\/2024 inklusive:<\/h2>\n<p><\/p>\n<div class=\"portfolio_filter_wrapper three_cols shortcode gallery section content clearfix\">\n<div class=\"element portfolio3filter_wrapper\">\n<div class=\"one_third gallery3 filterable gallery_type animated1\"><a href=\"https:\/\/www.tanalahorizon.com\/tours\/die-vergessene-welt\/\"><img decoding=\"async\" src=\"https:\/\/www.tanalahorizon.com\/wp-content\/uploads\/2015\/07\/TH__Cal_ambreense4-560x460.jpg\" alt=\"\" \/><\/p>\n<div class=\"tour_sale \">\n<div class=\"tour_sale_text\">Best Deal<\/div>\n<p>        \t\t\t10% Off\n        \t\t<\/p><\/div>\n<div class=\"thumb_content  \">\n<div class=\"thumb_title\">\n<div class=\"tour_country\">\n\t            \t\tFotoreise &#038; Safari\n\t            \t<\/div>\n<h3>Die vergessene Welt<\/h3>\n<\/p><\/div>\n<div class=\"thumb_meta\">\n<div class=\"tour_days\">\n\t            \t\t22 Days\n\t            \t<\/div>\n<div class=\"tour_price\">\n\t            \t\t\u20ac3350\n\t            \t<\/div>\n<\/div>\n<\/div>\n<p><\/a><\/div>\n<\/div>\n<div class=\"element portfolio3filter_wrapper\">\n<div class=\"one_third gallery3 filterable gallery_type animated2\"><a href=\"https:\/\/www.tanalahorizon.com\/tours\/der-natur-auf-der-spur\/\"><img decoding=\"async\" src=\"https:\/\/www.tanalahorizon.com\/wp-content\/uploads\/2015\/12\/Fossa-560x460.jpg\" alt=\"Fossa in Kirindy\" \/><\/p>\n<div class=\"tour_sale \">\n<div class=\"tour_sale_text\">Best Deal<\/div>\n<p>        \t\t\t10% Off\n        \t\t<\/p><\/div>\n<div class=\"thumb_content  \">\n<div class=\"thumb_title\">\n<div class=\"tour_country\">\n\t            \t\tFotoreise &#038; Safari\n\t            \t<\/div>\n<h3>Der Natur auf der Spur<\/h3>\n<\/p><\/div>\n<div class=\"thumb_meta\">\n<div class=\"tour_days\">\n\t            \t\t21 Days\n\t            \t<\/div>\n<div class=\"tour_price\">\n\t            \t\t\u20ac3250\n\t            \t<\/div>\n<\/div>\n<\/div>\n<p><\/a><\/div>\n<\/div>\n<div class=\"element portfolio3filter_wrapper\">\n<div class=\"one_third gallery3 filterable gallery_type animated3\"><a href=\"https:\/\/www.tanalahorizon.com\/tours\/jagd-nach-dem-gruenen-giganten\/\"><img decoding=\"async\" src=\"https:\/\/www.tanalahorizon.com\/wp-content\/uploads\/2022\/01\/Titelbild-Calumma-parsonii-560x460.jpg\" alt=\"\" \/><\/p>\n<div class=\"thumb_content  \">\n<div class=\"thumb_title\">\n<div class=\"tour_country\">\n\t            \t\tFotoreise &#038; Safari\n\t            \t<\/div>\n<h3>Jagd nach dem gr\u00fcnen Giganten<\/h3>\n<\/p><\/div>\n<div class=\"thumb_meta\">\n<div class=\"tour_days\">\n\t            \t\t21 Days\n\t            \t<\/div>\n<div class=\"tour_price\">\n\t            \t\t\u20ac3750\n\t            \t<\/div>\n<\/div>\n<\/div>\n<p><\/a><\/div>\n<\/div>\n<\/div>\n<\/div>\n<\/div>\n<div class=\"ppb_tour one withpadding nopadding \" >\n<div class=\"page_content_wrapper \" style=\"text-align:center\"><\/div>\n<\/div>\n<div class=\"one withsmallpadding \" style=\"text-align: justify;\" >\n<div class=\"page_content_wrapper\">\n<div class=\"one_half \">\n<div style=\"text-align:center\"><\/br><\/br><\/br><\/br><\/p>\n<div class=\"bodytext\" style=\"text-align:justify;\">Bist Du Dir unsicher,  ob eine Fotoreise mit Foto-Support das Richtige f\u00fcr Dich ist? Oder m\u00f6chtest Du wissen, ob bei Deiner Reise genau die Fotomotive dabei sind, die Du Dir w\u00fcnschst? Dann ruf uns doch  einfach an unter  06132 9744808 oder schreib uns eine E-Mail an<br \/>\n<a href=\"mailto:info@tanalahorizon.com\">info@tanalahorizon.com<\/a>. Wir beraten Dich gerne \u00fcber alle fotografischen M\u00f6glichkeiten auf Deiner Madagaskar-Reise und die ben\u00f6tigte <a href=\"https:\/\/www.tanalahorizon.com\/de\/fotografie-ausruestung\/\">Foto-Ausr\u00fcstung<\/a>.\n<\/div>\n<\/div>\n<\/div>\n<div class=\"one_half last \">\n<img decoding=\"async\" src=\"https:\/\/www.tanalahorizon.com\/wp-content\/uploads\/2017\/12\/Kamera_klein.jpg\">\n<\/div>\n<\/p>\n<\/div>\n<\/div>\n<div class=\"one ppb_gallery withpadding \" \">\n<div class=\"page_content_wrapper full_width\" style=\"text-align:center\">\n<div class=\"three_cols fullwidth portfolio_filter_wrapper gallery section content clearfix\">\n<div class=\"element portfolio3filter_wrapper\">\n<div class=\"one_third gallery3 filterable gallery_type animated1 \"><a title=\"\" class=\"fancy-gallery\" href=\"https:\/\/www.tanalahorizon.com\/wp-content\/uploads\/2015\/07\/Foto-Workshop-3.jpg\"><img decoding=\"async\" src=\"https:\/\/www.tanalahorizon.com\/wp-content\/uploads\/2015\/07\/Foto-Workshop-3-560x460.jpg\" alt=\"\" class=\"\"\/><\/a><\/div>\n<\/div>\n<div class=\"element portfolio3filter_wrapper\">\n<div class=\"one_third gallery3 filterable gallery_type animated2 \"><a title=\"\" class=\"fancy-gallery\" href=\"https:\/\/www.tanalahorizon.com\/wp-content\/uploads\/2015\/07\/TH_Dimby1.jpg\"><img decoding=\"async\" src=\"https:\/\/www.tanalahorizon.com\/wp-content\/uploads\/2015\/07\/TH_Dimby1-560x460.jpg\" alt=\"Fotoworkshop in Afrika\" class=\"\"\/><\/a><\/div>\n<\/div>\n<div class=\"element portfolio3filter_wrapper\">\n<div class=\"one_third gallery3 filterable gallery_type animated3 \"><a title=\"\" class=\"fancy-gallery\" href=\"https:\/\/www.tanalahorizon.com\/wp-content\/uploads\/2015\/07\/Galerie-Foto-Workshops-1.jpg\"><img decoding=\"async\" src=\"https:\/\/www.tanalahorizon.com\/wp-content\/uploads\/2015\/07\/Galerie-Foto-Workshops-1-560x460.jpg\" alt=\"\" class=\"\"\/><\/a><\/div>\n<\/div>\n<div class=\"element portfolio3filter_wrapper\">\n<div class=\"one_third gallery3 filterable gallery_type animated4 last\"><a title=\"\" class=\"fancy-gallery\" href=\"https:\/\/www.tanalahorizon.com\/wp-content\/uploads\/2015\/07\/Foto-Workshop-4.jpg\"><img decoding=\"async\" src=\"https:\/\/www.tanalahorizon.com\/wp-content\/uploads\/2015\/07\/Foto-Workshop-4-560x460.jpg\" alt=\"\" class=\"\"\/><\/a><\/div>\n<\/div>\n<div class=\"element portfolio3filter_wrapper\">\n<div class=\"one_third gallery3 filterable gallery_type animated5 \"><a title=\"\" class=\"fancy-gallery\" href=\"https:\/\/www.tanalahorizon.com\/wp-content\/uploads\/2015\/07\/Foto-Workshop-5.jpg\"><img decoding=\"async\" src=\"https:\/\/www.tanalahorizon.com\/wp-content\/uploads\/2015\/07\/Foto-Workshop-5-560x460.jpg\" alt=\"\" class=\"\"\/><\/a><\/div>\n<\/div>\n<div class=\"element portfolio3filter_wrapper\">\n<div class=\"one_third gallery3 filterable gallery_type animated6 \"><a title=\"\" class=\"fancy-gallery\" href=\"https:\/\/www.tanalahorizon.com\/wp-content\/uploads\/2018\/04\/TH_workshop7.jpg\"><img decoding=\"async\" src=\"https:\/\/www.tanalahorizon.com\/wp-content\/uploads\/2018\/04\/TH_workshop7-560x460.jpg\" alt=\"Fotoworkshop in Madagaskar\" class=\"\"\/><\/a><\/div>\n<\/div>\n<div class=\"element portfolio3filter_wrapper\">\n<div class=\"one_third gallery3 filterable gallery_type animated7 \"><a title=\"\" class=\"fancy-gallery\" href=\"https:\/\/www.tanalahorizon.com\/wp-content\/uploads\/2015\/07\/workshop_gut3.jpg\"><img decoding=\"async\" src=\"https:\/\/www.tanalahorizon.com\/wp-content\/uploads\/2015\/07\/workshop_gut3-560x460.jpg\" alt=\"Foto-Workshop\" class=\"\"\/><\/a><\/div>\n<\/div>\n<div class=\"element portfolio3filter_wrapper\">\n<div class=\"one_third gallery3 filterable gallery_type animated8 last\"><a title=\"\" class=\"fancy-gallery\" href=\"https:\/\/www.tanalahorizon.com\/wp-content\/uploads\/2015\/07\/TH_Jose.jpg\"><img decoding=\"async\" src=\"https:\/\/www.tanalahorizon.com\/wp-content\/uploads\/2015\/07\/TH_Jose-560x460.jpg\" alt=\"\" class=\"\"\/><\/a><\/div>\n<\/div>\n<div class=\"element portfolio3filter_wrapper\">\n<div class=\"one_third gallery3 filterable gallery_type animated9 \"><a title=\"\" class=\"fancy-gallery\" href=\"https:\/\/www.tanalahorizon.com\/wp-content\/uploads\/2015\/07\/Foto-Workshop-8.jpg\"><img decoding=\"async\" src=\"https:\/\/www.tanalahorizon.com\/wp-content\/uploads\/2015\/07\/Foto-Workshop-8-560x460.jpg\" alt=\"Foto-Workshop\" class=\"\"\/><\/a><\/div>\n<\/div>\n<div class=\"element portfolio3filter_wrapper\">\n<div class=\"one_third gallery3 filterable gallery_type animated10 \"><a title=\"\" class=\"fancy-gallery\" href=\"https:\/\/www.tanalahorizon.com\/wp-content\/uploads\/2015\/07\/Uroplatus-springt.jpg\"><img decoding=\"async\" src=\"https:\/\/www.tanalahorizon.com\/wp-content\/uploads\/2015\/07\/Uroplatus-springt-560x460.jpg\" alt=\"Beim Foto Workshop auf Madagaskar kann das Motiv schonmal in die Kamera springen\" class=\"\"\/><\/a><\/div>\n<\/div>\n<div class=\"element portfolio3filter_wrapper\">\n<div class=\"one_third gallery3 filterable gallery_type animated11 \"><a title=\"\" class=\"fancy-gallery\" href=\"https:\/\/www.tanalahorizon.com\/wp-content\/uploads\/2015\/07\/workshop_gut2.jpg\"><img decoding=\"async\" src=\"https:\/\/www.tanalahorizon.com\/wp-content\/uploads\/2015\/07\/workshop_gut2-560x460.jpg\" alt=\"Foto-Workshop\" class=\"\"\/><\/a><\/div>\n<\/div>\n<div class=\"element portfolio3filter_wrapper\">\n<div class=\"one_third gallery3 filterable gallery_type animated12 last\"><a title=\"\" class=\"fancy-gallery\" href=\"https:\/\/www.tanalahorizon.com\/wp-content\/uploads\/2015\/07\/TH_Markus1.jpg\"><img decoding=\"async\" src=\"https:\/\/www.tanalahorizon.com\/wp-content\/uploads\/2015\/07\/TH_Markus1-560x460.jpg\" alt=\"Workshop in Madagaskar\" class=\"\"\/><\/a><\/div>\n<\/div>\n<\/div>\n<\/div>\n<\/div>\n","protected":false},"excerpt":{"rendered":"<p>Foto-Support Fotografieren lernen im Urlaub Madagaskar ist ein Reiseziel, das nur so strotzt vor einzigartigen Fotomotiven. Ein wahr gewordener Traum f\u00fcr jeden Fotografen! Deshalb bieten wir auf unseren Fotoreisen optional exklusiven Foto-Support bei unserem ausgebildeten Fotografenmeister an. Egal, ob Du Anf\u00e4nger und gerade neu im Knipsen, [&hellip;]<\/p>\n","protected":false},"author":1,"featured_media":7046,"parent":0,"menu_order":0,"comment_status":"open","ping_status":"open","template":"page-destination.php","meta":{"_monsterinsights_skip_tracking":false,"_monsterinsights_sitenote_active":false,"_monsterinsights_sitenote_note":"","_monsterinsights_sitenote_category":0,"footnotes":""},"categories":[],"tags":[279,272,273,274,276,71,72,73,74,271,75,76,280,281,77,78,79,80,81,82,83,84,275,115,116,117,118,119,120,135,220,221,278,277,269,270,172,173],"class_list":["post-4226","page","type-page","status-publish","has-post-thumbnail","hentry","tag-ausruestung-madagaskar","tag-workshop","tag-workshops","tag-foto-workshop","tag-foto-workshop-madagaskar","tag-fotoabenteuer","tag-fotoabenteuer-madagaskar","tag-fotoexpeditionen","tag-fotoexpeditionen-madagaskar","tag-fotografenmeister","tag-fotografie","tag-fotografie-madagaskar","tag-fotografieren-lernen","tag-fotografieren-lernen-im-urlaub","tag-fotoreisen","tag-fotoreisen-madagaskar","tag-fotosafari","tag-fotosafari-madagaskar","tag-fototouren","tag-fototouren-madagaskar","tag-fotourlaub","tag-fotourlaub-madagaskar","tag-fotoworkshops","tag-madagaskar-fotoabenteuer","tag-madagaskar-fotoexpeditionen","tag-madagaskar-fotoreisen","tag-madagaskar-fotosafaris","tag-madagaskar-fototouren","tag-madagaskar-fotourlaub","tag-madagaskar-reisefotografie","tag-naturfotografie","tag-naturfotografie-madagaskar","tag-objektiv","tag-objektive","tag-photographie","tag-photos-madagaskar","tag-reisefotografie","tag-reisefotografie-madagaskar"],"yoast_head":"<!-- This site is optimized with the Yoast SEO plugin v26.8 - https:\/\/yoast.com\/product\/yoast-seo-wordpress\/ -->\n<title>Photo courses - Tanalahorizon - Madagascar since 1995<\/title>\n<meta name=\"description\" content=\"During our photo travels to Madagascar, you can book a photo course with our master of photography. 20 years of experience!\" \/>\n<meta name=\"robots\" content=\"index, follow, max-snippet:-1, max-image-preview:large, max-video-preview:-1\" \/>\n<link rel=\"canonical\" href=\"https:\/\/www.tanalahorizon.com\/en\/foto-support\/\" \/>\n<meta property=\"og:locale\" content=\"en_US\" \/>\n<meta property=\"og:type\" content=\"article\" \/>\n<meta property=\"og:title\" content=\"Photo courses - Tanalahorizon - Madagascar since 1995\" \/>\n<meta property=\"og:description\" content=\"During our photo travels to Madagascar, you can book a photo course with our master of photography. 20 years of experience!\" \/>\n<meta property=\"og:url\" content=\"https:\/\/www.tanalahorizon.com\/en\/foto-support\/\" \/>\n<meta property=\"og:site_name\" content=\"Tanalahorizon - Madagaskar travels since 1995\" \/>\n<meta property=\"article:publisher\" content=\"https:\/\/www.facebook.com\/TANALAHORIZON\" \/>\n<meta property=\"article:modified_time\" content=\"2023-01-05T17:02:03+00:00\" \/>\n<meta property=\"og:image\" content=\"https:\/\/www.tanalahorizon.com\/wp-content\/uploads\/2019\/04\/TH_Workshop.jpg\" \/>\n\t<meta property=\"og:image:width\" content=\"2000\" \/>\n\t<meta property=\"og:image:height\" content=\"1294\" \/>\n\t<meta property=\"og:image:type\" content=\"image\/jpeg\" \/>\n<meta name=\"twitter:card\" content=\"summary_large_image\" \/>\n<meta name=\"twitter:site\" content=\"@tanalahorizon\" \/>\n<meta name=\"twitter:label1\" content=\"Est. reading time\" \/>\n\t<meta name=\"twitter:data1\" content=\"7 minutes\" \/>\n<script type=\"application\/ld+json\" class=\"yoast-schema-graph\">{\"@context\":\"https:\/\/schema.org\",\"@graph\":[{\"@type\":\"WebPage\",\"@id\":\"https:\/\/www.tanalahorizon.com\/en\/foto-support\/\",\"url\":\"https:\/\/www.tanalahorizon.com\/en\/foto-support\/\",\"name\":\"Photo courses - Tanalahorizon - Madagascar since 1995\",\"isPartOf\":{\"@id\":\"https:\/\/www.tanalahorizon.com\/en\/#website\"},\"primaryImageOfPage\":{\"@id\":\"https:\/\/www.tanalahorizon.com\/en\/foto-support\/#primaryimage\"},\"image\":{\"@id\":\"https:\/\/www.tanalahorizon.com\/foto-support\/#primaryimage\"},\"thumbnailUrl\":\"https:\/\/www.tanalahorizon.com\/wp-content\/uploads\/2019\/04\/TH_Workshop.jpg\",\"datePublished\":\"2015-07-30T14:07:22+00:00\",\"dateModified\":\"2023-01-05T17:02:03+00:00\",\"description\":\"During our photo travels to Madagascar, you can book a photo course with our master of photography. 20 years of experience!\",\"breadcrumb\":{\"@id\":\"https:\/\/www.tanalahorizon.com\/en\/foto-support\/#breadcrumb\"},\"inLanguage\":\"en-US\",\"potentialAction\":[{\"@type\":\"ReadAction\",\"target\":[\"https:\/\/www.tanalahorizon.com\/en\/wp-json\/wp\/v2\/pages\/4226\"]}]},{\"@type\":\"ImageObject\",\"inLanguage\":\"en-US\",\"@id\":\"https:\/\/www.tanalahorizon.com\/en\/foto-support\/#primaryimage\",\"url\":\"https:\/\/www.tanalahorizon.com\/wp-content\/uploads\/2019\/04\/TH_Workshop.jpg\",\"contentUrl\":\"https:\/\/www.tanalahorizon.com\/wp-content\/uploads\/2019\/04\/TH_Workshop.jpg\",\"width\":2000,\"height\":1294,\"caption\":\"Madagaskar Fotoreise\"},{\"@type\":\"BreadcrumbList\",\"@id\":\"https:\/\/www.tanalahorizon.com\/en\/foto-support\/#breadcrumb\",\"itemListElement\":[{\"@type\":\"ListItem\",\"position\":1,\"name\":\"Home\",\"item\":\"https:\/\/www.tanalahorizon.com\/en\/\"},{\"@type\":\"ListItem\",\"position\":2,\"name\":\"Foto-Support\"}]},{\"@type\":\"WebSite\",\"@id\":\"https:\/\/www.tanalahorizon.com\/en\/#website\",\"url\":\"https:\/\/www.tanalahorizon.com\/en\/\",\"name\":\"Tanalahorizon - Madagaskar travels since 1995\",\"description\":\"Your travel agency for Madagascar\",\"publisher\":{\"@id\":\"https:\/\/www.tanalahorizon.com\/de\/#organization\"},\"potentialAction\":[{\"@type\":\"SearchAction\",\"target\":{\"@type\":\"EntryPoint\",\"urlTemplate\":\"https:\/\/www.tanalahorizon.com\/en\/?s={search_term_string}\"},\"query-input\":{\"@type\":\"PropertyValueSpecification\",\"valueRequired\":true,\"valueName\":\"search_term_string\"}}],\"inLanguage\":\"en-US\"},{\"@type\":\"Organization\",\"@id\":\"https:\/\/www.tanalahorizon.com\/de\/#organization\",\"name\":\"TANALAHORIZON - Madagaskar-Reisen seit 1995\",\"url\":\"https:\/\/www.tanalahorizon.com\/de\/\",\"logo\":{\"@type\":\"ImageObject\",\"inLanguage\":\"en-US\",\"@id\":\"https:\/\/www.tanalahorizon.com\/de\/#\/schema\/logo\/image\/\",\"url\":\"https:\/\/www.tanalahorizon.com\/wp-content\/uploads\/2015\/09\/logo2_300px.png\",\"contentUrl\":\"https:\/\/www.tanalahorizon.com\/wp-content\/uploads\/2015\/09\/logo2_300px.png\",\"width\":300,\"height\":149,\"caption\":\"TANALAHORIZON - Madagaskar-Reisen seit 1995\"},\"image\":{\"@id\":\"https:\/\/www.tanalahorizon.com\/de\/#\/schema\/logo\/image\/\"},\"sameAs\":[\"https:\/\/www.facebook.com\/TANALAHORIZON\",\"https:\/\/x.com\/tanalahorizon\",\"https:\/\/www.youtube.com\/user\/TANALAHORIZON\"]}]}<\/script>\n<!-- \/ Yoast SEO plugin. -->","yoast_head_json":{"title":"Photo courses - Tanalahorizon - Madagascar since 1995","description":"During our photo travels to Madagascar, you can book a photo course with our master of photography. 20 years of experience!","robots":{"index":"index","follow":"follow","max-snippet":"max-snippet:-1","max-image-preview":"max-image-preview:large","max-video-preview":"max-video-preview:-1"},"canonical":"https:\/\/www.tanalahorizon.com\/en\/foto-support\/","og_locale":"en_US","og_type":"article","og_title":"Photo courses - Tanalahorizon - Madagascar since 1995","og_description":"During our photo travels to Madagascar, you can book a photo course with our master of photography. 20 years of experience!","og_url":"https:\/\/www.tanalahorizon.com\/en\/foto-support\/","og_site_name":"Tanalahorizon - Madagaskar travels since 1995","article_publisher":"https:\/\/www.facebook.com\/TANALAHORIZON","article_modified_time":"2023-01-05T17:02:03+00:00","og_image":[{"width":2000,"height":1294,"url":"https:\/\/www.tanalahorizon.com\/wp-content\/uploads\/2019\/04\/TH_Workshop.jpg","type":"image\/jpeg"}],"twitter_card":"summary_large_image","twitter_site":"@tanalahorizon","twitter_misc":{"Est. reading time":"7 minutes"},"schema":{"@context":"https:\/\/schema.org","@graph":[{"@type":"WebPage","@id":"https:\/\/www.tanalahorizon.com\/en\/foto-support\/","url":"https:\/\/www.tanalahorizon.com\/en\/foto-support\/","name":"Photo courses - Tanalahorizon - Madagascar since 1995","isPartOf":{"@id":"https:\/\/www.tanalahorizon.com\/en\/#website"},"primaryImageOfPage":{"@id":"https:\/\/www.tanalahorizon.com\/en\/foto-support\/#primaryimage"},"image":{"@id":"https:\/\/www.tanalahorizon.com\/foto-support\/#primaryimage"},"thumbnailUrl":"https:\/\/www.tanalahorizon.com\/wp-content\/uploads\/2019\/04\/TH_Workshop.jpg","datePublished":"2015-07-30T14:07:22+00:00","dateModified":"2023-01-05T17:02:03+00:00","description":"During our photo travels to Madagascar, you can book a photo course with our master of photography. 20 years of experience!","breadcrumb":{"@id":"https:\/\/www.tanalahorizon.com\/en\/foto-support\/#breadcrumb"},"inLanguage":"en-US","potentialAction":[{"@type":"ReadAction","target":["https:\/\/www.tanalahorizon.com\/en\/wp-json\/wp\/v2\/pages\/4226"]}]},{"@type":"ImageObject","inLanguage":"en-US","@id":"https:\/\/www.tanalahorizon.com\/en\/foto-support\/#primaryimage","url":"https:\/\/www.tanalahorizon.com\/wp-content\/uploads\/2019\/04\/TH_Workshop.jpg","contentUrl":"https:\/\/www.tanalahorizon.com\/wp-content\/uploads\/2019\/04\/TH_Workshop.jpg","width":2000,"height":1294,"caption":"Madagaskar Fotoreise"},{"@type":"BreadcrumbList","@id":"https:\/\/www.tanalahorizon.com\/en\/foto-support\/#breadcrumb","itemListElement":[{"@type":"ListItem","position":1,"name":"Home","item":"https:\/\/www.tanalahorizon.com\/en\/"},{"@type":"ListItem","position":2,"name":"Foto-Support"}]},{"@type":"WebSite","@id":"https:\/\/www.tanalahorizon.com\/en\/#website","url":"https:\/\/www.tanalahorizon.com\/en\/","name":"Tanalahorizon - Madagaskar travels since 1995","description":"Your travel agency for Madagascar","publisher":{"@id":"https:\/\/www.tanalahorizon.com\/de\/#organization"},"potentialAction":[{"@type":"SearchAction","target":{"@type":"EntryPoint","urlTemplate":"https:\/\/www.tanalahorizon.com\/en\/?s={search_term_string}"},"query-input":{"@type":"PropertyValueSpecification","valueRequired":true,"valueName":"search_term_string"}}],"inLanguage":"en-US"},{"@type":"Organization","@id":"https:\/\/www.tanalahorizon.com\/de\/#organization","name":"TANALAHORIZON - Madagaskar-Reisen seit 1995","url":"https:\/\/www.tanalahorizon.com\/de\/","logo":{"@type":"ImageObject","inLanguage":"en-US","@id":"https:\/\/www.tanalahorizon.com\/de\/#\/schema\/logo\/image\/","url":"https:\/\/www.tanalahorizon.com\/wp-content\/uploads\/2015\/09\/logo2_300px.png","contentUrl":"https:\/\/www.tanalahorizon.com\/wp-content\/uploads\/2015\/09\/logo2_300px.png","width":300,"height":149,"caption":"TANALAHORIZON - Madagaskar-Reisen seit 1995"},"image":{"@id":"https:\/\/www.tanalahorizon.com\/de\/#\/schema\/logo\/image\/"},"sameAs":["https:\/\/www.facebook.com\/TANALAHORIZON","https:\/\/x.com\/tanalahorizon","https:\/\/www.youtube.com\/user\/TANALAHORIZON"]}]}},"_links":{"self":[{"href":"https:\/\/www.tanalahorizon.com\/en\/wp-json\/wp\/v2\/pages\/4226","targetHints":{"allow":["GET"]}}],"collection":[{"href":"https:\/\/www.tanalahorizon.com\/en\/wp-json\/wp\/v2\/pages"}],"about":[{"href":"https:\/\/www.tanalahorizon.com\/en\/wp-json\/wp\/v2\/types\/page"}],"author":[{"embeddable":true,"href":"https:\/\/www.tanalahorizon.com\/en\/wp-json\/wp\/v2\/users\/1"}],"replies":[{"embeddable":true,"href":"https:\/\/www.tanalahorizon.com\/en\/wp-json\/wp\/v2\/comments?post=4226"}],"version-history":[{"count":120,"href":"https:\/\/www.tanalahorizon.com\/en\/wp-json\/wp\/v2\/pages\/4226\/revisions"}],"predecessor-version":[{"id":9347,"href":"https:\/\/www.tanalahorizon.com\/en\/wp-json\/wp\/v2\/pages\/4226\/revisions\/9347"}],"wp:featuredmedia":[{"embeddable":true,"href":"https:\/\/www.tanalahorizon.com\/en\/wp-json\/wp\/v2\/media\/7046"}],"wp:attachment":[{"href":"https:\/\/www.tanalahorizon.com\/en\/wp-json\/wp\/v2\/media?parent=4226"}],"wp:term":[{"taxonomy":"category","embeddable":true,"href":"https:\/\/www.tanalahorizon.com\/en\/wp-json\/wp\/v2\/categories?post=4226"},{"taxonomy":"post_tag","embeddable":true,"href":"https:\/\/www.tanalahorizon.com\/en\/wp-json\/wp\/v2\/tags?post=4226"}],"curies":[{"name":"wp","href":"https:\/\/api.w.org\/{rel}","templated":true}]}}