{"id":4381,"date":"2015-08-13T10:44:17","date_gmt":"2015-08-13T08:44:17","guid":{"rendered":"https:\/\/neu.tanalahorizon.com\/?page_id=4381"},"modified":"2025-12-05T15:05:22","modified_gmt":"2025-12-05T14:05:22","slug":"klassische-madagaskar-rundreisen","status":"publish","type":"page","link":"https:\/\/www.tanalahorizon.com\/en\/klassische-madagaskar-rundreisen\/","title":{"rendered":"Klassische Rundreisen"},"content":{"rendered":"<div class=\"one withsmallpadding \" style=\"text-align: justify;\" >\n<div class=\"page_content_wrapper\">\n<h1>Klassische Rundreisen<\/h1>\n<p><center><h7>Die sch\u00f6nsten Ziele Madagaskars entdecken<\/h7><\/center><br \/>\nUnsere Rundreisen spiegeln die Vielfalt der Insel wieder und eignen sich besonders f\u00fcr G\u00e4ste, die in einem relativ kurzen Zeitraum m\u00f6glichst viel Unterschiedliches auf Madagaskar sehen und erleben wollen. Auch wenn Du zum ersten Mal auf die rote Insel reist und Dir erst einmal einen \u00dcberblick verschaffen willst, bist Du bei unseren klassischen Rundreisen genau richtig.<br \/>\n<\/br><br \/>\n<img decoding=\"async\" src=\"https:\/\/www.tanalahorizon.com\/wp-content\/uploads\/2020\/05\/Grafik-Fossa-e1590857412870.jpg\" style=\"float:right; margin-top:20px; margin-left: 30px;\" alt=\"Rundreisen auf Madagaskar\"> Das Besondere an unseren Rundreisen ist, dass es sich hier nicht um &#8222;Reisen von der Stange&#8220; nach Schema F handelt. Denn Du sitzt nicht in einem 52-Mann-Reisebus, w\u00e4hrend vorne ein Reiseleiter \u00fcber Sehenswertes erz\u00e4hlt, das schnell am Fenster vorbeizieht. Ganz im Gegenteil! Unsere Gruppenreisen umfassen maximal 10 Personen und werden in Nationalparks und Reservaten in Kleingruppen aufgeteilt, so dass das Naturerlebnis stets so intensiv wie m\u00f6glich ist. Damit ergibt sich schnell das Gef\u00fchl, mit guten Freunden oder in einer gro\u00dfen Familie zu verreisen. Du kannst unsere Rundreisen aber nicht nur in der Gruppe genie\u00dfen. Wenn Du eine Rundreise allein, zusammen mit Deinem Partner oder Freunden unternehmen m\u00f6chtest, machen wir das ebenfalls m\u00f6glich!<br \/>\n<\/br><br \/>\nUnsere Rundreisen sind pers\u00f6nlich, werden auf Wunsch passend auf Dich zugeschnitten und bringen Dich mitten hinein ins madagassische Leben und die einzigartige Natur. Mittendrin statt nur dabei! Sollte Dein Traumurlaub noch nicht dabei sein, erstellen wir Dir auch gerne <a href=\"https:\/\/www.tanalahorizon.com\/de\/individuelle-reisen\/\" target=\"_blank\">ganz individuell eine eigene, ma\u00dfgeschneiderte Madagaskarreise<\/a>. <\/p>\n<\/p>\n<\/div>\n<\/div>\n<div class=\"ppb_tour one withpadding nopadding \" >\n<div class=\"page_content_wrapper full_width\" style=\"text-align:center\">\n<div class=\"portfolio_filter_wrapper three_cols fullwidth shortcode gallery section content clearfix\">\n<div class=\"element portfolio3filter_wrapper\">\n<div class=\"one_third gallery3 filterable gallery_type animated1\"><a href=\"https:\/\/www.tanalahorizon.com\/tours\/der-wilde-westen-madagaskars\/\"><br \/>\n        \t\t    <img decoding=\"async\" src=\"https:\/\/www.tanalahorizon.com\/wp-content\/uploads\/2018\/01\/TH_Baobab_SA_01-560x460.jpg\" alt=\"\" \/><br \/>\n        \t\t<\/a><\/p>\n<div class=\"thumb_content fullwidth classic\">\n<div class=\"thumb_title\">\n<div class=\"tour_country\">\n\t            \t\tKlassiche Rundreise\n\t            \t<\/div>\n<h3>Der Wilde Westen<\/h3>\n<\/p><\/div>\n<div class=\"thumb_meta\">\n<div class=\"tour_days\">\n\t            \t\t14 Tage\n\t            \t<\/div>\n<div class=\"tour_price\">\n\t            \t\t\u20ac3300\n\t            \t<\/div>\n<\/div>\n<p><br class=\"clear\"\/><\/p>\n<div class=\"tour_excerpt\"><i class=\"fa fa-map-marker\"><\/i>&nbsp; Die Highlights des Westens<br \/>\n<i class=\"fa fa-map-marker\"><\/i>&nbsp; Weltnaturerbe Tsingy de Bemaraha<br \/>\n<i class=\"fa fa-map-marker\"><\/i>&nbsp; In Kirindy der Fossa auf der Spur<br \/>\n<i class=\"fa fa-map-marker\"><\/i>&nbsp; Eine Vielfalt an Baobabs besuchen<\/div>\n<\/div>\n<\/div>\n<\/div>\n<div class=\"element portfolio3filter_wrapper\">\n<div class=\"one_third gallery3 filterable gallery_type animated2\"><a href=\"https:\/\/www.tanalahorizon.com\/tours\/zauber-der-ostkueste\/\"><br \/>\n        \t\t    <img decoding=\"async\" src=\"https:\/\/www.tanalahorizon.com\/wp-content\/uploads\/2015\/07\/Nosy-Nato3-560x460.jpg\" alt=\"\" \/><br \/>\n        \t\t<\/a><\/p>\n<div class=\"thumb_content fullwidth classic\">\n<div class=\"thumb_title\">\n<div class=\"tour_country\">\n\t            \t\tKlassische Rundreise\n\t            \t<\/div>\n<h3>Zauber der Ostk\u00fcste<\/h3>\n<\/p><\/div>\n<div class=\"thumb_meta\">\n<div class=\"tour_days\">\n\t            \t\t14 Tage\n\t            \t<\/div>\n<div class=\"tour_price\">\n\t            \t\t\u20ac3100\n\t            \t<\/div>\n<\/div>\n<p><br class=\"clear\"\/><\/p>\n<div class=\"tour_excerpt\"><i class=\"fa fa-map-marker\"><\/i>&nbsp; Reise durch die Regenw\u00e4lder der Ostk\u00fcste<br \/>\n<i class=\"fa fa-map-marker\"><\/i>&nbsp; Lemuren hautnah in der Natur erleben<br \/>\n<i class=\"fa fa-map-marker\"><\/i>&nbsp; F\u00fcr Reptilienfreunde besonders gut geeignet<br \/>\n<i class=\"fa fa-map-marker\"><\/i>&nbsp; Relaxen auf der Trauminsel Nosy Nato<\/div>\n<\/div>\n<\/div>\n<\/div>\n<div class=\"element portfolio3filter_wrapper\">\n<div class=\"one_third gallery3 filterable gallery_type animated3\"><a href=\"https:\/\/www.tanalahorizon.com\/tours\/das-tor-des-suedens\/\"><br \/>\n        \t\t    <img decoding=\"async\" src=\"https:\/\/www.tanalahorizon.com\/wp-content\/uploads\/2015\/07\/Isalo-Piscine-naturelle1-560x460.jpg\" alt=\"\" \/><br \/>\n        \t\t<\/a><\/p>\n<div class=\"thumb_content fullwidth classic\">\n<div class=\"thumb_title\">\n<div class=\"tour_country\">\n\t            \t\tKlassische Rundreise\n\t            \t<\/div>\n<h3>Das Tor des S\u00fcdens<\/h3>\n<\/p><\/div>\n<div class=\"thumb_meta\">\n<div class=\"tour_days\">\n\t            \t\t14 Tage\n\t            \t<\/div>\n<div class=\"tour_price\">\n\t            \t\t\u20ac 3250\n\t            \t<\/div>\n<\/div>\n<p><br class=\"clear\"\/><\/p>\n<div class=\"tour_excerpt\"><i class=\"fa fa-map-marker\"><\/i>&nbsp; Den S\u00fcden Madagaskars erleben<br \/>\n<i class=\"fa fa-map-marker\"><\/i>&nbsp; Kontraste: Regenwald, Dornwald und Gebirge<br \/>\n<i class=\"fa fa-map-marker\"><\/i>&nbsp; Cham\u00e4leons, Schildkr\u00f6ten und Kattas hautnah<br \/>\n<i class=\"fa fa-map-marker\"><\/i>&nbsp; Entspannung mit Sandstrand direkt am Meer<\/div>\n<\/div>\n<\/div>\n<\/div>\n<div class=\"element portfolio3filter_wrapper\">\n<div class=\"one_third gallery3 filterable gallery_type animated4\"><a href=\"https:\/\/www.tanalahorizon.com\/tours\/tour-der-vielfalt\/\"><br \/>\n        \t\t    <img decoding=\"async\" src=\"https:\/\/www.tanalahorizon.com\/wp-content\/uploads\/2014\/10\/Nosy-Nato-2zu1-560x460.jpg\" alt=\"\" \/><br \/>\n        \t\t<\/a><\/p>\n<div class=\"thumb_content fullwidth classic\">\n<div class=\"thumb_title\">\n<div class=\"tour_country\">\n\t            \t\tKlassische Rundreise\n\t            \t<\/div>\n<h3>Tour der Vielfalt<\/h3>\n<\/p><\/div>\n<div class=\"thumb_meta\">\n<div class=\"tour_days\">\n\t            \t\t21 Tage\n\t            \t<\/div>\n<div class=\"tour_price\">\n\t            \t\t\u20ac 3400\n\t            \t<\/div>\n<\/div>\n<p><br class=\"clear\"\/><\/p>\n<div class=\"tour_excerpt\"><i class=\"fa fa-calendar\"><\/i>\u00a0<b>09. bis 30. Mai 2026<\/b><br \/>\n<i class=\"fa fa-calendar\"><\/i>\u00a0<b>05. bis 26. September 2026<\/b><br \/>\n<i class=\"fa fa-map-marker\"><\/i>&nbsp; Ein Querschnitt durch Kultur und Natur<br \/>\n<i class=\"fa fa-map-marker\"><\/i>&nbsp; Unz\u00e4hlige Lemuren kennenlernen<br \/>\n<i class=\"fa fa-map-marker\"><\/i>&nbsp; Bootsfahrt auf dem Canal des Pangalanes<br \/>\n<i class=\"fa fa-map-marker\"><\/i>&nbsp; Entspannung auf der Trauminsel Nosy Nato<\/div>\n<\/div>\n<\/div>\n<\/div>\n<\/div>\n<\/div>\n<\/div>\n","protected":false},"excerpt":{"rendered":"<p>Klassische Rundreisen Die sch\u00f6nsten Ziele Madagaskars entdecken Unsere Rundreisen spiegeln die Vielfalt der Insel wieder und eignen sich besonders f\u00fcr G\u00e4ste, die in einem relativ kurzen Zeitraum m\u00f6glichst viel Unterschiedliches auf Madagaskar sehen und erleben wollen. Auch wenn Du zum ersten Mal auf die rote Insel [&hellip;]<\/p>\n","protected":false},"author":1,"featured_media":10308,"parent":0,"menu_order":0,"comment_status":"open","ping_status":"open","template":"page-destination.php","meta":{"_monsterinsights_skip_tracking":false,"_monsterinsights_sitenote_active":false,"_monsterinsights_sitenote_note":"","_monsterinsights_sitenote_category":0,"footnotes":""},"categories":[],"tags":[48,49,260,68,205,37,131,136,138,144,145,146,150,236,214,216,178,179,191,199,566,204],"class_list":["post-4381","page","type-page","status-publish","has-post-thumbnail","hentry","tag-angebote","tag-angebote-madagaskar","tag-familie","tag-ferien-madagaskar","tag-urlaub-madagaskar","tag-madagaskar","tag-madagaskar-reise","tag-madagaskar-reisen","tag-madagaskar-rundreisen","tag-madagaskar-tour","tag-madagaskar-touren","tag-madagaskar-travel","tag-madagaskar-urlaub","tag-nosy-be","tag-oekotourismus","tag-oekotourismus-madagaskar","tag-rundreisen","tag-rundreisen-madagaskar","tag-tanalahorizon","tag-travel-madagaskar","tag-urlaub-auf-madagaskar","tag-urlaub"],"yoast_head":"<!-- This site is optimized with the Yoast SEO plugin v26.8 - https:\/\/yoast.com\/product\/yoast-seo-wordpress\/ -->\n<title>Klassische Rundreisen | Tanalahorizon - Madagascar Experience<\/title>\n<meta name=\"description\" content=\"Unsere Rundreisen auf Madagaskar werden auf bew\u00e4hrten Routen durchgef\u00fchrt f\u00fcr G\u00e4ste, die besonders viel sehen wollen. Rundreise Madagaskar Urlaub Madagaskar\" \/>\n<meta name=\"robots\" content=\"index, follow, max-snippet:-1, max-image-preview:large, max-video-preview:-1\" \/>\n<link rel=\"canonical\" href=\"https:\/\/www.tanalahorizon.com\/en\/klassische-madagaskar-rundreisen\/\" \/>\n<meta property=\"og:locale\" content=\"en_US\" \/>\n<meta property=\"og:type\" content=\"article\" \/>\n<meta property=\"og:title\" content=\"Klassische Rundreisen | Tanalahorizon - Madagascar Experience\" \/>\n<meta property=\"og:description\" content=\"Unsere Rundreisen auf Madagaskar werden auf bew\u00e4hrten Routen durchgef\u00fchrt f\u00fcr G\u00e4ste, die besonders viel sehen wollen. Rundreise Madagaskar Urlaub Madagaskar\" \/>\n<meta property=\"og:url\" content=\"https:\/\/www.tanalahorizon.com\/en\/klassische-madagaskar-rundreisen\/\" \/>\n<meta property=\"og:site_name\" content=\"Tanalahorizon - Madagaskar travels since 1995\" \/>\n<meta property=\"article:publisher\" content=\"https:\/\/www.facebook.com\/TANALAHORIZON\" \/>\n<meta property=\"article:modified_time\" content=\"2025-12-05T14:05:22+00:00\" \/>\n<meta property=\"og:image\" content=\"https:\/\/www.tanalahorizon.com\/wp-content\/uploads\/2025\/12\/TH_Rundreisen_Slider-scaled.jpg\" \/>\n\t<meta property=\"og:image:width\" content=\"2560\" \/>\n\t<meta property=\"og:image:height\" content=\"1526\" \/>\n\t<meta property=\"og:image:type\" content=\"image\/jpeg\" \/>\n<meta name=\"twitter:card\" content=\"summary_large_image\" \/>\n<meta name=\"twitter:site\" content=\"@tanalahorizon\" \/>\n<meta name=\"twitter:label1\" content=\"Est. reading time\" \/>\n\t<meta name=\"twitter:data1\" content=\"4 minutes\" \/>\n<script type=\"application\/ld+json\" class=\"yoast-schema-graph\">{\"@context\":\"https:\/\/schema.org\",\"@graph\":[{\"@type\":\"WebPage\",\"@id\":\"https:\/\/www.tanalahorizon.com\/en\/klassische-madagaskar-rundreisen\/\",\"url\":\"https:\/\/www.tanalahorizon.com\/en\/klassische-madagaskar-rundreisen\/\",\"name\":\"Klassische Rundreisen | Tanalahorizon - Madagascar Experience\",\"isPartOf\":{\"@id\":\"https:\/\/www.tanalahorizon.com\/en\/#website\"},\"primaryImageOfPage\":{\"@id\":\"https:\/\/www.tanalahorizon.com\/en\/klassische-madagaskar-rundreisen\/#primaryimage\"},\"image\":{\"@id\":\"https:\/\/www.tanalahorizon.com\/klassische-madagaskar-rundreisen\/#primaryimage\"},\"thumbnailUrl\":\"https:\/\/www.tanalahorizon.com\/wp-content\/uploads\/2025\/12\/TH_Rundreisen_Slider-scaled.jpg\",\"datePublished\":\"2015-08-13T08:44:17+00:00\",\"dateModified\":\"2025-12-05T14:05:22+00:00\",\"description\":\"Unsere Rundreisen auf Madagaskar werden auf bew\u00e4hrten Routen durchgef\u00fchrt f\u00fcr G\u00e4ste, die besonders viel sehen wollen. Rundreise Madagaskar Urlaub Madagaskar\",\"breadcrumb\":{\"@id\":\"https:\/\/www.tanalahorizon.com\/en\/klassische-madagaskar-rundreisen\/#breadcrumb\"},\"inLanguage\":\"en-US\",\"potentialAction\":[{\"@type\":\"ReadAction\",\"target\":[\"https:\/\/www.tanalahorizon.com\/en\/wp-json\/wp\/v2\/pages\/4381\"]}]},{\"@type\":\"ImageObject\",\"inLanguage\":\"en-US\",\"@id\":\"https:\/\/www.tanalahorizon.com\/en\/klassische-madagaskar-rundreisen\/#primaryimage\",\"url\":\"https:\/\/www.tanalahorizon.com\/wp-content\/uploads\/2025\/12\/TH_Rundreisen_Slider-scaled.jpg\",\"contentUrl\":\"https:\/\/www.tanalahorizon.com\/wp-content\/uploads\/2025\/12\/TH_Rundreisen_Slider-scaled.jpg\",\"width\":2560,\"height\":1526},{\"@type\":\"BreadcrumbList\",\"@id\":\"https:\/\/www.tanalahorizon.com\/en\/klassische-madagaskar-rundreisen\/#breadcrumb\",\"itemListElement\":[{\"@type\":\"ListItem\",\"position\":1,\"name\":\"Home\",\"item\":\"https:\/\/www.tanalahorizon.com\/en\/\"},{\"@type\":\"ListItem\",\"position\":2,\"name\":\"Klassische Rundreisen\"}]},{\"@type\":\"WebSite\",\"@id\":\"https:\/\/www.tanalahorizon.com\/en\/#website\",\"url\":\"https:\/\/www.tanalahorizon.com\/en\/\",\"name\":\"Tanalahorizon - Madagaskar travels since 1995\",\"description\":\"Your travel agency for Madagascar\",\"publisher\":{\"@id\":\"https:\/\/www.tanalahorizon.com\/de\/#organization\"},\"potentialAction\":[{\"@type\":\"SearchAction\",\"target\":{\"@type\":\"EntryPoint\",\"urlTemplate\":\"https:\/\/www.tanalahorizon.com\/en\/?s={search_term_string}\"},\"query-input\":{\"@type\":\"PropertyValueSpecification\",\"valueRequired\":true,\"valueName\":\"search_term_string\"}}],\"inLanguage\":\"en-US\"},{\"@type\":\"Organization\",\"@id\":\"https:\/\/www.tanalahorizon.com\/de\/#organization\",\"name\":\"TANALAHORIZON - Madagaskar-Reisen seit 1995\",\"url\":\"https:\/\/www.tanalahorizon.com\/de\/\",\"logo\":{\"@type\":\"ImageObject\",\"inLanguage\":\"en-US\",\"@id\":\"https:\/\/www.tanalahorizon.com\/de\/#\/schema\/logo\/image\/\",\"url\":\"https:\/\/www.tanalahorizon.com\/wp-content\/uploads\/2015\/09\/logo2_300px.png\",\"contentUrl\":\"https:\/\/www.tanalahorizon.com\/wp-content\/uploads\/2015\/09\/logo2_300px.png\",\"width\":300,\"height\":149,\"caption\":\"TANALAHORIZON - Madagaskar-Reisen seit 1995\"},\"image\":{\"@id\":\"https:\/\/www.tanalahorizon.com\/de\/#\/schema\/logo\/image\/\"},\"sameAs\":[\"https:\/\/www.facebook.com\/TANALAHORIZON\",\"https:\/\/x.com\/tanalahorizon\",\"https:\/\/www.youtube.com\/user\/TANALAHORIZON\"]}]}<\/script>\n<!-- \/ Yoast SEO plugin. -->","yoast_head_json":{"title":"Klassische Rundreisen | Tanalahorizon - Madagascar Experience","description":"Unsere Rundreisen auf Madagaskar werden auf bew\u00e4hrten Routen durchgef\u00fchrt f\u00fcr G\u00e4ste, die besonders viel sehen wollen. Rundreise Madagaskar Urlaub Madagaskar","robots":{"index":"index","follow":"follow","max-snippet":"max-snippet:-1","max-image-preview":"max-image-preview:large","max-video-preview":"max-video-preview:-1"},"canonical":"https:\/\/www.tanalahorizon.com\/en\/klassische-madagaskar-rundreisen\/","og_locale":"en_US","og_type":"article","og_title":"Klassische Rundreisen | Tanalahorizon - Madagascar Experience","og_description":"Unsere Rundreisen auf Madagaskar werden auf bew\u00e4hrten Routen durchgef\u00fchrt f\u00fcr G\u00e4ste, die besonders viel sehen wollen. Rundreise Madagaskar Urlaub Madagaskar","og_url":"https:\/\/www.tanalahorizon.com\/en\/klassische-madagaskar-rundreisen\/","og_site_name":"Tanalahorizon - Madagaskar travels since 1995","article_publisher":"https:\/\/www.facebook.com\/TANALAHORIZON","article_modified_time":"2025-12-05T14:05:22+00:00","og_image":[{"width":2560,"height":1526,"url":"https:\/\/www.tanalahorizon.com\/wp-content\/uploads\/2025\/12\/TH_Rundreisen_Slider-scaled.jpg","type":"image\/jpeg"}],"twitter_card":"summary_large_image","twitter_site":"@tanalahorizon","twitter_misc":{"Est. reading time":"4 minutes"},"schema":{"@context":"https:\/\/schema.org","@graph":[{"@type":"WebPage","@id":"https:\/\/www.tanalahorizon.com\/en\/klassische-madagaskar-rundreisen\/","url":"https:\/\/www.tanalahorizon.com\/en\/klassische-madagaskar-rundreisen\/","name":"Klassische Rundreisen | Tanalahorizon - Madagascar Experience","isPartOf":{"@id":"https:\/\/www.tanalahorizon.com\/en\/#website"},"primaryImageOfPage":{"@id":"https:\/\/www.tanalahorizon.com\/en\/klassische-madagaskar-rundreisen\/#primaryimage"},"image":{"@id":"https:\/\/www.tanalahorizon.com\/klassische-madagaskar-rundreisen\/#primaryimage"},"thumbnailUrl":"https:\/\/www.tanalahorizon.com\/wp-content\/uploads\/2025\/12\/TH_Rundreisen_Slider-scaled.jpg","datePublished":"2015-08-13T08:44:17+00:00","dateModified":"2025-12-05T14:05:22+00:00","description":"Unsere Rundreisen auf Madagaskar werden auf bew\u00e4hrten Routen durchgef\u00fchrt f\u00fcr G\u00e4ste, die besonders viel sehen wollen. Rundreise Madagaskar Urlaub Madagaskar","breadcrumb":{"@id":"https:\/\/www.tanalahorizon.com\/en\/klassische-madagaskar-rundreisen\/#breadcrumb"},"inLanguage":"en-US","potentialAction":[{"@type":"ReadAction","target":["https:\/\/www.tanalahorizon.com\/en\/wp-json\/wp\/v2\/pages\/4381"]}]},{"@type":"ImageObject","inLanguage":"en-US","@id":"https:\/\/www.tanalahorizon.com\/en\/klassische-madagaskar-rundreisen\/#primaryimage","url":"https:\/\/www.tanalahorizon.com\/wp-content\/uploads\/2025\/12\/TH_Rundreisen_Slider-scaled.jpg","contentUrl":"https:\/\/www.tanalahorizon.com\/wp-content\/uploads\/2025\/12\/TH_Rundreisen_Slider-scaled.jpg","width":2560,"height":1526},{"@type":"BreadcrumbList","@id":"https:\/\/www.tanalahorizon.com\/en\/klassische-madagaskar-rundreisen\/#breadcrumb","itemListElement":[{"@type":"ListItem","position":1,"name":"Home","item":"https:\/\/www.tanalahorizon.com\/en\/"},{"@type":"ListItem","position":2,"name":"Klassische Rundreisen"}]},{"@type":"WebSite","@id":"https:\/\/www.tanalahorizon.com\/en\/#website","url":"https:\/\/www.tanalahorizon.com\/en\/","name":"Tanalahorizon - Madagaskar travels since 1995","description":"Your travel agency for Madagascar","publisher":{"@id":"https:\/\/www.tanalahorizon.com\/de\/#organization"},"potentialAction":[{"@type":"SearchAction","target":{"@type":"EntryPoint","urlTemplate":"https:\/\/www.tanalahorizon.com\/en\/?s={search_term_string}"},"query-input":{"@type":"PropertyValueSpecification","valueRequired":true,"valueName":"search_term_string"}}],"inLanguage":"en-US"},{"@type":"Organization","@id":"https:\/\/www.tanalahorizon.com\/de\/#organization","name":"TANALAHORIZON - Madagaskar-Reisen seit 1995","url":"https:\/\/www.tanalahorizon.com\/de\/","logo":{"@type":"ImageObject","inLanguage":"en-US","@id":"https:\/\/www.tanalahorizon.com\/de\/#\/schema\/logo\/image\/","url":"https:\/\/www.tanalahorizon.com\/wp-content\/uploads\/2015\/09\/logo2_300px.png","contentUrl":"https:\/\/www.tanalahorizon.com\/wp-content\/uploads\/2015\/09\/logo2_300px.png","width":300,"height":149,"caption":"TANALAHORIZON - Madagaskar-Reisen seit 1995"},"image":{"@id":"https:\/\/www.tanalahorizon.com\/de\/#\/schema\/logo\/image\/"},"sameAs":["https:\/\/www.facebook.com\/TANALAHORIZON","https:\/\/x.com\/tanalahorizon","https:\/\/www.youtube.com\/user\/TANALAHORIZON"]}]}},"_links":{"self":[{"href":"https:\/\/www.tanalahorizon.com\/en\/wp-json\/wp\/v2\/pages\/4381","targetHints":{"allow":["GET"]}}],"collection":[{"href":"https:\/\/www.tanalahorizon.com\/en\/wp-json\/wp\/v2\/pages"}],"about":[{"href":"https:\/\/www.tanalahorizon.com\/en\/wp-json\/wp\/v2\/types\/page"}],"author":[{"embeddable":true,"href":"https:\/\/www.tanalahorizon.com\/en\/wp-json\/wp\/v2\/users\/1"}],"replies":[{"embeddable":true,"href":"https:\/\/www.tanalahorizon.com\/en\/wp-json\/wp\/v2\/comments?post=4381"}],"version-history":[{"count":67,"href":"https:\/\/www.tanalahorizon.com\/en\/wp-json\/wp\/v2\/pages\/4381\/revisions"}],"predecessor-version":[{"id":10311,"href":"https:\/\/www.tanalahorizon.com\/en\/wp-json\/wp\/v2\/pages\/4381\/revisions\/10311"}],"wp:featuredmedia":[{"embeddable":true,"href":"https:\/\/www.tanalahorizon.com\/en\/wp-json\/wp\/v2\/media\/10308"}],"wp:attachment":[{"href":"https:\/\/www.tanalahorizon.com\/en\/wp-json\/wp\/v2\/media?parent=4381"}],"wp:term":[{"taxonomy":"category","embeddable":true,"href":"https:\/\/www.tanalahorizon.com\/en\/wp-json\/wp\/v2\/categories?post=4381"},{"taxonomy":"post_tag","embeddable":true,"href":"https:\/\/www.tanalahorizon.com\/en\/wp-json\/wp\/v2\/tags?post=4381"}],"curies":[{"name":"wp","href":"https:\/\/api.w.org\/{rel}","templated":true}]}}