{"id":8760,"date":"2021-10-24T15:57:37","date_gmt":"2021-10-24T13:57:37","guid":{"rendered":"https:\/\/www.tanalahorizon.com\/?page_id=8760"},"modified":"2024-12-13T14:52:36","modified_gmt":"2024-12-13T13:52:36","slug":"tourenkalender","status":"publish","type":"page","link":"https:\/\/www.tanalahorizon.com\/en\/tourenkalender\/","title":{"rendered":"Tour calendar"},"content":{"rendered":"<div class=\"one withsmallpadding \" >\n<div class=\"page_content_wrapper\">\n<p><\/br>\n<\/p>\n<div style=\"text-align:center\">\n<h2 class=\"ppb_title\">Unser Tourenkalender 2025\/2026<\/h2>\n<div class=\"page_caption_desc\">Unser Angebot f\u00fcr Fr\u00fchbucher<\/div>\n<\/div>\n<div class=\"one_half\" style=\"text-align:justify;\">F\u00fcr Fr\u00fchbucher und alle, die schonmal einen Blick auf unsere Planungen f\u00fcr 2025 und 2026 werfen wollen, haben wir unsere Gruppenreisen f\u00fcr diese beiden Jahre hier aufgef\u00fchrt. Solltest Du lieber individuell, zu zweit oder mit einer bestehenden kleinen Gruppe zu einem anderen Zeitpunkt reisen wollen, melde Dich gerne bei uns telefonisch unter +49 (0)6723 8049404 oder per Mail unter <a href=\"mailto:info@tanalahorizon.com\">info@tanalahorizon.com<\/a> \u2013 wir stellen Dir gerne Deine ganz pers\u00f6nliche Traumreise auf Madagaskar zusammen!<\/div>\n<div class=\"one_half last\"><center><img decoding=\"async\" src=\"https:\/\/www.tanalahorizon.com\/wp-content\/uploads\/2019\/01\/Tourkalender-Bauern-mit-Zebukarren.jpg\" \/><\/center><\/div>\n<\/p>\n<\/div>\n<\/div>\n<div class=\"ppb_tour one withpadding nopadding \" >\n<div class=\"page_content_wrapper full_width\" style=\"text-align:center\">\n<div class=\"portfolio_filter_wrapper three_cols fullwidth shortcode gallery section content clearfix\">\n<div class=\"element portfolio3filter_wrapper\">\n<div class=\"one_third gallery3 filterable gallery_type animated1\"><a href=\"https:\/\/www.tanalahorizon.com\/tours\/der-ruf-des-urwalds\/\"><br \/>\n        \t\t    <img decoding=\"async\" src=\"https:\/\/www.tanalahorizon.com\/wp-content\/uploads\/2019\/08\/Coronatus2kleiner-560x460.jpg\" alt=\"\" \/><br \/>\n        \t\t<\/a><\/p>\n<div class=\"thumb_content fullwidth classic\">\n<div class=\"thumb_title\">\n<div class=\"tour_country\">\n\t            \t\tFotoreise &#038; Safari\n\t            \t<\/div>\n<h3>Der Ruf des Urwalds<\/h3>\n<\/p><\/div>\n<div class=\"thumb_meta\">\n<div class=\"tour_days\">\n\t            \t\t22 Days\n\t            \t<\/div>\n<div class=\"tour_price\">\n\t            \t\t\u20ac3500\n\t            \t<\/div>\n<\/div>\n<p><br class=\"clear\"\/><\/p>\n<div class=\"tour_excerpt\"><i class=\"fa fa-calendar-check-o\"><\/i><b>01. bis 21. M\u00e4rz 2025<\/b><br \/>\n<i class=\"fa fa-map-marker\"><\/i>&nbsp; F\u00fcnf Regenw\u00e4lder Madagaskars auf einer Reise<br \/>\n<i class=\"fa fa-map-marker\"><\/i>&nbsp; Dem Kronensifaka in Katsepy begegnen<br \/>\n<i class=\"fa fa-map-marker\"><\/i>&nbsp; Eines der seltensten Cham\u00e4leons der Welt entdecken<br \/>\n<i class=\"fa fa-map-marker\"><\/i>&nbsp; Luxuri\u00f6se Lodges und Camping im Wechsel<br \/>\n<i class=\"fa fa-map-marker\"><\/i>&nbsp; Mahajanga und Andasibe auf einer Tour<\/div>\n<\/div>\n<\/div>\n<\/div>\n<div class=\"element portfolio3filter_wrapper\">\n<div class=\"one_third gallery3 filterable gallery_type animated2\"><a href=\"https:\/\/www.tanalahorizon.com\/tours\/herps-n-birds\/\"><br \/>\n        \t\t    <img decoding=\"async\" src=\"https:\/\/www.tanalahorizon.com\/wp-content\/uploads\/2023\/12\/Madagaskar-Fruchttaube-blue-pigeon-in-Andasibe-auf-einer-Madagaskarreise-mit-Tanalahorizon-560x460.jpg\" alt=\"\" \/><br \/>\n        \t\t<\/a><\/p>\n<div class=\"thumb_content fullwidth classic\">\n<div class=\"thumb_title\">\n<div class=\"tour_country\">\n\t            \t\tFotoreise &#038; Safari\n\t            \t<\/div>\n<h3>Herps &#038; Birds<\/h3>\n<\/p><\/div>\n<div class=\"thumb_meta\">\n<div class=\"tour_days\">\n\t            \t\t19 Days\n\t            \t<\/div>\n<div class=\"tour_price\">\n\t            \t\t\u20ac4150\n\t            \t<\/div>\n<\/div>\n<p><br class=\"clear\"\/><\/p>\n<div class=\"tour_excerpt\"><i class=\"fa fa-calendar\"><\/i><b>\u00a017. November bis 04. Dezember 2024<\/b><br \/>\n<i class=\"fa fa-calendar\"><\/i>\u00a0<b>17. November bis 04. Dezember 2025<\/b><br \/>\n<i class=\"fa fa-map-marker\"><\/i>&nbsp; Reptilien in ihren sch\u00f6nsten Farben fotografieren<br \/>\n<i class=\"fa fa-map-marker\"><\/i>&nbsp; V\u00f6gel w\u00e4hrend der Balz- und Brutzeit beobachten<br \/>\n<i class=\"fa fa-map-marker\"><\/i>&nbsp; Die ausgefallensten Fr\u00f6sche zur Regenzeit erleben<br \/>\n<i class=\"fa fa-map-marker\"><\/i>&nbsp; Maximal viel Zeit in vier verschiedenen W\u00e4ldern<br \/>\n<i class=\"fa fa-map-marker\"><\/i><b>Exklusivreise: maximal vier G\u00e4ste<\/b><\/div>\n<\/div>\n<\/div>\n<\/div>\n<div class=\"element portfolio3filter_wrapper\">\n<div class=\"one_third gallery3 filterable gallery_type animated3\"><a href=\"https:\/\/www.tanalahorizon.com\/tours\/best-of-wildlife\/\"><br \/>\n        \t\t    <img decoding=\"async\" src=\"https:\/\/www.tanalahorizon.com\/wp-content\/uploads\/2023\/08\/Larvensifaka-schmaler-560x460.jpg\" alt=\"\" \/><br \/>\n        \t\t<\/a><\/p>\n<div class=\"thumb_content fullwidth classic\">\n<div class=\"thumb_title\">\n<div class=\"tour_country\">\n\t            \t\tFotoreise &#038; Safari\n\t            \t<\/div>\n<h3>Best of Wildlife<\/h3>\n<\/p><\/div>\n<div class=\"thumb_meta\">\n<div class=\"tour_days\">\n\t            \t\t14 Days\n\t            \t<\/div>\n<div class=\"tour_price\">\n\t            \t\t\u20ac3750\n\t            \t<\/div>\n<\/div>\n<p><br class=\"clear\"\/><\/p>\n<div class=\"tour_excerpt\"><b><i class=\"fa fa-calendar\"><\/i>&nbsp; 14. bis 27. Mai 2025<\/b><br \/>\n<i class=\"fa fa-map-marker\"><\/i>&nbsp; Die tanzenden Sifakas von Berenty besuchen<br \/>\n<i class=\"fa fa-map-marker\"><\/i>&nbsp; Die ber\u00fchmten Kattas hautnah<br \/>\n<i class=\"fa fa-map-marker\"><\/i>&nbsp; Strand und K\u00fcste am Meer des S\u00fcdens genie\u00dfen<br \/>\n<i class=\"fa fa-map-marker\"><\/i>&nbsp; Den gr\u00f6\u00dften Lemur der Welt im Regenwald sehen<br \/>\n<i class=\"fa fa-map-marker\"><\/i>&nbsp; Das Aye-Aye im Dschungel hautnah erleben<\/div>\n<\/div>\n<\/div>\n<\/div>\n<div class=\"element portfolio3filter_wrapper\">\n<div class=\"one_third gallery3 filterable gallery_type animated4\"><a href=\"https:\/\/www.tanalahorizon.com\/tours\/birds-and-lemurs\/\"><br \/>\n        \t\t    <img decoding=\"async\" src=\"https:\/\/www.tanalahorizon.com\/wp-content\/uploads\/2023\/11\/Titelbild-Blue-Vanga-verkleinert-fuers-Web-560x460.jpg\" alt=\"\" \/><br \/>\n        \t\t<\/a><\/p>\n<div class=\"thumb_content fullwidth classic\">\n<div class=\"thumb_title\">\n<div class=\"tour_country\">\n\t            \t\tFotoreise &#038; Safari\n\t            \t<\/div>\n<h3>Birds &#038; Lemurs<\/h3>\n<\/p><\/div>\n<div class=\"thumb_meta\">\n<div class=\"tour_days\">\n\t            \t\t18 Days\n\t            \t<\/div>\n<div class=\"tour_price\">\n\t            \t\t\u20ac4150\n\t            \t<\/div>\n<\/div>\n<p><br class=\"clear\"\/><\/p>\n<div class=\"tour_excerpt\"><i class=\"fa fa-calendar\"><\/i>\u00a0<b>14. November bis 02. Dezember 2024<\/b><br \/>\n<i class=\"fa fa-calendar\"><\/i>\u00a0<b>15. November bis 03. Dezember 2025<\/b><br \/>\n<i class=\"fa fa-map-marker\"><\/i>&nbsp; V\u00f6gel w\u00e4hrend der Brutzeit fotografieren<br \/>\n<i class=\"fa fa-map-marker\"><\/i>&nbsp; Die hei\u00dfe Westk\u00fcste mit den Baobabs erleben<br \/>\n<i class=\"fa fa-map-marker\"><\/i>&nbsp; Die Regenw\u00e4lder der Ostk\u00fcste besuchen<br \/>\n<i class=\"fa fa-map-marker\"><\/i>&nbsp; Lemuren mit ihren Jungtieren beobachten<br \/>\n<i class=\"fa fa-map-marker\"><\/i><b>Exklusivreise: maximal vier G\u00e4ste<\/b><\/div>\n<\/div>\n<\/div>\n<\/div>\n<div class=\"element portfolio3filter_wrapper\">\n<div class=\"one_third gallery3 filterable gallery_type animated5\"><a href=\"https:\/\/www.tanalahorizon.com\/tours\/die-vergessene-welt\/\"><br \/>\n        \t\t    <img decoding=\"async\" src=\"https:\/\/www.tanalahorizon.com\/wp-content\/uploads\/2015\/07\/TH__Cal_ambreense4-560x460.jpg\" alt=\"\" \/><br \/>\n        \t\t<\/a><\/p>\n<div class=\"tour_sale fullwidth\">\n<div class=\"tour_sale_text\">Best Deal<\/div>\n<p>        \t\t\t10% Off\n        \t\t<\/p><\/div>\n<div class=\"thumb_content fullwidth classic\">\n<div class=\"thumb_title\">\n<div class=\"tour_country\">\n\t            \t\tFotoreise &#038; Safari\n\t            \t<\/div>\n<h3>Die vergessene Welt<\/h3>\n<\/p><\/div>\n<div class=\"thumb_meta\">\n<div class=\"tour_days\">\n\t            \t\t22 Days\n\t            \t<\/div>\n<div class=\"tour_price\">\n\t            \t\t\u20ac3450\n\t            \t<\/div>\n<\/div>\n<p><br class=\"clear\"\/><\/p>\n<div class=\"tour_excerpt\"><b><i class=\"fa fa-calendar\"><\/i> 22. M\u00e4rz bis 12. April 2024<\/b><br \/>\n<i class=\"fa fa-map-marker\"><\/i>&nbsp; Reise mit Fokus auf Reptilien, speziell Cham\u00e4leons<br \/>\n<i class=\"fa fa-map-marker\"><\/i>&nbsp; Trocken- und Regenw\u00e4lder des Norden<br \/>\n<i class=\"fa fa-map-marker\"><\/i>&nbsp; Trauminseln Nosy Tanikely, Nosy Hara und Nosy Faly<br \/>\n<i class=\"fa fa-map-marker\"><\/i>&nbsp; Montagne d&#8217;Ambre mit extremer Artenvielfalt<br \/>\n<i class=\"fa fa-map-marker\"><\/i>&nbsp; Das kleinste Cham\u00e4leon der Welt entdecken<\/div>\n<\/div>\n<\/div>\n<\/div>\n<div class=\"element portfolio3filter_wrapper\">\n<div class=\"one_third gallery3 filterable gallery_type animated6\"><a href=\"https:\/\/www.tanalahorizon.com\/tours\/der-natur-auf-der-spur\/\"><br \/>\n        \t\t    <img decoding=\"async\" src=\"https:\/\/www.tanalahorizon.com\/wp-content\/uploads\/2015\/12\/Fossa-560x460.jpg\" alt=\"\" \/><br \/>\n        \t\t<\/a><\/p>\n<div class=\"tour_sale fullwidth\">\n<div class=\"tour_sale_text\">Best Deal<\/div>\n<p>        \t\t\t10% Off\n        \t\t<\/p><\/div>\n<div class=\"thumb_content fullwidth classic\">\n<div class=\"thumb_title\">\n<div class=\"tour_country\">\n\t            \t\tFotoreise &#038; Safari\n\t            \t<\/div>\n<h3>Der Natur auf der Spur<\/h3>\n<\/p><\/div>\n<div class=\"thumb_meta\">\n<div class=\"tour_days\">\n\t            \t\t21 Days\n\t            \t<\/div>\n<div class=\"tour_price\">\n\t            \t\t\u20ac3450\n\t            \t<\/div>\n<\/div>\n<p><br class=\"clear\"\/><\/p>\n<div class=\"tour_excerpt\"><b><i class=\"fa fa-calendar\"><\/i>&nbsp; 22. Oktober bis 11. November 2024<\/b><br \/>\n<b><i class=\"fa fa-calendar\"><\/i>&nbsp; 22. Oktober bis 11. November 2025<\/b><br \/>\n<i class=\"fa fa-map-marker\"><\/i>&nbsp; Fossa w\u00e4hrend der Paarungszeit <br \/>\n<i class=\"fa fa-map-marker\"><\/i>&nbsp; Die ber\u00fchmte Baobab-Allee fotografieren<br \/>\n<i class=\"fa fa-map-marker\"><\/i>&nbsp; Unz\u00e4hligen Lemuren begegnen<br \/>\n<i class=\"fa fa-map-marker\"><\/i>&nbsp; Cham\u00e4leons und Fr\u00f6sche bewundern<br \/>\n<i class=\"fa fa-map-marker\"><\/i>&nbsp; Abschluss im privaten Reservat an der Ostk\u00fcste<\/div>\n<\/div>\n<\/div>\n<\/div>\n<\/div>\n<\/div>\n<\/div>\n","protected":false},"excerpt":{"rendered":"<p>Unser Tourenkalender 2025\/2026 Unser Angebot f\u00fcr Fr\u00fchbucher F\u00fcr Fr\u00fchbucher und alle, die schonmal einen Blick auf unsere Planungen f\u00fcr 2025 und 2026 werfen wollen, haben wir unsere Gruppenreisen f\u00fcr diese beiden Jahre hier aufgef\u00fchrt. Solltest Du lieber individuell, zu zweit oder mit einer bestehenden kleinen Gruppe [&hellip;]<\/p>\n","protected":false},"author":1,"featured_media":7010,"parent":0,"menu_order":0,"comment_status":"closed","ping_status":"closed","template":"","meta":{"_monsterinsights_skip_tracking":false,"_monsterinsights_sitenote_active":false,"_monsterinsights_sitenote_note":"","_monsterinsights_sitenote_category":0,"footnotes":""},"categories":[],"tags":[576],"class_list":["post-8760","page","type-page","status-publish","has-post-thumbnail","hentry","tag-tourenkalender"],"yoast_head":"<!-- This site is optimized with the Yoast SEO plugin v26.8 - https:\/\/yoast.com\/product\/yoast-seo-wordpress\/ -->\n<title>Tour calendar - Tanalahorizon - Madagaskar travels since 1995<\/title>\n<meta name=\"robots\" content=\"index, follow, max-snippet:-1, max-image-preview:large, max-video-preview:-1\" \/>\n<link rel=\"canonical\" href=\"https:\/\/www.tanalahorizon.com\/en\/tourenkalender\/\" \/>\n<meta property=\"og:locale\" content=\"en_US\" \/>\n<meta property=\"og:type\" content=\"article\" \/>\n<meta property=\"og:title\" content=\"Tour calendar - Tanalahorizon - Madagaskar travels since 1995\" \/>\n<meta property=\"og:description\" content=\"Unser Tourenkalender 2025\/2026 Unser Angebot f\u00fcr Fr\u00fchbucher F\u00fcr Fr\u00fchbucher und alle, die schonmal einen Blick auf unsere Planungen f\u00fcr 2025 und 2026 werfen wollen, haben wir unsere Gruppenreisen f\u00fcr diese beiden Jahre hier aufgef\u00fchrt. Solltest Du lieber individuell, zu zweit oder mit einer bestehenden kleinen Gruppe [&hellip;]\" \/>\n<meta property=\"og:url\" content=\"https:\/\/www.tanalahorizon.com\/en\/tourenkalender\/\" \/>\n<meta property=\"og:site_name\" content=\"Tanalahorizon - Madagaskar travels since 1995\" \/>\n<meta property=\"article:publisher\" content=\"https:\/\/www.facebook.com\/TANALAHORIZON\" \/>\n<meta property=\"article:modified_time\" content=\"2024-12-13T13:52:36+00:00\" \/>\n<meta property=\"og:image\" content=\"https:\/\/www.tanalahorizon.com\/wp-content\/uploads\/2015\/07\/Baobab112.jpg\" \/>\n\t<meta property=\"og:image:width\" content=\"1691\" \/>\n\t<meta property=\"og:image:height\" content=\"1196\" \/>\n\t<meta property=\"og:image:type\" content=\"image\/jpeg\" \/>\n<meta name=\"twitter:card\" content=\"summary_large_image\" \/>\n<meta name=\"twitter:site\" content=\"@tanalahorizon\" \/>\n<meta name=\"twitter:label1\" content=\"Est. reading time\" \/>\n\t<meta name=\"twitter:data1\" content=\"4 minutes\" \/>\n<script type=\"application\/ld+json\" class=\"yoast-schema-graph\">{\"@context\":\"https:\/\/schema.org\",\"@graph\":[{\"@type\":\"WebPage\",\"@id\":\"https:\/\/www.tanalahorizon.com\/en\/tourenkalender\/\",\"url\":\"https:\/\/www.tanalahorizon.com\/en\/tourenkalender\/\",\"name\":\"Tour calendar - Tanalahorizon - Madagaskar travels since 1995\",\"isPartOf\":{\"@id\":\"https:\/\/www.tanalahorizon.com\/en\/#website\"},\"primaryImageOfPage\":{\"@id\":\"https:\/\/www.tanalahorizon.com\/en\/tourenkalender\/#primaryimage\"},\"image\":{\"@id\":\"https:\/\/www.tanalahorizon.com\/tourenkalender\/#primaryimage\"},\"thumbnailUrl\":\"https:\/\/www.tanalahorizon.com\/wp-content\/uploads\/2015\/07\/Baobab112.jpg\",\"datePublished\":\"2021-10-24T13:57:37+00:00\",\"dateModified\":\"2024-12-13T13:52:36+00:00\",\"breadcrumb\":{\"@id\":\"https:\/\/www.tanalahorizon.com\/en\/tourenkalender\/#breadcrumb\"},\"inLanguage\":\"en-US\",\"potentialAction\":[{\"@type\":\"ReadAction\",\"target\":[\"https:\/\/www.tanalahorizon.com\/en\/wp-json\/wp\/v2\/pages\/8760\"]}]},{\"@type\":\"ImageObject\",\"inLanguage\":\"en-US\",\"@id\":\"https:\/\/www.tanalahorizon.com\/en\/tourenkalender\/#primaryimage\",\"url\":\"https:\/\/www.tanalahorizon.com\/wp-content\/uploads\/2015\/07\/Baobab112.jpg\",\"contentUrl\":\"https:\/\/www.tanalahorizon.com\/wp-content\/uploads\/2015\/07\/Baobab112.jpg\",\"width\":1691,\"height\":1196,\"caption\":\"Baobab im Sonnenuntergang\"},{\"@type\":\"BreadcrumbList\",\"@id\":\"https:\/\/www.tanalahorizon.com\/en\/tourenkalender\/#breadcrumb\",\"itemListElement\":[{\"@type\":\"ListItem\",\"position\":1,\"name\":\"Home\",\"item\":\"https:\/\/www.tanalahorizon.com\/en\/\"},{\"@type\":\"ListItem\",\"position\":2,\"name\":\"Tourenkalender\"}]},{\"@type\":\"WebSite\",\"@id\":\"https:\/\/www.tanalahorizon.com\/en\/#website\",\"url\":\"https:\/\/www.tanalahorizon.com\/en\/\",\"name\":\"Tanalahorizon - Madagaskar travels since 1995\",\"description\":\"Your travel agency for Madagascar\",\"publisher\":{\"@id\":\"https:\/\/www.tanalahorizon.com\/de\/#organization\"},\"potentialAction\":[{\"@type\":\"SearchAction\",\"target\":{\"@type\":\"EntryPoint\",\"urlTemplate\":\"https:\/\/www.tanalahorizon.com\/en\/?s={search_term_string}\"},\"query-input\":{\"@type\":\"PropertyValueSpecification\",\"valueRequired\":true,\"valueName\":\"search_term_string\"}}],\"inLanguage\":\"en-US\"},{\"@type\":\"Organization\",\"@id\":\"https:\/\/www.tanalahorizon.com\/de\/#organization\",\"name\":\"TANALAHORIZON - Madagaskar-Reisen seit 1995\",\"url\":\"https:\/\/www.tanalahorizon.com\/de\/\",\"logo\":{\"@type\":\"ImageObject\",\"inLanguage\":\"en-US\",\"@id\":\"https:\/\/www.tanalahorizon.com\/de\/#\/schema\/logo\/image\/\",\"url\":\"https:\/\/www.tanalahorizon.com\/wp-content\/uploads\/2015\/09\/logo2_300px.png\",\"contentUrl\":\"https:\/\/www.tanalahorizon.com\/wp-content\/uploads\/2015\/09\/logo2_300px.png\",\"width\":300,\"height\":149,\"caption\":\"TANALAHORIZON - Madagaskar-Reisen seit 1995\"},\"image\":{\"@id\":\"https:\/\/www.tanalahorizon.com\/de\/#\/schema\/logo\/image\/\"},\"sameAs\":[\"https:\/\/www.facebook.com\/TANALAHORIZON\",\"https:\/\/x.com\/tanalahorizon\",\"https:\/\/www.youtube.com\/user\/TANALAHORIZON\"]}]}<\/script>\n<!-- \/ Yoast SEO plugin. -->","yoast_head_json":{"title":"Tour calendar - Tanalahorizon - Madagaskar travels since 1995","robots":{"index":"index","follow":"follow","max-snippet":"max-snippet:-1","max-image-preview":"max-image-preview:large","max-video-preview":"max-video-preview:-1"},"canonical":"https:\/\/www.tanalahorizon.com\/en\/tourenkalender\/","og_locale":"en_US","og_type":"article","og_title":"Tour calendar - Tanalahorizon - Madagaskar travels since 1995","og_description":"Unser Tourenkalender 2025\/2026 Unser Angebot f\u00fcr Fr\u00fchbucher F\u00fcr Fr\u00fchbucher und alle, die schonmal einen Blick auf unsere Planungen f\u00fcr 2025 und 2026 werfen wollen, haben wir unsere Gruppenreisen f\u00fcr diese beiden Jahre hier aufgef\u00fchrt. Solltest Du lieber individuell, zu zweit oder mit einer bestehenden kleinen Gruppe [&hellip;]","og_url":"https:\/\/www.tanalahorizon.com\/en\/tourenkalender\/","og_site_name":"Tanalahorizon - Madagaskar travels since 1995","article_publisher":"https:\/\/www.facebook.com\/TANALAHORIZON","article_modified_time":"2024-12-13T13:52:36+00:00","og_image":[{"width":1691,"height":1196,"url":"https:\/\/www.tanalahorizon.com\/wp-content\/uploads\/2015\/07\/Baobab112.jpg","type":"image\/jpeg"}],"twitter_card":"summary_large_image","twitter_site":"@tanalahorizon","twitter_misc":{"Est. reading time":"4 minutes"},"schema":{"@context":"https:\/\/schema.org","@graph":[{"@type":"WebPage","@id":"https:\/\/www.tanalahorizon.com\/en\/tourenkalender\/","url":"https:\/\/www.tanalahorizon.com\/en\/tourenkalender\/","name":"Tour calendar - Tanalahorizon - Madagaskar travels since 1995","isPartOf":{"@id":"https:\/\/www.tanalahorizon.com\/en\/#website"},"primaryImageOfPage":{"@id":"https:\/\/www.tanalahorizon.com\/en\/tourenkalender\/#primaryimage"},"image":{"@id":"https:\/\/www.tanalahorizon.com\/tourenkalender\/#primaryimage"},"thumbnailUrl":"https:\/\/www.tanalahorizon.com\/wp-content\/uploads\/2015\/07\/Baobab112.jpg","datePublished":"2021-10-24T13:57:37+00:00","dateModified":"2024-12-13T13:52:36+00:00","breadcrumb":{"@id":"https:\/\/www.tanalahorizon.com\/en\/tourenkalender\/#breadcrumb"},"inLanguage":"en-US","potentialAction":[{"@type":"ReadAction","target":["https:\/\/www.tanalahorizon.com\/en\/wp-json\/wp\/v2\/pages\/8760"]}]},{"@type":"ImageObject","inLanguage":"en-US","@id":"https:\/\/www.tanalahorizon.com\/en\/tourenkalender\/#primaryimage","url":"https:\/\/www.tanalahorizon.com\/wp-content\/uploads\/2015\/07\/Baobab112.jpg","contentUrl":"https:\/\/www.tanalahorizon.com\/wp-content\/uploads\/2015\/07\/Baobab112.jpg","width":1691,"height":1196,"caption":"Baobab im Sonnenuntergang"},{"@type":"BreadcrumbList","@id":"https:\/\/www.tanalahorizon.com\/en\/tourenkalender\/#breadcrumb","itemListElement":[{"@type":"ListItem","position":1,"name":"Home","item":"https:\/\/www.tanalahorizon.com\/en\/"},{"@type":"ListItem","position":2,"name":"Tourenkalender"}]},{"@type":"WebSite","@id":"https:\/\/www.tanalahorizon.com\/en\/#website","url":"https:\/\/www.tanalahorizon.com\/en\/","name":"Tanalahorizon - Madagaskar travels since 1995","description":"Your travel agency for Madagascar","publisher":{"@id":"https:\/\/www.tanalahorizon.com\/de\/#organization"},"potentialAction":[{"@type":"SearchAction","target":{"@type":"EntryPoint","urlTemplate":"https:\/\/www.tanalahorizon.com\/en\/?s={search_term_string}"},"query-input":{"@type":"PropertyValueSpecification","valueRequired":true,"valueName":"search_term_string"}}],"inLanguage":"en-US"},{"@type":"Organization","@id":"https:\/\/www.tanalahorizon.com\/de\/#organization","name":"TANALAHORIZON - Madagaskar-Reisen seit 1995","url":"https:\/\/www.tanalahorizon.com\/de\/","logo":{"@type":"ImageObject","inLanguage":"en-US","@id":"https:\/\/www.tanalahorizon.com\/de\/#\/schema\/logo\/image\/","url":"https:\/\/www.tanalahorizon.com\/wp-content\/uploads\/2015\/09\/logo2_300px.png","contentUrl":"https:\/\/www.tanalahorizon.com\/wp-content\/uploads\/2015\/09\/logo2_300px.png","width":300,"height":149,"caption":"TANALAHORIZON - Madagaskar-Reisen seit 1995"},"image":{"@id":"https:\/\/www.tanalahorizon.com\/de\/#\/schema\/logo\/image\/"},"sameAs":["https:\/\/www.facebook.com\/TANALAHORIZON","https:\/\/x.com\/tanalahorizon","https:\/\/www.youtube.com\/user\/TANALAHORIZON"]}]}},"_links":{"self":[{"href":"https:\/\/www.tanalahorizon.com\/en\/wp-json\/wp\/v2\/pages\/8760","targetHints":{"allow":["GET"]}}],"collection":[{"href":"https:\/\/www.tanalahorizon.com\/en\/wp-json\/wp\/v2\/pages"}],"about":[{"href":"https:\/\/www.tanalahorizon.com\/en\/wp-json\/wp\/v2\/types\/page"}],"author":[{"embeddable":true,"href":"https:\/\/www.tanalahorizon.com\/en\/wp-json\/wp\/v2\/users\/1"}],"replies":[{"embeddable":true,"href":"https:\/\/www.tanalahorizon.com\/en\/wp-json\/wp\/v2\/comments?post=8760"}],"version-history":[{"count":30,"href":"https:\/\/www.tanalahorizon.com\/en\/wp-json\/wp\/v2\/pages\/8760\/revisions"}],"predecessor-version":[{"id":9870,"href":"https:\/\/www.tanalahorizon.com\/en\/wp-json\/wp\/v2\/pages\/8760\/revisions\/9870"}],"wp:featuredmedia":[{"embeddable":true,"href":"https:\/\/www.tanalahorizon.com\/en\/wp-json\/wp\/v2\/media\/7010"}],"wp:attachment":[{"href":"https:\/\/www.tanalahorizon.com\/en\/wp-json\/wp\/v2\/media?parent=8760"}],"wp:term":[{"taxonomy":"category","embeddable":true,"href":"https:\/\/www.tanalahorizon.com\/en\/wp-json\/wp\/v2\/categories?post=8760"},{"taxonomy":"post_tag","embeddable":true,"href":"https:\/\/www.tanalahorizon.com\/en\/wp-json\/wp\/v2\/tags?post=8760"}],"curies":[{"name":"wp","href":"https:\/\/api.w.org\/{rel}","templated":true}]}}